{"id":85,"date":"2025-04-15T05:29:41","date_gmt":"2025-04-15T05:29:41","guid":{"rendered":"https:\/\/romantic-albattani.15-237-64-242.plesk.page\/?page_id=85"},"modified":"2025-04-21T07:51:26","modified_gmt":"2025-04-21T07:51:26","slug":"eau-salubrite-et-hygiene","status":"publish","type":"page","link":"https:\/\/romantic-albattani.15-237-64-242.plesk.page\/index.php\/que-faisons-nous\/domaines-de-sante\/eau-salubrite-et-hygiene\/","title":{"rendered":"Eau, salubrit\u00e9 et hygi\u00e8ne"},"content":{"rendered":"\t\t<div data-elementor-type=\"wp-page\" data-elementor-id=\"85\" class=\"elementor elementor-85\" data-elementor-post-type=\"page\">\n\t\t\t\t<div class=\"elementor-element elementor-element-b99e442 e-flex e-con-boxed e-con e-parent\" data-id=\"b99e442\" data-element_type=\"container\">\n\t\t\t\t\t<div class=\"e-con-inner\">\n\t\t\t\t<div class=\"elementor-element elementor-element-aad9916 elementor-widget elementor-widget-heading\" data-id=\"aad9916\" data-element_type=\"widget\" data-widget_type=\"heading.default\">\n\t\t\t\t<div class=\"elementor-widget-container\">\n\t\t\t\t\t<h2 class=\"elementor-heading-title elementor-size-default\">Eau, assainissement et hygi\u00e8ne <\/h2>\t\t\t\t<\/div>\n\t\t\t\t<\/div>\n\t\t\t\t<div class=\"elementor-element elementor-element-7bce3ed elementor-widget elementor-widget-image\" data-id=\"7bce3ed\" data-element_type=\"widget\" data-widget_type=\"image.default\">\n\t\t\t\t<div class=\"elementor-widget-container\">\n\t\t\t\t\t\t\t\t\t\t\t\t\t\t\t<img fetchpriority=\"high\" decoding=\"async\" width=\"800\" height=\"264\" src=\"https:\/\/romantic-albattani.15-237-64-242.plesk.page\/wp-content\/uploads\/2025\/04\/Placeholder-Image-1-1024x338.jpg\" class=\"attachment-large size-large wp-image-937\" alt=\"\" srcset=\"https:\/\/romantic-albattani.15-237-64-242.plesk.page\/wp-content\/uploads\/2025\/04\/Placeholder-Image-1-1024x338.jpg 1024w, https:\/\/romantic-albattani.15-237-64-242.plesk.page\/wp-content\/uploads\/2025\/04\/Placeholder-Image-1-300x99.jpg 300w, https:\/\/romantic-albattani.15-237-64-242.plesk.page\/wp-content\/uploads\/2025\/04\/Placeholder-Image-1-768x253.jpg 768w, https:\/\/romantic-albattani.15-237-64-242.plesk.page\/wp-content\/uploads\/2025\/04\/Placeholder-Image-1.jpg 1312w\" sizes=\"(max-width: 800px) 100vw, 800px\" \/>\t\t\t\t\t\t\t\t\t\t\t\t\t\t\t<\/div>\n\t\t\t\t<\/div>\n\t\t\t\t<div class=\"elementor-element elementor-element-c7b2a5d elementor-widget elementor-widget-text-editor\" data-id=\"c7b2a5d\" data-element_type=\"widget\" data-widget_type=\"text-editor.default\">\n\t\t\t\t<div class=\"elementor-widget-container\">\n\t\t\t\t\t\t\t\t\t<p>ACMS collabore avec les communaut\u00e9s locales, les gouvernements et des partenaires du secteur priv\u00e9 pour cr\u00e9er des syst\u00e8mes de march\u00e9 durables, garantissant des solutions accessibles, abordables et attrayantes, permettant aux populations de vivre plus heureuses et en meilleure sant\u00e9.<\/p>\t\t\t\t\t\t\t\t<\/div>\n\t\t\t\t<\/div>\n\t\t\t\t<div class=\"elementor-element elementor-element-ed4f05e elementor-widget elementor-widget-heading\" data-id=\"ed4f05e\" data-element_type=\"widget\" data-widget_type=\"heading.default\">\n\t\t\t\t<div class=\"elementor-widget-container\">\n\t\t\t\t\t<h3 class=\"elementor-heading-title elementor-size-default\">Notre approche pour transformer la sant\u00e9<\/h3>\t\t\t\t<\/div>\n\t\t\t\t<\/div>\n\t\t\t\t<div class=\"elementor-element elementor-element-fbc4d19 elementor-widget elementor-widget-heading\" data-id=\"fbc4d19\" data-element_type=\"widget\" data-widget_type=\"heading.default\">\n\t\t\t\t<div class=\"elementor-widget-container\">\n\t\t\t\t\t<h4 class=\"elementor-heading-title elementor-size-default\">Demande croissante de produits et services EAH<\/h4>\t\t\t\t<\/div>\n\t\t\t\t<\/div>\n\t\t\t\t<div class=\"elementor-element elementor-element-de4cf2e elementor-widget elementor-widget-text-editor\" data-id=\"de4cf2e\" data-element_type=\"widget\" data-widget_type=\"text-editor.default\">\n\t\t\t\t<div class=\"elementor-widget-container\">\n\t\t\t\t\t\t\t\t\t<p>Nous cr\u00e9ons une demande aupr\u00e8s des consommateurs en concevant des interventions bas\u00e9es sur leurs connaissances.<\/p>\t\t\t\t\t\t\t\t<\/div>\n\t\t\t\t<\/div>\n\t\t\t\t<div class=\"elementor-element elementor-element-6b1ee4f elementor-widget elementor-widget-heading\" data-id=\"6b1ee4f\" data-element_type=\"widget\" data-widget_type=\"heading.default\">\n\t\t\t\t<div class=\"elementor-widget-container\">\n\t\t\t\t\t<h4 class=\"elementor-heading-title elementor-size-default\">Renforcement des capacit\u00e9s locales<\/h4>\t\t\t\t<\/div>\n\t\t\t\t<\/div>\n\t\t\t\t<div class=\"elementor-element elementor-element-90bfa20 elementor-widget elementor-widget-text-editor\" data-id=\"90bfa20\" data-element_type=\"widget\" data-widget_type=\"text-editor.default\">\n\t\t\t\t<div class=\"elementor-widget-container\">\n\t\t\t\t\t\t\t\t\t<p>Nous nous engageons \u00e0 institutionnaliser nos approches au sein des organisations locales en collaborant avec les institutions de formation locales, les processus et programmes gouvernementaux et les organisations communautaires.<\/p>\t\t\t\t\t\t\t\t<\/div>\n\t\t\t\t<\/div>\n\t\t\t\t<div class=\"elementor-element elementor-element-c4d7e87 elementor-widget elementor-widget-text-editor\" data-id=\"c4d7e87\" data-element_type=\"widget\" data-widget_type=\"text-editor.default\">\n\t\t\t\t<div class=\"elementor-widget-container\">\n\t\t\t\t\t\t\t\t\t<p>L\u2019ACMS \u00e9duque les populations \u00e0 propos des causes de la diarrh\u00e9e et les maladies hydriques. Cela inclut la promotion du sel de r\u00e9hydratation Oral. Le kit de traitement de la diarrh\u00e9e Orasel Zinc recommand\u00e9 par l\u2019OMS et l\u2019UNICEF dans le cadre d&rsquo;un r\u00e9gime de traitement pour les enfants de moins de cinq ans.<\/p>\t\t\t\t\t\t\t\t<\/div>\n\t\t\t\t<\/div>\n\t\t\t\t\t<\/div>\n\t\t\t\t<\/div>\n\t\t\t\t<\/div>\n\t\t","protected":false},"excerpt":{"rendered":"<p>Eau, assainissement et hygi\u00e8ne ACMS collabore avec les communaut\u00e9s locales, les gouvernements et des partenaires du secteur priv\u00e9 pour cr\u00e9er des syst\u00e8mes de march\u00e9 durables, garantissant des solutions accessibles, abordables et attrayantes, permettant aux populations de vivre plus heureuses et en meilleure sant\u00e9. Notre approche pour transformer la sant\u00e9 Demande croissante de produits et services [&hellip;]<\/p>\n","protected":false},"author":1,"featured_media":0,"parent":75,"menu_order":0,"comment_status":"closed","ping_status":"closed","template":"","meta":{"footnotes":""},"class_list":["post-85","page","type-page","status-publish","hentry"],"yoast_head":"<!-- This site is optimized with the Yoast SEO plugin v24.8.1 - https:\/\/yoast.com\/wordpress\/plugins\/seo\/ -->\n<title>Eau, salubrit\u00e9 et hygi\u00e8ne - ACMS<\/title>\n<meta name=\"robots\" content=\"index, follow, max-snippet:-1, max-image-preview:large, max-video-preview:-1\" \/>\n<link rel=\"canonical\" href=\"https:\/\/romantic-albattani.15-237-64-242.plesk.page\/index.php\/que-faisons-nous\/domaines-de-sante\/eau-salubrite-et-hygiene\/\" \/>\n<meta property=\"og:locale\" content=\"fr_FR\" \/>\n<meta property=\"og:type\" content=\"article\" \/>\n<meta property=\"og:title\" content=\"Eau, salubrit\u00e9 et hygi\u00e8ne - ACMS\" \/>\n<meta property=\"og:description\" content=\"Eau, assainissement et hygi\u00e8ne ACMS collabore avec les communaut\u00e9s locales, les gouvernements et des partenaires du secteur priv\u00e9 pour cr\u00e9er des syst\u00e8mes de march\u00e9 durables, garantissant des solutions accessibles, abordables et attrayantes, permettant aux populations de vivre plus heureuses et en meilleure sant\u00e9. Notre approche pour transformer la sant\u00e9 Demande croissante de produits et services [&hellip;]\" \/>\n<meta property=\"og:url\" content=\"https:\/\/romantic-albattani.15-237-64-242.plesk.page\/index.php\/que-faisons-nous\/domaines-de-sante\/eau-salubrite-et-hygiene\/\" \/>\n<meta property=\"og:site_name\" content=\"ACMS\" \/>\n<meta property=\"article:publisher\" content=\"https:\/\/web.facebook.com\/Associationcamerounaisepourlemarketingsocial\/?_rdc=1&amp;_rdr#\" \/>\n<meta property=\"article:modified_time\" content=\"2025-04-21T07:51:26+00:00\" \/>\n<meta property=\"og:image\" content=\"https:\/\/romantic-albattani.15-237-64-242.plesk.page\/wp-content\/uploads\/2025\/04\/Placeholder-Image-1.jpg\" \/>\n\t<meta property=\"og:image:width\" content=\"1312\" \/>\n\t<meta property=\"og:image:height\" content=\"433\" \/>\n\t<meta property=\"og:image:type\" content=\"image\/jpeg\" \/>\n<meta name=\"twitter:card\" content=\"summary_large_image\" \/>\n<meta name=\"twitter:label1\" content=\"Dur\u00e9e de lecture estim\u00e9e\" \/>\n\t<meta name=\"twitter:data1\" content=\"2 minutes\" \/>\n<script type=\"application\/ld+json\" class=\"yoast-schema-graph\">{\"@context\":\"https:\/\/schema.org\",\"@graph\":[{\"@type\":\"WebPage\",\"@id\":\"https:\/\/romantic-albattani.15-237-64-242.plesk.page\/index.php\/que-faisons-nous\/domaines-de-sante\/eau-salubrite-et-hygiene\/\",\"url\":\"https:\/\/romantic-albattani.15-237-64-242.plesk.page\/index.php\/que-faisons-nous\/domaines-de-sante\/eau-salubrite-et-hygiene\/\",\"name\":\"Eau, salubrit\u00e9 et hygi\u00e8ne - ACMS\",\"isPartOf\":{\"@id\":\"https:\/\/romantic-albattani.15-237-64-242.plesk.page\/#website\"},\"primaryImageOfPage\":{\"@id\":\"https:\/\/romantic-albattani.15-237-64-242.plesk.page\/index.php\/que-faisons-nous\/domaines-de-sante\/eau-salubrite-et-hygiene\/#primaryimage\"},\"image\":{\"@id\":\"https:\/\/romantic-albattani.15-237-64-242.plesk.page\/index.php\/que-faisons-nous\/domaines-de-sante\/eau-salubrite-et-hygiene\/#primaryimage\"},\"thumbnailUrl\":\"https:\/\/romantic-albattani.15-237-64-242.plesk.page\/wp-content\/uploads\/2025\/04\/Placeholder-Image-1-1024x338.jpg\",\"datePublished\":\"2025-04-15T05:29:41+00:00\",\"dateModified\":\"2025-04-21T07:51:26+00:00\",\"breadcrumb\":{\"@id\":\"https:\/\/romantic-albattani.15-237-64-242.plesk.page\/index.php\/que-faisons-nous\/domaines-de-sante\/eau-salubrite-et-hygiene\/#breadcrumb\"},\"inLanguage\":\"fr-FR\",\"potentialAction\":[{\"@type\":\"ReadAction\",\"target\":[\"https:\/\/romantic-albattani.15-237-64-242.plesk.page\/index.php\/que-faisons-nous\/domaines-de-sante\/eau-salubrite-et-hygiene\/\"]}]},{\"@type\":\"ImageObject\",\"inLanguage\":\"fr-FR\",\"@id\":\"https:\/\/romantic-albattani.15-237-64-242.plesk.page\/index.php\/que-faisons-nous\/domaines-de-sante\/eau-salubrite-et-hygiene\/#primaryimage\",\"url\":\"https:\/\/romantic-albattani.15-237-64-242.plesk.page\/wp-content\/uploads\/2025\/04\/Placeholder-Image-1.jpg\",\"contentUrl\":\"https:\/\/romantic-albattani.15-237-64-242.plesk.page\/wp-content\/uploads\/2025\/04\/Placeholder-Image-1.jpg\",\"width\":1312,\"height\":433},{\"@type\":\"BreadcrumbList\",\"@id\":\"https:\/\/romantic-albattani.15-237-64-242.plesk.page\/index.php\/que-faisons-nous\/domaines-de-sante\/eau-salubrite-et-hygiene\/#breadcrumb\",\"itemListElement\":[{\"@type\":\"ListItem\",\"position\":1,\"name\":\"Accueil\",\"item\":\"https:\/\/romantic-albattani.15-237-64-242.plesk.page\/\"},{\"@type\":\"ListItem\",\"position\":2,\"name\":\"Que faisons-nous\",\"item\":\"https:\/\/romantic-albattani.15-237-64-242.plesk.page\/index.php\/que-faisons-nous\/\"},{\"@type\":\"ListItem\",\"position\":3,\"name\":\"Domaines de sant\u00e9\",\"item\":\"https:\/\/romantic-albattani.15-237-64-242.plesk.page\/index.php\/que-faisons-nous\/domaines-de-sante\/\"},{\"@type\":\"ListItem\",\"position\":4,\"name\":\"Eau, salubrit\u00e9 et hygi\u00e8ne\"}]},{\"@type\":\"WebSite\",\"@id\":\"https:\/\/romantic-albattani.15-237-64-242.plesk.page\/#website\",\"url\":\"https:\/\/romantic-albattani.15-237-64-242.plesk.page\/\",\"name\":\"ACMS\",\"description\":\"\",\"publisher\":{\"@id\":\"https:\/\/romantic-albattani.15-237-64-242.plesk.page\/#organization\"},\"potentialAction\":[{\"@type\":\"SearchAction\",\"target\":{\"@type\":\"EntryPoint\",\"urlTemplate\":\"https:\/\/romantic-albattani.15-237-64-242.plesk.page\/?s={search_term_string}\"},\"query-input\":{\"@type\":\"PropertyValueSpecification\",\"valueRequired\":true,\"valueName\":\"search_term_string\"}}],\"inLanguage\":\"fr-FR\"},{\"@type\":\"Organization\",\"@id\":\"https:\/\/romantic-albattani.15-237-64-242.plesk.page\/#organization\",\"name\":\"ACMS\",\"url\":\"https:\/\/romantic-albattani.15-237-64-242.plesk.page\/\",\"logo\":{\"@type\":\"ImageObject\",\"inLanguage\":\"fr-FR\",\"@id\":\"https:\/\/romantic-albattani.15-237-64-242.plesk.page\/#\/schema\/logo\/image\/\",\"url\":\"https:\/\/romantic-albattani.15-237-64-242.plesk.page\/wp-content\/uploads\/2025\/04\/Logo-big.png\",\"contentUrl\":\"https:\/\/romantic-albattani.15-237-64-242.plesk.page\/wp-content\/uploads\/2025\/04\/Logo-big.png\",\"width\":487,\"height\":315,\"caption\":\"ACMS\"},\"image\":{\"@id\":\"https:\/\/romantic-albattani.15-237-64-242.plesk.page\/#\/schema\/logo\/image\/\"},\"sameAs\":[\"https:\/\/web.facebook.com\/Associationcamerounaisepourlemarketingsocial\/?_rdc=1&_rdr#\"]}]}<\/script>\n<!-- \/ Yoast SEO plugin. -->","yoast_head_json":{"title":"Eau, salubrit\u00e9 et hygi\u00e8ne - ACMS","robots":{"index":"index","follow":"follow","max-snippet":"max-snippet:-1","max-image-preview":"max-image-preview:large","max-video-preview":"max-video-preview:-1"},"canonical":"https:\/\/romantic-albattani.15-237-64-242.plesk.page\/index.php\/que-faisons-nous\/domaines-de-sante\/eau-salubrite-et-hygiene\/","og_locale":"fr_FR","og_type":"article","og_title":"Eau, salubrit\u00e9 et hygi\u00e8ne - ACMS","og_description":"Eau, assainissement et hygi\u00e8ne ACMS collabore avec les communaut\u00e9s locales, les gouvernements et des partenaires du secteur priv\u00e9 pour cr\u00e9er des syst\u00e8mes de march\u00e9 durables, garantissant des solutions accessibles, abordables et attrayantes, permettant aux populations de vivre plus heureuses et en meilleure sant\u00e9. Notre approche pour transformer la sant\u00e9 Demande croissante de produits et services [&hellip;]","og_url":"https:\/\/romantic-albattani.15-237-64-242.plesk.page\/index.php\/que-faisons-nous\/domaines-de-sante\/eau-salubrite-et-hygiene\/","og_site_name":"ACMS","article_publisher":"https:\/\/web.facebook.com\/Associationcamerounaisepourlemarketingsocial\/?_rdc=1&_rdr#","article_modified_time":"2025-04-21T07:51:26+00:00","og_image":[{"width":1312,"height":433,"url":"https:\/\/romantic-albattani.15-237-64-242.plesk.page\/wp-content\/uploads\/2025\/04\/Placeholder-Image-1.jpg","type":"image\/jpeg"}],"twitter_card":"summary_large_image","twitter_misc":{"Dur\u00e9e de lecture estim\u00e9e":"2 minutes"},"schema":{"@context":"https:\/\/schema.org","@graph":[{"@type":"WebPage","@id":"https:\/\/romantic-albattani.15-237-64-242.plesk.page\/index.php\/que-faisons-nous\/domaines-de-sante\/eau-salubrite-et-hygiene\/","url":"https:\/\/romantic-albattani.15-237-64-242.plesk.page\/index.php\/que-faisons-nous\/domaines-de-sante\/eau-salubrite-et-hygiene\/","name":"Eau, salubrit\u00e9 et hygi\u00e8ne - ACMS","isPartOf":{"@id":"https:\/\/romantic-albattani.15-237-64-242.plesk.page\/#website"},"primaryImageOfPage":{"@id":"https:\/\/romantic-albattani.15-237-64-242.plesk.page\/index.php\/que-faisons-nous\/domaines-de-sante\/eau-salubrite-et-hygiene\/#primaryimage"},"image":{"@id":"https:\/\/romantic-albattani.15-237-64-242.plesk.page\/index.php\/que-faisons-nous\/domaines-de-sante\/eau-salubrite-et-hygiene\/#primaryimage"},"thumbnailUrl":"https:\/\/romantic-albattani.15-237-64-242.plesk.page\/wp-content\/uploads\/2025\/04\/Placeholder-Image-1-1024x338.jpg","datePublished":"2025-04-15T05:29:41+00:00","dateModified":"2025-04-21T07:51:26+00:00","breadcrumb":{"@id":"https:\/\/romantic-albattani.15-237-64-242.plesk.page\/index.php\/que-faisons-nous\/domaines-de-sante\/eau-salubrite-et-hygiene\/#breadcrumb"},"inLanguage":"fr-FR","potentialAction":[{"@type":"ReadAction","target":["https:\/\/romantic-albattani.15-237-64-242.plesk.page\/index.php\/que-faisons-nous\/domaines-de-sante\/eau-salubrite-et-hygiene\/"]}]},{"@type":"ImageObject","inLanguage":"fr-FR","@id":"https:\/\/romantic-albattani.15-237-64-242.plesk.page\/index.php\/que-faisons-nous\/domaines-de-sante\/eau-salubrite-et-hygiene\/#primaryimage","url":"https:\/\/romantic-albattani.15-237-64-242.plesk.page\/wp-content\/uploads\/2025\/04\/Placeholder-Image-1.jpg","contentUrl":"https:\/\/romantic-albattani.15-237-64-242.plesk.page\/wp-content\/uploads\/2025\/04\/Placeholder-Image-1.jpg","width":1312,"height":433},{"@type":"BreadcrumbList","@id":"https:\/\/romantic-albattani.15-237-64-242.plesk.page\/index.php\/que-faisons-nous\/domaines-de-sante\/eau-salubrite-et-hygiene\/#breadcrumb","itemListElement":[{"@type":"ListItem","position":1,"name":"Accueil","item":"https:\/\/romantic-albattani.15-237-64-242.plesk.page\/"},{"@type":"ListItem","position":2,"name":"Que faisons-nous","item":"https:\/\/romantic-albattani.15-237-64-242.plesk.page\/index.php\/que-faisons-nous\/"},{"@type":"ListItem","position":3,"name":"Domaines de sant\u00e9","item":"https:\/\/romantic-albattani.15-237-64-242.plesk.page\/index.php\/que-faisons-nous\/domaines-de-sante\/"},{"@type":"ListItem","position":4,"name":"Eau, salubrit\u00e9 et hygi\u00e8ne"}]},{"@type":"WebSite","@id":"https:\/\/romantic-albattani.15-237-64-242.plesk.page\/#website","url":"https:\/\/romantic-albattani.15-237-64-242.plesk.page\/","name":"ACMS","description":"","publisher":{"@id":"https:\/\/romantic-albattani.15-237-64-242.plesk.page\/#organization"},"potentialAction":[{"@type":"SearchAction","target":{"@type":"EntryPoint","urlTemplate":"https:\/\/romantic-albattani.15-237-64-242.plesk.page\/?s={search_term_string}"},"query-input":{"@type":"PropertyValueSpecification","valueRequired":true,"valueName":"search_term_string"}}],"inLanguage":"fr-FR"},{"@type":"Organization","@id":"https:\/\/romantic-albattani.15-237-64-242.plesk.page\/#organization","name":"ACMS","url":"https:\/\/romantic-albattani.15-237-64-242.plesk.page\/","logo":{"@type":"ImageObject","inLanguage":"fr-FR","@id":"https:\/\/romantic-albattani.15-237-64-242.plesk.page\/#\/schema\/logo\/image\/","url":"https:\/\/romantic-albattani.15-237-64-242.plesk.page\/wp-content\/uploads\/2025\/04\/Logo-big.png","contentUrl":"https:\/\/romantic-albattani.15-237-64-242.plesk.page\/wp-content\/uploads\/2025\/04\/Logo-big.png","width":487,"height":315,"caption":"ACMS"},"image":{"@id":"https:\/\/romantic-albattani.15-237-64-242.plesk.page\/#\/schema\/logo\/image\/"},"sameAs":["https:\/\/web.facebook.com\/Associationcamerounaisepourlemarketingsocial\/?_rdc=1&_rdr#"]}]}},"_links":{"self":[{"href":"https:\/\/romantic-albattani.15-237-64-242.plesk.page\/index.php\/wp-json\/wp\/v2\/pages\/85","targetHints":{"allow":["GET"]}}],"collection":[{"href":"https:\/\/romantic-albattani.15-237-64-242.plesk.page\/index.php\/wp-json\/wp\/v2\/pages"}],"about":[{"href":"https:\/\/romantic-albattani.15-237-64-242.plesk.page\/index.php\/wp-json\/wp\/v2\/types\/page"}],"author":[{"embeddable":true,"href":"https:\/\/romantic-albattani.15-237-64-242.plesk.page\/index.php\/wp-json\/wp\/v2\/users\/1"}],"replies":[{"embeddable":true,"href":"https:\/\/romantic-albattani.15-237-64-242.plesk.page\/index.php\/wp-json\/wp\/v2\/comments?post=85"}],"version-history":[{"count":4,"href":"https:\/\/romantic-albattani.15-237-64-242.plesk.page\/index.php\/wp-json\/wp\/v2\/pages\/85\/revisions"}],"predecessor-version":[{"id":975,"href":"https:\/\/romantic-albattani.15-237-64-242.plesk.page\/index.php\/wp-json\/wp\/v2\/pages\/85\/revisions\/975"}],"up":[{"embeddable":true,"href":"https:\/\/romantic-albattani.15-237-64-242.plesk.page\/index.php\/wp-json\/wp\/v2\/pages\/75"}],"wp:attachment":[{"href":"https:\/\/romantic-albattani.15-237-64-242.plesk.page\/index.php\/wp-json\/wp\/v2\/media?parent=85"}],"curies":[{"name":"wp","href":"https:\/\/api.w.org\/{rel}","templated":true}]}}