{"id":72,"date":"2025-04-15T05:27:14","date_gmt":"2025-04-15T05:27:14","guid":{"rendered":"https:\/\/romantic-albattani.15-237-64-242.plesk.page\/?page_id=72"},"modified":"2025-04-28T06:20:19","modified_gmt":"2025-04-28T06:20:19","slug":"securite-sanitaire-et-preparation-aux-pandemies","status":"publish","type":"page","link":"https:\/\/romantic-albattani.15-237-64-242.plesk.page\/index.php\/que-faisons-nous\/activites-transversales\/securite-sanitaire-et-preparation-aux-pandemies\/","title":{"rendered":"S\u00e9curit\u00e9 sanitaire et pr\u00e9paration aux pand\u00e9mies"},"content":{"rendered":"\t\t<div data-elementor-type=\"wp-page\" data-elementor-id=\"72\" class=\"elementor elementor-72\" data-elementor-post-type=\"page\">\n\t\t\t\t<div class=\"elementor-element elementor-element-534d8e4 e-flex e-con-boxed e-con e-parent\" data-id=\"534d8e4\" data-element_type=\"container\">\n\t\t\t\t\t<div class=\"e-con-inner\">\n\t\t\t\t<div class=\"elementor-element elementor-element-4855ed7 elementor-widget elementor-widget-heading\" data-id=\"4855ed7\" data-element_type=\"widget\" data-widget_type=\"heading.default\">\n\t\t\t\t<div class=\"elementor-widget-container\">\n\t\t\t\t\t<h2 class=\"elementor-heading-title elementor-size-default\">S\u00e9curit\u00e9 sanitaire et pr\u00e9paration aux pand\u00e9mies<\/h2>\t\t\t\t<\/div>\n\t\t\t\t<\/div>\n\t\t\t\t<div class=\"elementor-element elementor-element-cb0461a elementor-widget elementor-widget-image\" data-id=\"cb0461a\" data-element_type=\"widget\" data-widget_type=\"image.default\">\n\t\t\t\t<div class=\"elementor-widget-container\">\n\t\t\t\t\t\t\t\t\t\t\t\t\t\t\t<img fetchpriority=\"high\" decoding=\"async\" width=\"800\" height=\"264\" src=\"https:\/\/romantic-albattani.15-237-64-242.plesk.page\/wp-content\/uploads\/2025\/04\/Renforcement-du-Systeme-de-Sante-1024x338.jpg\" class=\"attachment-large size-large wp-image-977\" alt=\"\" srcset=\"https:\/\/romantic-albattani.15-237-64-242.plesk.page\/wp-content\/uploads\/2025\/04\/Renforcement-du-Systeme-de-Sante-1024x338.jpg 1024w, https:\/\/romantic-albattani.15-237-64-242.plesk.page\/wp-content\/uploads\/2025\/04\/Renforcement-du-Systeme-de-Sante-300x99.jpg 300w, https:\/\/romantic-albattani.15-237-64-242.plesk.page\/wp-content\/uploads\/2025\/04\/Renforcement-du-Systeme-de-Sante-768x253.jpg 768w, https:\/\/romantic-albattani.15-237-64-242.plesk.page\/wp-content\/uploads\/2025\/04\/Renforcement-du-Systeme-de-Sante.jpg 1312w\" sizes=\"(max-width: 800px) 100vw, 800px\" \/>\t\t\t\t\t\t\t\t\t\t\t\t\t\t\t<\/div>\n\t\t\t\t<\/div>\n\t\t\t\t<div class=\"elementor-element elementor-element-ab2fec8 elementor-widget elementor-widget-heading\" data-id=\"ab2fec8\" data-element_type=\"widget\" data-widget_type=\"heading.default\">\n\t\t\t\t<div class=\"elementor-widget-container\">\n\t\t\t\t\t<h3 class=\"elementor-heading-title elementor-size-default\">Pr\u00e9voir et pr\u00e9venir les futures pand\u00e9mies<\/h3>\t\t\t\t<\/div>\n\t\t\t\t<\/div>\n\t\t\t\t<div class=\"elementor-element elementor-element-de2838e elementor-widget elementor-widget-text-editor\" data-id=\"de2838e\" data-element_type=\"widget\" data-widget_type=\"text-editor.default\">\n\t\t\t\t<div class=\"elementor-widget-container\">\n\t\t\t\t\t\t\t\t\t<p>Des strat\u00e9gies de pr\u00e9vention efficaces, une d\u00e9tection pr\u00e9coce et un endiguement rapide sont essentiels pour enrayer les \u00e9pid\u00e9mies d\u00e8s le d\u00e9but, et n\u00e9cessitent une participation, une coordination et une communication actives au sein des communaut\u00e9s, ainsi qu&rsquo;entre les prestataires de soins de sant\u00e9 et les autorit\u00e9s de sant\u00e9 publique.<\/p><p>Nous nous appuyons sur pr\u00e8s de 30 ans d&rsquo;exp\u00e9rience en mati\u00e8re de production de donn\u00e9es probantes, d&rsquo;interventions sociales et de changement de comportement, d&rsquo;engagement des secteurs priv\u00e9 et public et de solutions num\u00e9riques pour concevoir des approches efficaces et adapt\u00e9es en vue d&rsquo;am\u00e9liorer la s\u00e9curit\u00e9 sanitaire et de se pr\u00e9parer \u00e0 de futures pand\u00e9mies.<\/p>\t\t\t\t\t\t\t\t<\/div>\n\t\t\t\t<\/div>\n\t\t\t\t<div class=\"elementor-element elementor-element-8012c9e elementor-widget elementor-widget-heading\" data-id=\"8012c9e\" data-element_type=\"widget\" data-widget_type=\"heading.default\">\n\t\t\t\t<div class=\"elementor-widget-container\">\n\t\t\t\t\t<h3 class=\"elementor-heading-title elementor-size-default\">Renforcer les syst\u00e8mes de sant\u00e9<\/h3>\t\t\t\t<\/div>\n\t\t\t\t<\/div>\n\t\t\t\t<div class=\"elementor-element elementor-element-8f61854 elementor-widget elementor-widget-text-editor\" data-id=\"8f61854\" data-element_type=\"widget\" data-widget_type=\"text-editor.default\">\n\t\t\t\t<div class=\"elementor-widget-container\">\n\t\t\t\t\t\t\t\t\t<p>En travaillant en \u00e9troite collaboration avec les minist\u00e8res de la sant\u00e9, nous int\u00e9grons la s\u00e9curit\u00e9 sanitaire dans les plans nationaux de sant\u00e9, garantissant ainsi des r\u00e9ponses rapides et coordonn\u00e9es aux menaces \u00e9mergentes.<\/p>\t\t\t\t\t\t\t\t<\/div>\n\t\t\t\t<\/div>\n\t\t\t\t<div class=\"elementor-element elementor-element-9fc3137 elementor-widget elementor-widget-heading\" data-id=\"9fc3137\" data-element_type=\"widget\" data-widget_type=\"heading.default\">\n\t\t\t\t<div class=\"elementor-widget-container\">\n\t\t\t\t\t<h3 class=\"elementor-heading-title elementor-size-default\">Renforcer les capacit\u00e9s d'intervention en cas d'urgence<\/h3>\t\t\t\t<\/div>\n\t\t\t\t<\/div>\n\t\t\t\t<div class=\"elementor-element elementor-element-bc4b012 elementor-widget elementor-widget-text-editor\" data-id=\"bc4b012\" data-element_type=\"widget\" data-widget_type=\"text-editor.default\">\n\t\t\t\t<div class=\"elementor-widget-container\">\n\t\t\t\t\t\t\t\t\t<p>Gr\u00e2ce \u00e0 des strat\u00e9gies de communication visant \u00e0 modifier les comportements sociaux, nous contribuons \u00e0 lutter contre la d\u00e9sinformation et \u00e0 renforcer la pr\u00e9paration du personnel de sant\u00e9 de premi\u00e8re ligne.<\/p>\t\t\t\t\t\t\t\t<\/div>\n\t\t\t\t<\/div>\n\t\t\t\t<div class=\"elementor-element elementor-element-3fdb2a6 elementor-widget elementor-widget-heading\" data-id=\"3fdb2a6\" data-element_type=\"widget\" data-widget_type=\"heading.default\">\n\t\t\t\t<div class=\"elementor-widget-container\">\n\t\t\t\t\t<h3 class=\"elementor-heading-title elementor-size-default\">Impliquer les communaut\u00e9s dans la d\u00e9tection et la r\u00e9ponse pr\u00e9coces<\/h3>\t\t\t\t<\/div>\n\t\t\t\t<\/div>\n\t\t\t\t<div class=\"elementor-element elementor-element-ead92e4 elementor-widget elementor-widget-text-editor\" data-id=\"ead92e4\" data-element_type=\"widget\" data-widget_type=\"text-editor.default\">\n\t\t\t\t<div class=\"elementor-widget-container\">\n\t\t\t\t\t\t\t\t\t<p>Les \u00e9pid\u00e9mies ont toutes un point commun : elles commencent et se terminent au sein de la communaut\u00e9. Nous travaillons avec les autorit\u00e9s sanitaires centrales, r\u00e9gionales et de district pour renforcer les capacit\u00e9s locales de surveillance, d&rsquo;investigation et de r\u00e9ponse aux maladies. L&rsquo;implication des membres de la communaut\u00e9 d\u00e8s le d\u00e9but favorise la confiance, am\u00e9liore la d\u00e9tection pr\u00e9coce des \u00e9pid\u00e9mies et garantit une r\u00e9ponse plus r\u00e9siliente aux menaces pour la sant\u00e9 publique<\/p>\t\t\t\t\t\t\t\t<\/div>\n\t\t\t\t<\/div>\n\t\t\t\t\t<\/div>\n\t\t\t\t<\/div>\n\t\t\t\t<\/div>\n\t\t","protected":false},"excerpt":{"rendered":"<p>S\u00e9curit\u00e9 sanitaire et pr\u00e9paration aux pand\u00e9mies Pr\u00e9voir et pr\u00e9venir les futures pand\u00e9mies Des strat\u00e9gies de pr\u00e9vention efficaces, une d\u00e9tection pr\u00e9coce et un endiguement rapide sont essentiels pour enrayer les \u00e9pid\u00e9mies d\u00e8s le d\u00e9but, et n\u00e9cessitent une participation, une coordination et une communication actives au sein des communaut\u00e9s, ainsi qu&rsquo;entre les prestataires de soins de sant\u00e9 [&hellip;]<\/p>\n","protected":false},"author":1,"featured_media":0,"parent":62,"menu_order":0,"comment_status":"closed","ping_status":"closed","template":"","meta":{"footnotes":""},"class_list":["post-72","page","type-page","status-publish","hentry"],"yoast_head":"<!-- This site is optimized with the Yoast SEO plugin v24.8.1 - https:\/\/yoast.com\/wordpress\/plugins\/seo\/ -->\n<title>S\u00e9curit\u00e9 sanitaire et pr\u00e9paration aux pand\u00e9mies - ACMS<\/title>\n<meta name=\"robots\" content=\"index, follow, max-snippet:-1, max-image-preview:large, max-video-preview:-1\" \/>\n<link rel=\"canonical\" href=\"https:\/\/romantic-albattani.15-237-64-242.plesk.page\/index.php\/que-faisons-nous\/activites-transversales\/securite-sanitaire-et-preparation-aux-pandemies\/\" \/>\n<meta property=\"og:locale\" content=\"fr_FR\" \/>\n<meta property=\"og:type\" content=\"article\" \/>\n<meta property=\"og:title\" content=\"S\u00e9curit\u00e9 sanitaire et pr\u00e9paration aux pand\u00e9mies - ACMS\" \/>\n<meta property=\"og:description\" content=\"S\u00e9curit\u00e9 sanitaire et pr\u00e9paration aux pand\u00e9mies Pr\u00e9voir et pr\u00e9venir les futures pand\u00e9mies Des strat\u00e9gies de pr\u00e9vention efficaces, une d\u00e9tection pr\u00e9coce et un endiguement rapide sont essentiels pour enrayer les \u00e9pid\u00e9mies d\u00e8s le d\u00e9but, et n\u00e9cessitent une participation, une coordination et une communication actives au sein des communaut\u00e9s, ainsi qu&rsquo;entre les prestataires de soins de sant\u00e9 [&hellip;]\" \/>\n<meta property=\"og:url\" content=\"https:\/\/romantic-albattani.15-237-64-242.plesk.page\/index.php\/que-faisons-nous\/activites-transversales\/securite-sanitaire-et-preparation-aux-pandemies\/\" \/>\n<meta property=\"og:site_name\" content=\"ACMS\" \/>\n<meta property=\"article:publisher\" content=\"https:\/\/web.facebook.com\/Associationcamerounaisepourlemarketingsocial\/?_rdc=1&amp;_rdr#\" \/>\n<meta property=\"article:modified_time\" content=\"2025-04-28T06:20:19+00:00\" \/>\n<meta property=\"og:image\" content=\"https:\/\/romantic-albattani.15-237-64-242.plesk.page\/wp-content\/uploads\/2025\/04\/Renforcement-du-Systeme-de-Sante.jpg\" \/>\n\t<meta property=\"og:image:width\" content=\"1312\" \/>\n\t<meta property=\"og:image:height\" content=\"433\" \/>\n\t<meta property=\"og:image:type\" content=\"image\/jpeg\" \/>\n<meta name=\"twitter:card\" content=\"summary_large_image\" \/>\n<meta name=\"twitter:label1\" content=\"Dur\u00e9e de lecture estim\u00e9e\" \/>\n\t<meta name=\"twitter:data1\" content=\"2 minutes\" \/>\n<script type=\"application\/ld+json\" class=\"yoast-schema-graph\">{\"@context\":\"https:\/\/schema.org\",\"@graph\":[{\"@type\":\"WebPage\",\"@id\":\"https:\/\/romantic-albattani.15-237-64-242.plesk.page\/index.php\/que-faisons-nous\/activites-transversales\/securite-sanitaire-et-preparation-aux-pandemies\/\",\"url\":\"https:\/\/romantic-albattani.15-237-64-242.plesk.page\/index.php\/que-faisons-nous\/activites-transversales\/securite-sanitaire-et-preparation-aux-pandemies\/\",\"name\":\"S\u00e9curit\u00e9 sanitaire et pr\u00e9paration aux pand\u00e9mies - ACMS\",\"isPartOf\":{\"@id\":\"https:\/\/romantic-albattani.15-237-64-242.plesk.page\/#website\"},\"primaryImageOfPage\":{\"@id\":\"https:\/\/romantic-albattani.15-237-64-242.plesk.page\/index.php\/que-faisons-nous\/activites-transversales\/securite-sanitaire-et-preparation-aux-pandemies\/#primaryimage\"},\"image\":{\"@id\":\"https:\/\/romantic-albattani.15-237-64-242.plesk.page\/index.php\/que-faisons-nous\/activites-transversales\/securite-sanitaire-et-preparation-aux-pandemies\/#primaryimage\"},\"thumbnailUrl\":\"https:\/\/romantic-albattani.15-237-64-242.plesk.page\/wp-content\/uploads\/2025\/04\/Renforcement-du-Systeme-de-Sante-1024x338.jpg\",\"datePublished\":\"2025-04-15T05:27:14+00:00\",\"dateModified\":\"2025-04-28T06:20:19+00:00\",\"breadcrumb\":{\"@id\":\"https:\/\/romantic-albattani.15-237-64-242.plesk.page\/index.php\/que-faisons-nous\/activites-transversales\/securite-sanitaire-et-preparation-aux-pandemies\/#breadcrumb\"},\"inLanguage\":\"fr-FR\",\"potentialAction\":[{\"@type\":\"ReadAction\",\"target\":[\"https:\/\/romantic-albattani.15-237-64-242.plesk.page\/index.php\/que-faisons-nous\/activites-transversales\/securite-sanitaire-et-preparation-aux-pandemies\/\"]}]},{\"@type\":\"ImageObject\",\"inLanguage\":\"fr-FR\",\"@id\":\"https:\/\/romantic-albattani.15-237-64-242.plesk.page\/index.php\/que-faisons-nous\/activites-transversales\/securite-sanitaire-et-preparation-aux-pandemies\/#primaryimage\",\"url\":\"https:\/\/romantic-albattani.15-237-64-242.plesk.page\/wp-content\/uploads\/2025\/04\/Renforcement-du-Systeme-de-Sante.jpg\",\"contentUrl\":\"https:\/\/romantic-albattani.15-237-64-242.plesk.page\/wp-content\/uploads\/2025\/04\/Renforcement-du-Systeme-de-Sante.jpg\",\"width\":1312,\"height\":433},{\"@type\":\"BreadcrumbList\",\"@id\":\"https:\/\/romantic-albattani.15-237-64-242.plesk.page\/index.php\/que-faisons-nous\/activites-transversales\/securite-sanitaire-et-preparation-aux-pandemies\/#breadcrumb\",\"itemListElement\":[{\"@type\":\"ListItem\",\"position\":1,\"name\":\"Accueil\",\"item\":\"https:\/\/romantic-albattani.15-237-64-242.plesk.page\/\"},{\"@type\":\"ListItem\",\"position\":2,\"name\":\"Que faisons-nous\",\"item\":\"https:\/\/romantic-albattani.15-237-64-242.plesk.page\/index.php\/que-faisons-nous\/\"},{\"@type\":\"ListItem\",\"position\":3,\"name\":\"Activit\u00e9s transversales\",\"item\":\"https:\/\/romantic-albattani.15-237-64-242.plesk.page\/index.php\/que-faisons-nous\/activites-transversales\/\"},{\"@type\":\"ListItem\",\"position\":4,\"name\":\"S\u00e9curit\u00e9 sanitaire et pr\u00e9paration aux pand\u00e9mies\"}]},{\"@type\":\"WebSite\",\"@id\":\"https:\/\/romantic-albattani.15-237-64-242.plesk.page\/#website\",\"url\":\"https:\/\/romantic-albattani.15-237-64-242.plesk.page\/\",\"name\":\"ACMS\",\"description\":\"\",\"publisher\":{\"@id\":\"https:\/\/romantic-albattani.15-237-64-242.plesk.page\/#organization\"},\"potentialAction\":[{\"@type\":\"SearchAction\",\"target\":{\"@type\":\"EntryPoint\",\"urlTemplate\":\"https:\/\/romantic-albattani.15-237-64-242.plesk.page\/?s={search_term_string}\"},\"query-input\":{\"@type\":\"PropertyValueSpecification\",\"valueRequired\":true,\"valueName\":\"search_term_string\"}}],\"inLanguage\":\"fr-FR\"},{\"@type\":\"Organization\",\"@id\":\"https:\/\/romantic-albattani.15-237-64-242.plesk.page\/#organization\",\"name\":\"ACMS\",\"url\":\"https:\/\/romantic-albattani.15-237-64-242.plesk.page\/\",\"logo\":{\"@type\":\"ImageObject\",\"inLanguage\":\"fr-FR\",\"@id\":\"https:\/\/romantic-albattani.15-237-64-242.plesk.page\/#\/schema\/logo\/image\/\",\"url\":\"https:\/\/romantic-albattani.15-237-64-242.plesk.page\/wp-content\/uploads\/2025\/04\/Logo-big.png\",\"contentUrl\":\"https:\/\/romantic-albattani.15-237-64-242.plesk.page\/wp-content\/uploads\/2025\/04\/Logo-big.png\",\"width\":487,\"height\":315,\"caption\":\"ACMS\"},\"image\":{\"@id\":\"https:\/\/romantic-albattani.15-237-64-242.plesk.page\/#\/schema\/logo\/image\/\"},\"sameAs\":[\"https:\/\/web.facebook.com\/Associationcamerounaisepourlemarketingsocial\/?_rdc=1&_rdr#\"]}]}<\/script>\n<!-- \/ Yoast SEO plugin. -->","yoast_head_json":{"title":"S\u00e9curit\u00e9 sanitaire et pr\u00e9paration aux pand\u00e9mies - ACMS","robots":{"index":"index","follow":"follow","max-snippet":"max-snippet:-1","max-image-preview":"max-image-preview:large","max-video-preview":"max-video-preview:-1"},"canonical":"https:\/\/romantic-albattani.15-237-64-242.plesk.page\/index.php\/que-faisons-nous\/activites-transversales\/securite-sanitaire-et-preparation-aux-pandemies\/","og_locale":"fr_FR","og_type":"article","og_title":"S\u00e9curit\u00e9 sanitaire et pr\u00e9paration aux pand\u00e9mies - ACMS","og_description":"S\u00e9curit\u00e9 sanitaire et pr\u00e9paration aux pand\u00e9mies Pr\u00e9voir et pr\u00e9venir les futures pand\u00e9mies Des strat\u00e9gies de pr\u00e9vention efficaces, une d\u00e9tection pr\u00e9coce et un endiguement rapide sont essentiels pour enrayer les \u00e9pid\u00e9mies d\u00e8s le d\u00e9but, et n\u00e9cessitent une participation, une coordination et une communication actives au sein des communaut\u00e9s, ainsi qu&rsquo;entre les prestataires de soins de sant\u00e9 [&hellip;]","og_url":"https:\/\/romantic-albattani.15-237-64-242.plesk.page\/index.php\/que-faisons-nous\/activites-transversales\/securite-sanitaire-et-preparation-aux-pandemies\/","og_site_name":"ACMS","article_publisher":"https:\/\/web.facebook.com\/Associationcamerounaisepourlemarketingsocial\/?_rdc=1&_rdr#","article_modified_time":"2025-04-28T06:20:19+00:00","og_image":[{"width":1312,"height":433,"url":"https:\/\/romantic-albattani.15-237-64-242.plesk.page\/wp-content\/uploads\/2025\/04\/Renforcement-du-Systeme-de-Sante.jpg","type":"image\/jpeg"}],"twitter_card":"summary_large_image","twitter_misc":{"Dur\u00e9e de lecture estim\u00e9e":"2 minutes"},"schema":{"@context":"https:\/\/schema.org","@graph":[{"@type":"WebPage","@id":"https:\/\/romantic-albattani.15-237-64-242.plesk.page\/index.php\/que-faisons-nous\/activites-transversales\/securite-sanitaire-et-preparation-aux-pandemies\/","url":"https:\/\/romantic-albattani.15-237-64-242.plesk.page\/index.php\/que-faisons-nous\/activites-transversales\/securite-sanitaire-et-preparation-aux-pandemies\/","name":"S\u00e9curit\u00e9 sanitaire et pr\u00e9paration aux pand\u00e9mies - ACMS","isPartOf":{"@id":"https:\/\/romantic-albattani.15-237-64-242.plesk.page\/#website"},"primaryImageOfPage":{"@id":"https:\/\/romantic-albattani.15-237-64-242.plesk.page\/index.php\/que-faisons-nous\/activites-transversales\/securite-sanitaire-et-preparation-aux-pandemies\/#primaryimage"},"image":{"@id":"https:\/\/romantic-albattani.15-237-64-242.plesk.page\/index.php\/que-faisons-nous\/activites-transversales\/securite-sanitaire-et-preparation-aux-pandemies\/#primaryimage"},"thumbnailUrl":"https:\/\/romantic-albattani.15-237-64-242.plesk.page\/wp-content\/uploads\/2025\/04\/Renforcement-du-Systeme-de-Sante-1024x338.jpg","datePublished":"2025-04-15T05:27:14+00:00","dateModified":"2025-04-28T06:20:19+00:00","breadcrumb":{"@id":"https:\/\/romantic-albattani.15-237-64-242.plesk.page\/index.php\/que-faisons-nous\/activites-transversales\/securite-sanitaire-et-preparation-aux-pandemies\/#breadcrumb"},"inLanguage":"fr-FR","potentialAction":[{"@type":"ReadAction","target":["https:\/\/romantic-albattani.15-237-64-242.plesk.page\/index.php\/que-faisons-nous\/activites-transversales\/securite-sanitaire-et-preparation-aux-pandemies\/"]}]},{"@type":"ImageObject","inLanguage":"fr-FR","@id":"https:\/\/romantic-albattani.15-237-64-242.plesk.page\/index.php\/que-faisons-nous\/activites-transversales\/securite-sanitaire-et-preparation-aux-pandemies\/#primaryimage","url":"https:\/\/romantic-albattani.15-237-64-242.plesk.page\/wp-content\/uploads\/2025\/04\/Renforcement-du-Systeme-de-Sante.jpg","contentUrl":"https:\/\/romantic-albattani.15-237-64-242.plesk.page\/wp-content\/uploads\/2025\/04\/Renforcement-du-Systeme-de-Sante.jpg","width":1312,"height":433},{"@type":"BreadcrumbList","@id":"https:\/\/romantic-albattani.15-237-64-242.plesk.page\/index.php\/que-faisons-nous\/activites-transversales\/securite-sanitaire-et-preparation-aux-pandemies\/#breadcrumb","itemListElement":[{"@type":"ListItem","position":1,"name":"Accueil","item":"https:\/\/romantic-albattani.15-237-64-242.plesk.page\/"},{"@type":"ListItem","position":2,"name":"Que faisons-nous","item":"https:\/\/romantic-albattani.15-237-64-242.plesk.page\/index.php\/que-faisons-nous\/"},{"@type":"ListItem","position":3,"name":"Activit\u00e9s transversales","item":"https:\/\/romantic-albattani.15-237-64-242.plesk.page\/index.php\/que-faisons-nous\/activites-transversales\/"},{"@type":"ListItem","position":4,"name":"S\u00e9curit\u00e9 sanitaire et pr\u00e9paration aux pand\u00e9mies"}]},{"@type":"WebSite","@id":"https:\/\/romantic-albattani.15-237-64-242.plesk.page\/#website","url":"https:\/\/romantic-albattani.15-237-64-242.plesk.page\/","name":"ACMS","description":"","publisher":{"@id":"https:\/\/romantic-albattani.15-237-64-242.plesk.page\/#organization"},"potentialAction":[{"@type":"SearchAction","target":{"@type":"EntryPoint","urlTemplate":"https:\/\/romantic-albattani.15-237-64-242.plesk.page\/?s={search_term_string}"},"query-input":{"@type":"PropertyValueSpecification","valueRequired":true,"valueName":"search_term_string"}}],"inLanguage":"fr-FR"},{"@type":"Organization","@id":"https:\/\/romantic-albattani.15-237-64-242.plesk.page\/#organization","name":"ACMS","url":"https:\/\/romantic-albattani.15-237-64-242.plesk.page\/","logo":{"@type":"ImageObject","inLanguage":"fr-FR","@id":"https:\/\/romantic-albattani.15-237-64-242.plesk.page\/#\/schema\/logo\/image\/","url":"https:\/\/romantic-albattani.15-237-64-242.plesk.page\/wp-content\/uploads\/2025\/04\/Logo-big.png","contentUrl":"https:\/\/romantic-albattani.15-237-64-242.plesk.page\/wp-content\/uploads\/2025\/04\/Logo-big.png","width":487,"height":315,"caption":"ACMS"},"image":{"@id":"https:\/\/romantic-albattani.15-237-64-242.plesk.page\/#\/schema\/logo\/image\/"},"sameAs":["https:\/\/web.facebook.com\/Associationcamerounaisepourlemarketingsocial\/?_rdc=1&_rdr#"]}]}},"_links":{"self":[{"href":"https:\/\/romantic-albattani.15-237-64-242.plesk.page\/index.php\/wp-json\/wp\/v2\/pages\/72","targetHints":{"allow":["GET"]}}],"collection":[{"href":"https:\/\/romantic-albattani.15-237-64-242.plesk.page\/index.php\/wp-json\/wp\/v2\/pages"}],"about":[{"href":"https:\/\/romantic-albattani.15-237-64-242.plesk.page\/index.php\/wp-json\/wp\/v2\/types\/page"}],"author":[{"embeddable":true,"href":"https:\/\/romantic-albattani.15-237-64-242.plesk.page\/index.php\/wp-json\/wp\/v2\/users\/1"}],"replies":[{"embeddable":true,"href":"https:\/\/romantic-albattani.15-237-64-242.plesk.page\/index.php\/wp-json\/wp\/v2\/comments?post=72"}],"version-history":[{"count":16,"href":"https:\/\/romantic-albattani.15-237-64-242.plesk.page\/index.php\/wp-json\/wp\/v2\/pages\/72\/revisions"}],"predecessor-version":[{"id":1365,"href":"https:\/\/romantic-albattani.15-237-64-242.plesk.page\/index.php\/wp-json\/wp\/v2\/pages\/72\/revisions\/1365"}],"up":[{"embeddable":true,"href":"https:\/\/romantic-albattani.15-237-64-242.plesk.page\/index.php\/wp-json\/wp\/v2\/pages\/62"}],"wp:attachment":[{"href":"https:\/\/romantic-albattani.15-237-64-242.plesk.page\/index.php\/wp-json\/wp\/v2\/media?parent=72"}],"curies":[{"name":"wp","href":"https:\/\/api.w.org\/{rel}","templated":true}]}}