{"id":69,"date":"2025-04-15T05:26:50","date_gmt":"2025-04-15T05:26:50","guid":{"rendered":"https:\/\/romantic-albattani.15-237-64-242.plesk.page\/?page_id=69"},"modified":"2025-04-28T05:51:53","modified_gmt":"2025-04-28T05:51:53","slug":"changement-climatique-et-sante","status":"publish","type":"page","link":"https:\/\/romantic-albattani.15-237-64-242.plesk.page\/index.php\/que-faisons-nous\/activites-transversales\/changement-climatique-et-sante\/","title":{"rendered":"Changement climatique et sant\u00e9"},"content":{"rendered":"\t\t<div data-elementor-type=\"wp-page\" data-elementor-id=\"69\" class=\"elementor elementor-69\" data-elementor-post-type=\"page\">\n\t\t\t\t<div class=\"elementor-element elementor-element-4e426e6 e-flex e-con-boxed e-con e-parent\" data-id=\"4e426e6\" data-element_type=\"container\">\n\t\t\t\t\t<div class=\"e-con-inner\">\n\t\t\t\t<div class=\"elementor-element elementor-element-fde4a4b elementor-widget elementor-widget-heading\" data-id=\"fde4a4b\" data-element_type=\"widget\" data-widget_type=\"heading.default\">\n\t\t\t\t<div class=\"elementor-widget-container\">\n\t\t\t\t\t<h2 class=\"elementor-heading-title elementor-size-default\">Changement climatique et sant\u00e9<\/h2>\t\t\t\t<\/div>\n\t\t\t\t<\/div>\n\t\t\t\t<div class=\"elementor-element elementor-element-ee8adcb elementor-widget elementor-widget-image\" data-id=\"ee8adcb\" data-element_type=\"widget\" data-widget_type=\"image.default\">\n\t\t\t\t<div class=\"elementor-widget-container\">\n\t\t\t\t\t\t\t\t\t\t\t\t\t\t\t<img fetchpriority=\"high\" decoding=\"async\" width=\"800\" height=\"264\" src=\"https:\/\/romantic-albattani.15-237-64-242.plesk.page\/wp-content\/uploads\/2025\/04\/Renforcement-du-Systeme-de-Sante-1024x338.jpg\" class=\"attachment-large size-large wp-image-977\" alt=\"\" srcset=\"https:\/\/romantic-albattani.15-237-64-242.plesk.page\/wp-content\/uploads\/2025\/04\/Renforcement-du-Systeme-de-Sante-1024x338.jpg 1024w, https:\/\/romantic-albattani.15-237-64-242.plesk.page\/wp-content\/uploads\/2025\/04\/Renforcement-du-Systeme-de-Sante-300x99.jpg 300w, https:\/\/romantic-albattani.15-237-64-242.plesk.page\/wp-content\/uploads\/2025\/04\/Renforcement-du-Systeme-de-Sante-768x253.jpg 768w, https:\/\/romantic-albattani.15-237-64-242.plesk.page\/wp-content\/uploads\/2025\/04\/Renforcement-du-Systeme-de-Sante.jpg 1312w\" sizes=\"(max-width: 800px) 100vw, 800px\" \/>\t\t\t\t\t\t\t\t\t\t\t\t\t\t\t<\/div>\n\t\t\t\t<\/div>\n\t\t\t\t<div class=\"elementor-element elementor-element-2783d69 elementor-widget elementor-widget-text-editor\" data-id=\"2783d69\" data-element_type=\"widget\" data-widget_type=\"text-editor.default\">\n\t\t\t\t<div class=\"elementor-widget-container\">\n\t\t\t\t\t\t\t\t\t<p>Notre sant\u00e9 est intimement li\u00e9e \u00e0 celle de notre plan\u00e8te. Le changement climatique a un impact tr\u00e8s large sur la sant\u00e9, allant des maladies infectieuses \u00e0 l&rsquo;ins\u00e9curit\u00e9 alimentaire, en passant par les maladies li\u00e9es \u00e0 la chaleur et \u00e0 la pollution, ainsi que les blessures et les d\u00e9c\u00e8s caus\u00e9s par des ph\u00e9nom\u00e8nes m\u00e9t\u00e9orologiques extr\u00eames. Il perturbe \u00e9galement les syst\u00e8mes de sant\u00e9 et l&rsquo;acc\u00e8s aux services m\u00e9dicaux, ce qui exacerbe les probl\u00e8mes de sant\u00e9. Il est essentiel de s&rsquo;adapter, et ce d\u00e8s maintenant.<\/p>\t\t\t\t\t\t\t\t<\/div>\n\t\t\t\t<\/div>\n\t\t\t\t<div class=\"elementor-element elementor-element-5adb148 elementor-widget elementor-widget-text-editor\" data-id=\"5adb148\" data-element_type=\"widget\" data-widget_type=\"text-editor.default\">\n\t\t\t\t<div class=\"elementor-widget-container\">\n\t\t\t\t\t\t\t\t\t<h4><strong>Fa\u00e7onner les march\u00e9s des technologies d&rsquo;autogestion de la sant\u00e9<\/strong><\/h4><p>Bien que les soins auto-administr\u00e9s ne puissent jamais remplacer totalement le besoin d&rsquo;un soutien en personne, les technologies d&rsquo;auto-administration &#8211; y compris les diagnostics, les appareils, les m\u00e9dicaments et les solutions de sant\u00e9 num\u00e9rique &#8211; permettent aux individus de g\u00e9rer eux-m\u00eames leur sant\u00e9 pendant (et apr\u00e8s) les crises induites par le climat. En partenariat avec UNITAID et CIFF, ACMS contribue \u00e0 fa\u00e7onner les march\u00e9s de l&rsquo;autogestion de la sant\u00e9 et met en place des cha\u00eenes d&rsquo;approvisionnement r\u00e9silientes, \u00e9largissant ainsi l&rsquo;acc\u00e8s aux soins de sant\u00e9 en mettant les technologies directement entre les mains des gens ordinaires.<\/p><p>Notre travail porte sur l&rsquo;autod\u00e9pistage du VIH, de l&rsquo;h\u00e9patite C et B, les contraceptifs auto-injectables, parmi d&rsquo;autres technologies d&rsquo;autogestion de la sant\u00e9.<\/p><h4><strong>Notre approche<\/strong><\/h4><p>Pour g\u00e9rer les risques sanitaires du changement climatique, Nous rendons les syst\u00e8mes de sant\u00e9 plus r\u00e9sistants en formant les agents de sant\u00e9 de premi\u00e8re ligne et en promouvant l&rsquo;autogestion des soins. Nous informons, \u00e9duquons et faisons entendre la voix des personnes que nous servons.<\/p><p>Nous utilisons des partenariats avec des r\u00e9seaux communautaires et notre exp\u00e9rience en mati\u00e8re de changement social et comportemental et de conception centr\u00e9e sur l&rsquo;humain pour soutenir les interventions d&rsquo;adaptation et d&rsquo;att\u00e9nuation.<\/p>\t\t\t\t\t\t\t\t<\/div>\n\t\t\t\t<\/div>\n\t\t\t\t<div class=\"elementor-element elementor-element-aa9731a elementor-share-buttons--view-icon elementor-share-buttons--skin-boxed elementor-share-buttons--shape-circle elementor-grid-0 elementor-share-buttons--color-official elementor-widget elementor-widget-share-buttons\" data-id=\"aa9731a\" data-element_type=\"widget\" data-widget_type=\"share-buttons.default\">\n\t\t\t\t<div class=\"elementor-widget-container\">\n\t\t\t\t\t\t\t<div class=\"elementor-grid\">\n\t\t\t\t\t\t\t\t<div class=\"elementor-grid-item\">\n\t\t\t\t\t\t<div\n\t\t\t\t\t\t\tclass=\"elementor-share-btn elementor-share-btn_facebook\"\n\t\t\t\t\t\t\trole=\"button\"\n\t\t\t\t\t\t\ttabindex=\"0\"\n\t\t\t\t\t\t\taria-label=\"Share on facebook\"\n\t\t\t\t\t\t>\n\t\t\t\t\t\t\t\t\t\t\t\t\t\t\t<span class=\"elementor-share-btn__icon\">\n\t\t\t\t\t\t\t\t<svg class=\"e-font-icon-svg e-fab-facebook\" viewBox=\"0 0 512 512\" xmlns=\"http:\/\/www.w3.org\/2000\/svg\"><path d=\"M504 256C504 119 393 8 256 8S8 119 8 256c0 123.78 90.69 226.38 209.25 245V327.69h-63V256h63v-54.64c0-62.15 37-96.48 93.67-96.48 27.14 0 55.52 4.84 55.52 4.84v61h-31.28c-30.8 0-40.41 19.12-40.41 38.73V256h68.78l-11 71.69h-57.78V501C413.31 482.38 504 379.78 504 256z\"><\/path><\/svg>\t\t\t\t\t\t\t<\/span>\n\t\t\t\t\t\t\t\t\t\t\t\t\t\t\t\t\t\t\t\t<\/div>\n\t\t\t\t\t<\/div>\n\t\t\t\t\t\t\t\t\t<div class=\"elementor-grid-item\">\n\t\t\t\t\t\t<div\n\t\t\t\t\t\t\tclass=\"elementor-share-btn elementor-share-btn_whatsapp\"\n\t\t\t\t\t\t\trole=\"button\"\n\t\t\t\t\t\t\ttabindex=\"0\"\n\t\t\t\t\t\t\taria-label=\"Share on whatsapp\"\n\t\t\t\t\t\t>\n\t\t\t\t\t\t\t\t\t\t\t\t\t\t\t<span class=\"elementor-share-btn__icon\">\n\t\t\t\t\t\t\t\t<svg class=\"e-font-icon-svg e-fab-whatsapp\" viewBox=\"0 0 448 512\" xmlns=\"http:\/\/www.w3.org\/2000\/svg\"><path d=\"M380.9 97.1C339 55.1 283.2 32 223.9 32c-122.4 0-222 99.6-222 222 0 39.1 10.2 77.3 29.6 111L0 480l117.7-30.9c32.4 17.7 68.9 27 106.1 27h.1c122.3 0 224.1-99.6 224.1-222 0-59.3-25.2-115-67.1-157zm-157 341.6c-33.2 0-65.7-8.9-94-25.7l-6.7-4-69.8 18.3L72 359.2l-4.4-7c-18.5-29.4-28.2-63.3-28.2-98.2 0-101.7 82.8-184.5 184.6-184.5 49.3 0 95.6 19.2 130.4 54.1 34.8 34.9 56.2 81.2 56.1 130.5 0 101.8-84.9 184.6-186.6 184.6zm101.2-138.2c-5.5-2.8-32.8-16.2-37.9-18-5.1-1.9-8.8-2.8-12.5 2.8-3.7 5.6-14.3 18-17.6 21.8-3.2 3.7-6.5 4.2-12 1.4-32.6-16.3-54-29.1-75.5-66-5.7-9.8 5.7-9.1 16.3-30.3 1.8-3.7.9-6.9-.5-9.7-1.4-2.8-12.5-30.1-17.1-41.2-4.5-10.8-9.1-9.3-12.5-9.5-3.2-.2-6.9-.2-10.6-.2-3.7 0-9.7 1.4-14.8 6.9-5.1 5.6-19.4 19-19.4 46.3 0 27.3 19.9 53.7 22.6 57.4 2.8 3.7 39.1 59.7 94.8 83.8 35.2 15.2 49 16.5 66.6 13.9 10.7-1.6 32.8-13.4 37.4-26.4 4.6-13 4.6-24.1 3.2-26.4-1.3-2.5-5-3.9-10.5-6.6z\"><\/path><\/svg>\t\t\t\t\t\t\t<\/span>\n\t\t\t\t\t\t\t\t\t\t\t\t\t\t\t\t\t\t\t\t<\/div>\n\t\t\t\t\t<\/div>\n\t\t\t\t\t\t\t\t\t<div class=\"elementor-grid-item\">\n\t\t\t\t\t\t<div\n\t\t\t\t\t\t\tclass=\"elementor-share-btn elementor-share-btn_x-twitter\"\n\t\t\t\t\t\t\trole=\"button\"\n\t\t\t\t\t\t\ttabindex=\"0\"\n\t\t\t\t\t\t\taria-label=\"Share on x-twitter\"\n\t\t\t\t\t\t>\n\t\t\t\t\t\t\t\t\t\t\t\t\t\t\t<span class=\"elementor-share-btn__icon\">\n\t\t\t\t\t\t\t\t<svg class=\"e-font-icon-svg e-fab-x-twitter\" viewBox=\"0 0 512 512\" xmlns=\"http:\/\/www.w3.org\/2000\/svg\"><path d=\"M389.2 48h70.6L305.6 224.2 487 464H345L233.7 318.6 106.5 464H35.8L200.7 275.5 26.8 48H172.4L272.9 180.9 389.2 48zM364.4 421.8h39.1L151.1 88h-42L364.4 421.8z\"><\/path><\/svg>\t\t\t\t\t\t\t<\/span>\n\t\t\t\t\t\t\t\t\t\t\t\t\t\t\t\t\t\t\t\t<\/div>\n\t\t\t\t\t<\/div>\n\t\t\t\t\t\t<\/div>\n\t\t\t\t\t\t<\/div>\n\t\t\t\t<\/div>\n\t\t\t\t\t<\/div>\n\t\t\t\t<\/div>\n\t\t<div class=\"elementor-element elementor-element-7093162 e-flex e-con-boxed e-con e-parent\" data-id=\"7093162\" data-element_type=\"container\" data-settings=\"{&quot;background_background&quot;:&quot;classic&quot;}\">\n\t\t\t\t\t<div class=\"e-con-inner\">\n\t\t\t\t<div class=\"elementor-element elementor-element-5bb138e3 elementor-widget elementor-widget-heading\" data-id=\"5bb138e3\" data-element_type=\"widget\" data-widget_type=\"heading.default\">\n\t\t\t\t<div class=\"elementor-widget-container\">\n\t\t\t\t\t<h2 class=\"elementor-heading-title elementor-size-default\">Restez inform\u00e9 avec notre newsletter<\/h2>\t\t\t\t<\/div>\n\t\t\t\t<\/div>\n\t\t\t\t<div class=\"elementor-element elementor-element-71f076e8 elementor-widget elementor-widget-text-editor\" data-id=\"71f076e8\" data-element_type=\"widget\" data-widget_type=\"text-editor.default\">\n\t\t\t\t<div class=\"elementor-widget-container\">\n\t\t\t\t\t\t\t\t\t<p>Inscrivez-vous pour recevoir les derni\u00e8res nouvelles et mises \u00e0 jour de l&rsquo;ACMS directement dans votre bo\u00eete mail<\/p>\t\t\t\t\t\t\t\t<\/div>\n\t\t\t\t<\/div>\n\t\t\t\t<div class=\"elementor-element elementor-element-2e95c08f elementor-widget elementor-widget-html\" data-id=\"2e95c08f\" data-element_type=\"widget\" data-widget_type=\"html.default\">\n\t\t\t\t<div class=\"elementor-widget-container\">\n\t\t\t\t\t<div class=\"tnp tnp-subscription \">\r\n<form method=\"post\" action=\"https:\/\/romantic-albattani.15-237-64-242.plesk.page\/wp-admin\/admin-ajax.php?action=tnp&na=s\">\r\n<input type=\"hidden\" name=\"nlang\" value=\"\">\r\n<div class=\"tnp-field tnp-field-email\"><label for=\"tnp-1\">E-mail<\/label>\r\n<input class=\"tnp-email\" type=\"email\" name=\"ne\" id=\"tnp-1\" value=\"\" placeholder=\"\" required><\/div>\r\n<div class=\"tnp-field tnp-privacy-field\"><label><input type=\"checkbox\" name=\"ny\" required class=\"tnp-privacy\"> I accept the privacy policy<\/label><\/div><div class=\"tnp-field tnp-field-button\" style=\"text-align: left\"><input class=\"tnp-submit\" type=\"submit\" value=\"S'abonner\" style=\"\">\r\n<\/div>\r\n<\/form>\r\n<\/div>\t\t\t\t<\/div>\n\t\t\t\t<\/div>\n\t\t\t\t\t<\/div>\n\t\t\t\t<\/div>\n\t\t\t\t<\/div>\n\t\t","protected":false},"excerpt":{"rendered":"<p>Changement climatique et sant\u00e9 Notre sant\u00e9 est intimement li\u00e9e \u00e0 celle de notre plan\u00e8te. Le changement climatique a un impact tr\u00e8s large sur la sant\u00e9, allant des maladies infectieuses \u00e0 l&rsquo;ins\u00e9curit\u00e9 alimentaire, en passant par les maladies li\u00e9es \u00e0 la chaleur et \u00e0 la pollution, ainsi que les blessures et les d\u00e9c\u00e8s caus\u00e9s par des [&hellip;]<\/p>\n","protected":false},"author":1,"featured_media":0,"parent":62,"menu_order":0,"comment_status":"closed","ping_status":"closed","template":"","meta":{"footnotes":""},"class_list":["post-69","page","type-page","status-publish","hentry"],"yoast_head":"<!-- This site is optimized with the Yoast SEO plugin v24.8.1 - https:\/\/yoast.com\/wordpress\/plugins\/seo\/ -->\n<title>Changement climatique et sant\u00e9 - ACMS<\/title>\n<meta name=\"robots\" content=\"index, follow, max-snippet:-1, max-image-preview:large, max-video-preview:-1\" \/>\n<link rel=\"canonical\" href=\"https:\/\/romantic-albattani.15-237-64-242.plesk.page\/index.php\/que-faisons-nous\/activites-transversales\/changement-climatique-et-sante\/\" \/>\n<meta property=\"og:locale\" content=\"fr_FR\" \/>\n<meta property=\"og:type\" content=\"article\" \/>\n<meta property=\"og:title\" content=\"Changement climatique et sant\u00e9 - ACMS\" \/>\n<meta property=\"og:description\" content=\"Changement climatique et sant\u00e9 Notre sant\u00e9 est intimement li\u00e9e \u00e0 celle de notre plan\u00e8te. Le changement climatique a un impact tr\u00e8s large sur la sant\u00e9, allant des maladies infectieuses \u00e0 l&rsquo;ins\u00e9curit\u00e9 alimentaire, en passant par les maladies li\u00e9es \u00e0 la chaleur et \u00e0 la pollution, ainsi que les blessures et les d\u00e9c\u00e8s caus\u00e9s par des [&hellip;]\" \/>\n<meta property=\"og:url\" content=\"https:\/\/romantic-albattani.15-237-64-242.plesk.page\/index.php\/que-faisons-nous\/activites-transversales\/changement-climatique-et-sante\/\" \/>\n<meta property=\"og:site_name\" content=\"ACMS\" \/>\n<meta property=\"article:publisher\" content=\"https:\/\/web.facebook.com\/Associationcamerounaisepourlemarketingsocial\/?_rdc=1&amp;_rdr#\" \/>\n<meta property=\"article:modified_time\" content=\"2025-04-28T05:51:53+00:00\" \/>\n<meta property=\"og:image\" content=\"https:\/\/romantic-albattani.15-237-64-242.plesk.page\/wp-content\/uploads\/2025\/04\/Renforcement-du-Systeme-de-Sante.jpg\" \/>\n\t<meta property=\"og:image:width\" content=\"1312\" \/>\n\t<meta property=\"og:image:height\" content=\"433\" \/>\n\t<meta property=\"og:image:type\" content=\"image\/jpeg\" \/>\n<meta name=\"twitter:card\" content=\"summary_large_image\" \/>\n<meta name=\"twitter:label1\" content=\"Dur\u00e9e de lecture estim\u00e9e\" \/>\n\t<meta name=\"twitter:data1\" content=\"2 minutes\" \/>\n<script type=\"application\/ld+json\" class=\"yoast-schema-graph\">{\"@context\":\"https:\/\/schema.org\",\"@graph\":[{\"@type\":\"WebPage\",\"@id\":\"https:\/\/romantic-albattani.15-237-64-242.plesk.page\/index.php\/que-faisons-nous\/activites-transversales\/changement-climatique-et-sante\/\",\"url\":\"https:\/\/romantic-albattani.15-237-64-242.plesk.page\/index.php\/que-faisons-nous\/activites-transversales\/changement-climatique-et-sante\/\",\"name\":\"Changement climatique et sant\u00e9 - ACMS\",\"isPartOf\":{\"@id\":\"https:\/\/romantic-albattani.15-237-64-242.plesk.page\/#website\"},\"primaryImageOfPage\":{\"@id\":\"https:\/\/romantic-albattani.15-237-64-242.plesk.page\/index.php\/que-faisons-nous\/activites-transversales\/changement-climatique-et-sante\/#primaryimage\"},\"image\":{\"@id\":\"https:\/\/romantic-albattani.15-237-64-242.plesk.page\/index.php\/que-faisons-nous\/activites-transversales\/changement-climatique-et-sante\/#primaryimage\"},\"thumbnailUrl\":\"https:\/\/romantic-albattani.15-237-64-242.plesk.page\/wp-content\/uploads\/2025\/04\/Renforcement-du-Systeme-de-Sante-1024x338.jpg\",\"datePublished\":\"2025-04-15T05:26:50+00:00\",\"dateModified\":\"2025-04-28T05:51:53+00:00\",\"breadcrumb\":{\"@id\":\"https:\/\/romantic-albattani.15-237-64-242.plesk.page\/index.php\/que-faisons-nous\/activites-transversales\/changement-climatique-et-sante\/#breadcrumb\"},\"inLanguage\":\"fr-FR\",\"potentialAction\":[{\"@type\":\"ReadAction\",\"target\":[\"https:\/\/romantic-albattani.15-237-64-242.plesk.page\/index.php\/que-faisons-nous\/activites-transversales\/changement-climatique-et-sante\/\"]}]},{\"@type\":\"ImageObject\",\"inLanguage\":\"fr-FR\",\"@id\":\"https:\/\/romantic-albattani.15-237-64-242.plesk.page\/index.php\/que-faisons-nous\/activites-transversales\/changement-climatique-et-sante\/#primaryimage\",\"url\":\"https:\/\/romantic-albattani.15-237-64-242.plesk.page\/wp-content\/uploads\/2025\/04\/Renforcement-du-Systeme-de-Sante.jpg\",\"contentUrl\":\"https:\/\/romantic-albattani.15-237-64-242.plesk.page\/wp-content\/uploads\/2025\/04\/Renforcement-du-Systeme-de-Sante.jpg\",\"width\":1312,\"height\":433},{\"@type\":\"BreadcrumbList\",\"@id\":\"https:\/\/romantic-albattani.15-237-64-242.plesk.page\/index.php\/que-faisons-nous\/activites-transversales\/changement-climatique-et-sante\/#breadcrumb\",\"itemListElement\":[{\"@type\":\"ListItem\",\"position\":1,\"name\":\"Accueil\",\"item\":\"https:\/\/romantic-albattani.15-237-64-242.plesk.page\/\"},{\"@type\":\"ListItem\",\"position\":2,\"name\":\"Que faisons-nous\",\"item\":\"https:\/\/romantic-albattani.15-237-64-242.plesk.page\/index.php\/que-faisons-nous\/\"},{\"@type\":\"ListItem\",\"position\":3,\"name\":\"Activit\u00e9s transversales\",\"item\":\"https:\/\/romantic-albattani.15-237-64-242.plesk.page\/index.php\/que-faisons-nous\/activites-transversales\/\"},{\"@type\":\"ListItem\",\"position\":4,\"name\":\"Changement climatique et sant\u00e9\"}]},{\"@type\":\"WebSite\",\"@id\":\"https:\/\/romantic-albattani.15-237-64-242.plesk.page\/#website\",\"url\":\"https:\/\/romantic-albattani.15-237-64-242.plesk.page\/\",\"name\":\"ACMS\",\"description\":\"\",\"publisher\":{\"@id\":\"https:\/\/romantic-albattani.15-237-64-242.plesk.page\/#organization\"},\"potentialAction\":[{\"@type\":\"SearchAction\",\"target\":{\"@type\":\"EntryPoint\",\"urlTemplate\":\"https:\/\/romantic-albattani.15-237-64-242.plesk.page\/?s={search_term_string}\"},\"query-input\":{\"@type\":\"PropertyValueSpecification\",\"valueRequired\":true,\"valueName\":\"search_term_string\"}}],\"inLanguage\":\"fr-FR\"},{\"@type\":\"Organization\",\"@id\":\"https:\/\/romantic-albattani.15-237-64-242.plesk.page\/#organization\",\"name\":\"ACMS\",\"url\":\"https:\/\/romantic-albattani.15-237-64-242.plesk.page\/\",\"logo\":{\"@type\":\"ImageObject\",\"inLanguage\":\"fr-FR\",\"@id\":\"https:\/\/romantic-albattani.15-237-64-242.plesk.page\/#\/schema\/logo\/image\/\",\"url\":\"https:\/\/romantic-albattani.15-237-64-242.plesk.page\/wp-content\/uploads\/2025\/04\/Logo-big.png\",\"contentUrl\":\"https:\/\/romantic-albattani.15-237-64-242.plesk.page\/wp-content\/uploads\/2025\/04\/Logo-big.png\",\"width\":487,\"height\":315,\"caption\":\"ACMS\"},\"image\":{\"@id\":\"https:\/\/romantic-albattani.15-237-64-242.plesk.page\/#\/schema\/logo\/image\/\"},\"sameAs\":[\"https:\/\/web.facebook.com\/Associationcamerounaisepourlemarketingsocial\/?_rdc=1&_rdr#\"]}]}<\/script>\n<!-- \/ Yoast SEO plugin. -->","yoast_head_json":{"title":"Changement climatique et sant\u00e9 - ACMS","robots":{"index":"index","follow":"follow","max-snippet":"max-snippet:-1","max-image-preview":"max-image-preview:large","max-video-preview":"max-video-preview:-1"},"canonical":"https:\/\/romantic-albattani.15-237-64-242.plesk.page\/index.php\/que-faisons-nous\/activites-transversales\/changement-climatique-et-sante\/","og_locale":"fr_FR","og_type":"article","og_title":"Changement climatique et sant\u00e9 - ACMS","og_description":"Changement climatique et sant\u00e9 Notre sant\u00e9 est intimement li\u00e9e \u00e0 celle de notre plan\u00e8te. Le changement climatique a un impact tr\u00e8s large sur la sant\u00e9, allant des maladies infectieuses \u00e0 l&rsquo;ins\u00e9curit\u00e9 alimentaire, en passant par les maladies li\u00e9es \u00e0 la chaleur et \u00e0 la pollution, ainsi que les blessures et les d\u00e9c\u00e8s caus\u00e9s par des [&hellip;]","og_url":"https:\/\/romantic-albattani.15-237-64-242.plesk.page\/index.php\/que-faisons-nous\/activites-transversales\/changement-climatique-et-sante\/","og_site_name":"ACMS","article_publisher":"https:\/\/web.facebook.com\/Associationcamerounaisepourlemarketingsocial\/?_rdc=1&_rdr#","article_modified_time":"2025-04-28T05:51:53+00:00","og_image":[{"width":1312,"height":433,"url":"https:\/\/romantic-albattani.15-237-64-242.plesk.page\/wp-content\/uploads\/2025\/04\/Renforcement-du-Systeme-de-Sante.jpg","type":"image\/jpeg"}],"twitter_card":"summary_large_image","twitter_misc":{"Dur\u00e9e de lecture estim\u00e9e":"2 minutes"},"schema":{"@context":"https:\/\/schema.org","@graph":[{"@type":"WebPage","@id":"https:\/\/romantic-albattani.15-237-64-242.plesk.page\/index.php\/que-faisons-nous\/activites-transversales\/changement-climatique-et-sante\/","url":"https:\/\/romantic-albattani.15-237-64-242.plesk.page\/index.php\/que-faisons-nous\/activites-transversales\/changement-climatique-et-sante\/","name":"Changement climatique et sant\u00e9 - ACMS","isPartOf":{"@id":"https:\/\/romantic-albattani.15-237-64-242.plesk.page\/#website"},"primaryImageOfPage":{"@id":"https:\/\/romantic-albattani.15-237-64-242.plesk.page\/index.php\/que-faisons-nous\/activites-transversales\/changement-climatique-et-sante\/#primaryimage"},"image":{"@id":"https:\/\/romantic-albattani.15-237-64-242.plesk.page\/index.php\/que-faisons-nous\/activites-transversales\/changement-climatique-et-sante\/#primaryimage"},"thumbnailUrl":"https:\/\/romantic-albattani.15-237-64-242.plesk.page\/wp-content\/uploads\/2025\/04\/Renforcement-du-Systeme-de-Sante-1024x338.jpg","datePublished":"2025-04-15T05:26:50+00:00","dateModified":"2025-04-28T05:51:53+00:00","breadcrumb":{"@id":"https:\/\/romantic-albattani.15-237-64-242.plesk.page\/index.php\/que-faisons-nous\/activites-transversales\/changement-climatique-et-sante\/#breadcrumb"},"inLanguage":"fr-FR","potentialAction":[{"@type":"ReadAction","target":["https:\/\/romantic-albattani.15-237-64-242.plesk.page\/index.php\/que-faisons-nous\/activites-transversales\/changement-climatique-et-sante\/"]}]},{"@type":"ImageObject","inLanguage":"fr-FR","@id":"https:\/\/romantic-albattani.15-237-64-242.plesk.page\/index.php\/que-faisons-nous\/activites-transversales\/changement-climatique-et-sante\/#primaryimage","url":"https:\/\/romantic-albattani.15-237-64-242.plesk.page\/wp-content\/uploads\/2025\/04\/Renforcement-du-Systeme-de-Sante.jpg","contentUrl":"https:\/\/romantic-albattani.15-237-64-242.plesk.page\/wp-content\/uploads\/2025\/04\/Renforcement-du-Systeme-de-Sante.jpg","width":1312,"height":433},{"@type":"BreadcrumbList","@id":"https:\/\/romantic-albattani.15-237-64-242.plesk.page\/index.php\/que-faisons-nous\/activites-transversales\/changement-climatique-et-sante\/#breadcrumb","itemListElement":[{"@type":"ListItem","position":1,"name":"Accueil","item":"https:\/\/romantic-albattani.15-237-64-242.plesk.page\/"},{"@type":"ListItem","position":2,"name":"Que faisons-nous","item":"https:\/\/romantic-albattani.15-237-64-242.plesk.page\/index.php\/que-faisons-nous\/"},{"@type":"ListItem","position":3,"name":"Activit\u00e9s transversales","item":"https:\/\/romantic-albattani.15-237-64-242.plesk.page\/index.php\/que-faisons-nous\/activites-transversales\/"},{"@type":"ListItem","position":4,"name":"Changement climatique et sant\u00e9"}]},{"@type":"WebSite","@id":"https:\/\/romantic-albattani.15-237-64-242.plesk.page\/#website","url":"https:\/\/romantic-albattani.15-237-64-242.plesk.page\/","name":"ACMS","description":"","publisher":{"@id":"https:\/\/romantic-albattani.15-237-64-242.plesk.page\/#organization"},"potentialAction":[{"@type":"SearchAction","target":{"@type":"EntryPoint","urlTemplate":"https:\/\/romantic-albattani.15-237-64-242.plesk.page\/?s={search_term_string}"},"query-input":{"@type":"PropertyValueSpecification","valueRequired":true,"valueName":"search_term_string"}}],"inLanguage":"fr-FR"},{"@type":"Organization","@id":"https:\/\/romantic-albattani.15-237-64-242.plesk.page\/#organization","name":"ACMS","url":"https:\/\/romantic-albattani.15-237-64-242.plesk.page\/","logo":{"@type":"ImageObject","inLanguage":"fr-FR","@id":"https:\/\/romantic-albattani.15-237-64-242.plesk.page\/#\/schema\/logo\/image\/","url":"https:\/\/romantic-albattani.15-237-64-242.plesk.page\/wp-content\/uploads\/2025\/04\/Logo-big.png","contentUrl":"https:\/\/romantic-albattani.15-237-64-242.plesk.page\/wp-content\/uploads\/2025\/04\/Logo-big.png","width":487,"height":315,"caption":"ACMS"},"image":{"@id":"https:\/\/romantic-albattani.15-237-64-242.plesk.page\/#\/schema\/logo\/image\/"},"sameAs":["https:\/\/web.facebook.com\/Associationcamerounaisepourlemarketingsocial\/?_rdc=1&_rdr#"]}]}},"_links":{"self":[{"href":"https:\/\/romantic-albattani.15-237-64-242.plesk.page\/index.php\/wp-json\/wp\/v2\/pages\/69","targetHints":{"allow":["GET"]}}],"collection":[{"href":"https:\/\/romantic-albattani.15-237-64-242.plesk.page\/index.php\/wp-json\/wp\/v2\/pages"}],"about":[{"href":"https:\/\/romantic-albattani.15-237-64-242.plesk.page\/index.php\/wp-json\/wp\/v2\/types\/page"}],"author":[{"embeddable":true,"href":"https:\/\/romantic-albattani.15-237-64-242.plesk.page\/index.php\/wp-json\/wp\/v2\/users\/1"}],"replies":[{"embeddable":true,"href":"https:\/\/romantic-albattani.15-237-64-242.plesk.page\/index.php\/wp-json\/wp\/v2\/comments?post=69"}],"version-history":[{"count":10,"href":"https:\/\/romantic-albattani.15-237-64-242.plesk.page\/index.php\/wp-json\/wp\/v2\/pages\/69\/revisions"}],"predecessor-version":[{"id":1352,"href":"https:\/\/romantic-albattani.15-237-64-242.plesk.page\/index.php\/wp-json\/wp\/v2\/pages\/69\/revisions\/1352"}],"up":[{"embeddable":true,"href":"https:\/\/romantic-albattani.15-237-64-242.plesk.page\/index.php\/wp-json\/wp\/v2\/pages\/62"}],"wp:attachment":[{"href":"https:\/\/romantic-albattani.15-237-64-242.plesk.page\/index.php\/wp-json\/wp\/v2\/media?parent=69"}],"curies":[{"name":"wp","href":"https:\/\/api.w.org\/{rel}","templated":true}]}}