{"id":67,"date":"2025-04-15T05:26:15","date_gmt":"2025-04-15T05:26:15","guid":{"rendered":"https:\/\/romantic-albattani.15-237-64-242.plesk.page\/?page_id=67"},"modified":"2025-04-28T04:09:32","modified_gmt":"2025-04-28T04:09:32","slug":"sante-digitale","status":"publish","type":"page","link":"https:\/\/romantic-albattani.15-237-64-242.plesk.page\/index.php\/que-faisons-nous\/activites-transversales\/sante-digitale\/","title":{"rendered":"Sant\u00e9 digitale"},"content":{"rendered":"\t\t<div data-elementor-type=\"wp-page\" data-elementor-id=\"67\" class=\"elementor elementor-67\" data-elementor-post-type=\"page\">\n\t\t\t\t<div class=\"elementor-element elementor-element-d8deaad e-flex e-con-boxed e-con e-parent\" data-id=\"d8deaad\" data-element_type=\"container\">\n\t\t\t\t\t<div class=\"e-con-inner\">\n\t\t\t\t<div class=\"elementor-element elementor-element-ebfa24d elementor-widget elementor-widget-heading\" data-id=\"ebfa24d\" data-element_type=\"widget\" data-widget_type=\"heading.default\">\n\t\t\t\t<div class=\"elementor-widget-container\">\n\t\t\t\t\t<h2 class=\"elementor-heading-title elementor-size-default\">Sant\u00e9 digitale<\/h2>\t\t\t\t<\/div>\n\t\t\t\t<\/div>\n\t\t\t\t<div class=\"elementor-element elementor-element-df3883d elementor-widget elementor-widget-image\" data-id=\"df3883d\" data-element_type=\"widget\" data-widget_type=\"image.default\">\n\t\t\t\t<div class=\"elementor-widget-container\">\n\t\t\t\t\t\t\t\t\t\t\t\t\t\t\t<img fetchpriority=\"high\" decoding=\"async\" width=\"800\" height=\"264\" src=\"https:\/\/romantic-albattani.15-237-64-242.plesk.page\/wp-content\/uploads\/2025\/04\/Renforcement-du-Systeme-de-Sante-1024x338.jpg\" class=\"attachment-large size-large wp-image-977\" alt=\"\" srcset=\"https:\/\/romantic-albattani.15-237-64-242.plesk.page\/wp-content\/uploads\/2025\/04\/Renforcement-du-Systeme-de-Sante-1024x338.jpg 1024w, https:\/\/romantic-albattani.15-237-64-242.plesk.page\/wp-content\/uploads\/2025\/04\/Renforcement-du-Systeme-de-Sante-300x99.jpg 300w, https:\/\/romantic-albattani.15-237-64-242.plesk.page\/wp-content\/uploads\/2025\/04\/Renforcement-du-Systeme-de-Sante-768x253.jpg 768w, https:\/\/romantic-albattani.15-237-64-242.plesk.page\/wp-content\/uploads\/2025\/04\/Renforcement-du-Systeme-de-Sante.jpg 1312w\" sizes=\"(max-width: 800px) 100vw, 800px\" \/>\t\t\t\t\t\t\t\t\t\t\t\t\t\t\t<\/div>\n\t\t\t\t<\/div>\n\t\t\t\t<div class=\"elementor-element elementor-element-75f3999 elementor-widget elementor-widget-text-editor\" data-id=\"75f3999\" data-element_type=\"widget\" data-widget_type=\"text-editor.default\">\n\t\t\t\t<div class=\"elementor-widget-container\">\n\t\t\t\t\t\t\t\t\t<p><b>LA SANT\u00c9 NUM\u00c9RIQUE EST PLUS IMPORTANTE QUE JAMAIS<\/b><\/p><p>Nous vivons dans un monde qui \u00e9volue rapidement ; les progr\u00e8s en mati\u00e8re d&rsquo;acc\u00e8s \u00e0 la technologie mobile, associ\u00e9s \u00e0 une connectivit\u00e9, offrent une occasion de rendre les soins de sant\u00e9 plus accessibles en changeant la mani\u00e8re dont nous nous engageons aupr\u00e8s des consommateurs. En outre, le COVID-19 a mis \u00e0 rude \u00e9preuve les syst\u00e8mes de sant\u00e9 d\u00e9j\u00e0 fragiles. Les limitations en mati\u00e8re de mouvement physique et d&rsquo;interaction sociale ont encore acc\u00e9l\u00e9r\u00e9 le besoin de solutions de sant\u00e9 num\u00e9rique destin\u00e9es \u00e0 la fois aux consommateurs et au personnel de sant\u00e9.<\/p>\t\t\t\t\t\t\t\t<\/div>\n\t\t\t\t<\/div>\n\t\t\t\t<div class=\"elementor-element elementor-element-d00bc24 elementor-widget elementor-widget-heading\" data-id=\"d00bc24\" data-element_type=\"widget\" data-widget_type=\"heading.default\">\n\t\t\t\t<div class=\"elementor-widget-container\">\n\t\t\t\t\t<h3 class=\"elementor-heading-title elementor-size-default\">La vision de l'ACMS pour la sant\u00e9 num\u00e9rique<\/h3>\t\t\t\t<\/div>\n\t\t\t\t<\/div>\n\t\t\t\t<div class=\"elementor-element elementor-element-25f5c47 elementor-widget elementor-widget-text-editor\" data-id=\"25f5c47\" data-element_type=\"widget\" data-widget_type=\"text-editor.default\">\n\t\t\t\t<div class=\"elementor-widget-container\">\n\t\t\t\t\t\t\t\t\t<p>La vision de l\u2019ACMS en mati\u00e8re de sant\u00e9 num\u00e9rique est d&rsquo;am\u00e9liorer la sant\u00e9 et le bien-\u00eatre des consommateurs en utilisant les technologies num\u00e9riques pour am\u00e9liorer l&rsquo;acc\u00e8s et personnaliser la fourniture d&rsquo;informations, de produits et de services de qualit\u00e9 tout au long de leur vie. Nous devons tirer parti de la technologie mobile entre les mains des <strong>consommateurs<\/strong> pour am\u00e9liorer leur parcours de sant\u00e9 et tirer parti de la technologie mobile entre les mains des <strong>personnels des sant\u00e9<\/strong> pour am\u00e9liorer la qualit\u00e9, l&rsquo;efficacit\u00e9 et la gestion des services de sant\u00e9.<\/p>\t\t\t\t\t\t\t\t<\/div>\n\t\t\t\t<\/div>\n\t\t\t\t<div class=\"elementor-element elementor-element-57537b4 elementor-widget elementor-widget-text-editor\" data-id=\"57537b4\" data-element_type=\"widget\" data-widget_type=\"text-editor.default\">\n\t\t\t\t<div class=\"elementor-widget-container\">\n\t\t\t\t\t\t\t\t\t<h3>Nos approches de la sant\u00e9 num\u00e9rique<\/h3><h4>Syst\u00e8me d&rsquo;am\u00e9lioration de la qualit\u00e9 des r\u00e9seaux de sant\u00e9 (HNQIS)<\/h4><p><b>HNQIS <\/b>est une application andro\u00efde \u00e0 code source ouvert pour \u00e9valuer, am\u00e9liorer et contr\u00f4ler les comp\u00e9tences des travailleurs de la sant\u00e9 lors de la prestation de services de sant\u00e9. HNQIS est utilis\u00e9 par les responsables de l&rsquo;assurance qualit\u00e9 dans les cliniques publiques et priv\u00e9es et dans divers services de sant\u00e9, notamment la contraception, le VIH et le paludisme. Avec HNQIS, les cliniciens b\u00e9n\u00e9ficient d&rsquo;un soutien sur mesure en identifiant les domaines \u00e0 am\u00e9liorer lors de la prestation des soins.<\/p><h4>Engagement des donn\u00e9es avec DHIS2<\/h4><p>DHIS2 est un syst\u00e8me d&rsquo;information de gestion \u00e0 code source ouvert que ACMS utilise pour collecter, g\u00e9rer et visualiser les donn\u00e9es sur une plateforme unique. L\u2019ACMS investit dans DHIS2 afin d&rsquo;am\u00e9liorer la prise de d\u00e9cision fond\u00e9e sur les donn\u00e9es. Il est utilis\u00e9 dans plusieurs domaines de la sant\u00e9, notamment le paludisme, le VIH, la tuberculose et la sant\u00e9 g\u00e9n\u00e9sique<\/p>\t\t\t\t\t\t\t\t<\/div>\n\t\t\t\t<\/div>\n\t\t\t\t<div class=\"elementor-element elementor-element-de59536 elementor-share-buttons--view-icon elementor-share-buttons--shape-circle elementor-share-buttons--skin-gradient elementor-grid-0 elementor-share-buttons--color-official elementor-widget elementor-widget-share-buttons\" data-id=\"de59536\" data-element_type=\"widget\" data-widget_type=\"share-buttons.default\">\n\t\t\t\t<div class=\"elementor-widget-container\">\n\t\t\t\t\t\t\t<div class=\"elementor-grid\">\n\t\t\t\t\t\t\t\t<div class=\"elementor-grid-item\">\n\t\t\t\t\t\t<div\n\t\t\t\t\t\t\tclass=\"elementor-share-btn elementor-share-btn_facebook\"\n\t\t\t\t\t\t\trole=\"button\"\n\t\t\t\t\t\t\ttabindex=\"0\"\n\t\t\t\t\t\t\taria-label=\"Share on facebook\"\n\t\t\t\t\t\t>\n\t\t\t\t\t\t\t\t\t\t\t\t\t\t\t<span class=\"elementor-share-btn__icon\">\n\t\t\t\t\t\t\t\t<svg class=\"e-font-icon-svg e-fab-facebook\" viewBox=\"0 0 512 512\" xmlns=\"http:\/\/www.w3.org\/2000\/svg\"><path d=\"M504 256C504 119 393 8 256 8S8 119 8 256c0 123.78 90.69 226.38 209.25 245V327.69h-63V256h63v-54.64c0-62.15 37-96.48 93.67-96.48 27.14 0 55.52 4.84 55.52 4.84v61h-31.28c-30.8 0-40.41 19.12-40.41 38.73V256h68.78l-11 71.69h-57.78V501C413.31 482.38 504 379.78 504 256z\"><\/path><\/svg>\t\t\t\t\t\t\t<\/span>\n\t\t\t\t\t\t\t\t\t\t\t\t\t\t\t\t\t\t\t\t<\/div>\n\t\t\t\t\t<\/div>\n\t\t\t\t\t\t\t\t\t<div class=\"elementor-grid-item\">\n\t\t\t\t\t\t<div\n\t\t\t\t\t\t\tclass=\"elementor-share-btn elementor-share-btn_whatsapp\"\n\t\t\t\t\t\t\trole=\"button\"\n\t\t\t\t\t\t\ttabindex=\"0\"\n\t\t\t\t\t\t\taria-label=\"Share on whatsapp\"\n\t\t\t\t\t\t>\n\t\t\t\t\t\t\t\t\t\t\t\t\t\t\t<span class=\"elementor-share-btn__icon\">\n\t\t\t\t\t\t\t\t<svg class=\"e-font-icon-svg e-fab-whatsapp\" viewBox=\"0 0 448 512\" xmlns=\"http:\/\/www.w3.org\/2000\/svg\"><path d=\"M380.9 97.1C339 55.1 283.2 32 223.9 32c-122.4 0-222 99.6-222 222 0 39.1 10.2 77.3 29.6 111L0 480l117.7-30.9c32.4 17.7 68.9 27 106.1 27h.1c122.3 0 224.1-99.6 224.1-222 0-59.3-25.2-115-67.1-157zm-157 341.6c-33.2 0-65.7-8.9-94-25.7l-6.7-4-69.8 18.3L72 359.2l-4.4-7c-18.5-29.4-28.2-63.3-28.2-98.2 0-101.7 82.8-184.5 184.6-184.5 49.3 0 95.6 19.2 130.4 54.1 34.8 34.9 56.2 81.2 56.1 130.5 0 101.8-84.9 184.6-186.6 184.6zm101.2-138.2c-5.5-2.8-32.8-16.2-37.9-18-5.1-1.9-8.8-2.8-12.5 2.8-3.7 5.6-14.3 18-17.6 21.8-3.2 3.7-6.5 4.2-12 1.4-32.6-16.3-54-29.1-75.5-66-5.7-9.8 5.7-9.1 16.3-30.3 1.8-3.7.9-6.9-.5-9.7-1.4-2.8-12.5-30.1-17.1-41.2-4.5-10.8-9.1-9.3-12.5-9.5-3.2-.2-6.9-.2-10.6-.2-3.7 0-9.7 1.4-14.8 6.9-5.1 5.6-19.4 19-19.4 46.3 0 27.3 19.9 53.7 22.6 57.4 2.8 3.7 39.1 59.7 94.8 83.8 35.2 15.2 49 16.5 66.6 13.9 10.7-1.6 32.8-13.4 37.4-26.4 4.6-13 4.6-24.1 3.2-26.4-1.3-2.5-5-3.9-10.5-6.6z\"><\/path><\/svg>\t\t\t\t\t\t\t<\/span>\n\t\t\t\t\t\t\t\t\t\t\t\t\t\t\t\t\t\t\t\t<\/div>\n\t\t\t\t\t<\/div>\n\t\t\t\t\t\t\t\t\t<div class=\"elementor-grid-item\">\n\t\t\t\t\t\t<div\n\t\t\t\t\t\t\tclass=\"elementor-share-btn elementor-share-btn_x-twitter\"\n\t\t\t\t\t\t\trole=\"button\"\n\t\t\t\t\t\t\ttabindex=\"0\"\n\t\t\t\t\t\t\taria-label=\"Share on x-twitter\"\n\t\t\t\t\t\t>\n\t\t\t\t\t\t\t\t\t\t\t\t\t\t\t<span class=\"elementor-share-btn__icon\">\n\t\t\t\t\t\t\t\t<svg class=\"e-font-icon-svg e-fab-x-twitter\" viewBox=\"0 0 512 512\" xmlns=\"http:\/\/www.w3.org\/2000\/svg\"><path d=\"M389.2 48h70.6L305.6 224.2 487 464H345L233.7 318.6 106.5 464H35.8L200.7 275.5 26.8 48H172.4L272.9 180.9 389.2 48zM364.4 421.8h39.1L151.1 88h-42L364.4 421.8z\"><\/path><\/svg>\t\t\t\t\t\t\t<\/span>\n\t\t\t\t\t\t\t\t\t\t\t\t\t\t\t\t\t\t\t\t<\/div>\n\t\t\t\t\t<\/div>\n\t\t\t\t\t\t<\/div>\n\t\t\t\t\t\t<\/div>\n\t\t\t\t<\/div>\n\t\t\t\t\t<\/div>\n\t\t\t\t<\/div>\n\t\t<div class=\"elementor-element elementor-element-2339febf e-flex e-con-boxed e-con e-parent\" data-id=\"2339febf\" data-element_type=\"container\" data-settings=\"{&quot;background_background&quot;:&quot;classic&quot;}\">\n\t\t\t\t\t<div class=\"e-con-inner\">\n\t\t\t\t<div class=\"elementor-element elementor-element-34a836f1 elementor-widget elementor-widget-heading\" data-id=\"34a836f1\" data-element_type=\"widget\" data-widget_type=\"heading.default\">\n\t\t\t\t<div class=\"elementor-widget-container\">\n\t\t\t\t\t<h2 class=\"elementor-heading-title elementor-size-default\">Restez inform\u00e9 avec notre newsletter<\/h2>\t\t\t\t<\/div>\n\t\t\t\t<\/div>\n\t\t\t\t<div class=\"elementor-element elementor-element-10fff16c elementor-widget elementor-widget-text-editor\" data-id=\"10fff16c\" data-element_type=\"widget\" data-widget_type=\"text-editor.default\">\n\t\t\t\t<div class=\"elementor-widget-container\">\n\t\t\t\t\t\t\t\t\t<p>Inscrivez-vous pour recevoir les derni\u00e8res nouvelles et mises \u00e0 jour de l&rsquo;ACMS directement dans votre bo\u00eete mail<\/p>\t\t\t\t\t\t\t\t<\/div>\n\t\t\t\t<\/div>\n\t\t\t\t<div class=\"elementor-element elementor-element-2ec1c3e elementor-widget elementor-widget-html\" data-id=\"2ec1c3e\" data-element_type=\"widget\" data-widget_type=\"html.default\">\n\t\t\t\t<div class=\"elementor-widget-container\">\n\t\t\t\t\t<div class=\"tnp tnp-subscription \">\r\n<form method=\"post\" action=\"https:\/\/romantic-albattani.15-237-64-242.plesk.page\/wp-admin\/admin-ajax.php?action=tnp&na=s\">\r\n<input type=\"hidden\" name=\"nlang\" value=\"\">\r\n<div class=\"tnp-field tnp-field-email\"><label for=\"tnp-1\">E-mail<\/label>\r\n<input class=\"tnp-email\" type=\"email\" name=\"ne\" id=\"tnp-1\" value=\"\" placeholder=\"\" required><\/div>\r\n<div class=\"tnp-field tnp-privacy-field\"><label><input type=\"checkbox\" name=\"ny\" required class=\"tnp-privacy\"> I accept the privacy policy<\/label><\/div><div class=\"tnp-field tnp-field-button\" style=\"text-align: left\"><input class=\"tnp-submit\" type=\"submit\" value=\"S'abonner\" style=\"\">\r\n<\/div>\r\n<\/form>\r\n<\/div>\t\t\t\t<\/div>\n\t\t\t\t<\/div>\n\t\t\t\t\t<\/div>\n\t\t\t\t<\/div>\n\t\t\t\t<\/div>\n\t\t","protected":false},"excerpt":{"rendered":"<p>Sant\u00e9 digitale LA SANT\u00c9 NUM\u00c9RIQUE EST PLUS IMPORTANTE QUE JAMAIS Nous vivons dans un monde qui \u00e9volue rapidement ; les progr\u00e8s en mati\u00e8re d&rsquo;acc\u00e8s \u00e0 la technologie mobile, associ\u00e9s \u00e0 une connectivit\u00e9, offrent une occasion de rendre les soins de sant\u00e9 plus accessibles en changeant la mani\u00e8re dont nous nous engageons aupr\u00e8s des consommateurs. En [&hellip;]<\/p>\n","protected":false},"author":1,"featured_media":0,"parent":62,"menu_order":0,"comment_status":"closed","ping_status":"closed","template":"","meta":{"footnotes":""},"class_list":["post-67","page","type-page","status-publish","hentry"],"yoast_head":"<!-- This site is optimized with the Yoast SEO plugin v24.8.1 - https:\/\/yoast.com\/wordpress\/plugins\/seo\/ -->\n<title>Sant\u00e9 digitale - ACMS<\/title>\n<meta name=\"robots\" content=\"index, follow, max-snippet:-1, max-image-preview:large, max-video-preview:-1\" \/>\n<link rel=\"canonical\" href=\"https:\/\/romantic-albattani.15-237-64-242.plesk.page\/index.php\/que-faisons-nous\/activites-transversales\/sante-digitale\/\" \/>\n<meta property=\"og:locale\" content=\"fr_FR\" \/>\n<meta property=\"og:type\" content=\"article\" \/>\n<meta property=\"og:title\" content=\"Sant\u00e9 digitale - ACMS\" \/>\n<meta property=\"og:description\" content=\"Sant\u00e9 digitale LA SANT\u00c9 NUM\u00c9RIQUE EST PLUS IMPORTANTE QUE JAMAIS Nous vivons dans un monde qui \u00e9volue rapidement ; les progr\u00e8s en mati\u00e8re d&rsquo;acc\u00e8s \u00e0 la technologie mobile, associ\u00e9s \u00e0 une connectivit\u00e9, offrent une occasion de rendre les soins de sant\u00e9 plus accessibles en changeant la mani\u00e8re dont nous nous engageons aupr\u00e8s des consommateurs. En [&hellip;]\" \/>\n<meta property=\"og:url\" content=\"https:\/\/romantic-albattani.15-237-64-242.plesk.page\/index.php\/que-faisons-nous\/activites-transversales\/sante-digitale\/\" \/>\n<meta property=\"og:site_name\" content=\"ACMS\" \/>\n<meta property=\"article:publisher\" content=\"https:\/\/web.facebook.com\/Associationcamerounaisepourlemarketingsocial\/?_rdc=1&amp;_rdr#\" \/>\n<meta property=\"article:modified_time\" content=\"2025-04-28T04:09:32+00:00\" \/>\n<meta property=\"og:image\" content=\"https:\/\/romantic-albattani.15-237-64-242.plesk.page\/wp-content\/uploads\/2025\/04\/Renforcement-du-Systeme-de-Sante.jpg\" \/>\n\t<meta property=\"og:image:width\" content=\"1312\" \/>\n\t<meta property=\"og:image:height\" content=\"433\" \/>\n\t<meta property=\"og:image:type\" content=\"image\/jpeg\" \/>\n<meta name=\"twitter:card\" content=\"summary_large_image\" \/>\n<meta name=\"twitter:label1\" content=\"Dur\u00e9e de lecture estim\u00e9e\" \/>\n\t<meta name=\"twitter:data1\" content=\"3 minutes\" \/>\n<script type=\"application\/ld+json\" class=\"yoast-schema-graph\">{\"@context\":\"https:\/\/schema.org\",\"@graph\":[{\"@type\":\"WebPage\",\"@id\":\"https:\/\/romantic-albattani.15-237-64-242.plesk.page\/index.php\/que-faisons-nous\/activites-transversales\/sante-digitale\/\",\"url\":\"https:\/\/romantic-albattani.15-237-64-242.plesk.page\/index.php\/que-faisons-nous\/activites-transversales\/sante-digitale\/\",\"name\":\"Sant\u00e9 digitale - ACMS\",\"isPartOf\":{\"@id\":\"https:\/\/romantic-albattani.15-237-64-242.plesk.page\/#website\"},\"primaryImageOfPage\":{\"@id\":\"https:\/\/romantic-albattani.15-237-64-242.plesk.page\/index.php\/que-faisons-nous\/activites-transversales\/sante-digitale\/#primaryimage\"},\"image\":{\"@id\":\"https:\/\/romantic-albattani.15-237-64-242.plesk.page\/index.php\/que-faisons-nous\/activites-transversales\/sante-digitale\/#primaryimage\"},\"thumbnailUrl\":\"https:\/\/romantic-albattani.15-237-64-242.plesk.page\/wp-content\/uploads\/2025\/04\/Renforcement-du-Systeme-de-Sante-1024x338.jpg\",\"datePublished\":\"2025-04-15T05:26:15+00:00\",\"dateModified\":\"2025-04-28T04:09:32+00:00\",\"breadcrumb\":{\"@id\":\"https:\/\/romantic-albattani.15-237-64-242.plesk.page\/index.php\/que-faisons-nous\/activites-transversales\/sante-digitale\/#breadcrumb\"},\"inLanguage\":\"fr-FR\",\"potentialAction\":[{\"@type\":\"ReadAction\",\"target\":[\"https:\/\/romantic-albattani.15-237-64-242.plesk.page\/index.php\/que-faisons-nous\/activites-transversales\/sante-digitale\/\"]}]},{\"@type\":\"ImageObject\",\"inLanguage\":\"fr-FR\",\"@id\":\"https:\/\/romantic-albattani.15-237-64-242.plesk.page\/index.php\/que-faisons-nous\/activites-transversales\/sante-digitale\/#primaryimage\",\"url\":\"https:\/\/romantic-albattani.15-237-64-242.plesk.page\/wp-content\/uploads\/2025\/04\/Renforcement-du-Systeme-de-Sante.jpg\",\"contentUrl\":\"https:\/\/romantic-albattani.15-237-64-242.plesk.page\/wp-content\/uploads\/2025\/04\/Renforcement-du-Systeme-de-Sante.jpg\",\"width\":1312,\"height\":433},{\"@type\":\"BreadcrumbList\",\"@id\":\"https:\/\/romantic-albattani.15-237-64-242.plesk.page\/index.php\/que-faisons-nous\/activites-transversales\/sante-digitale\/#breadcrumb\",\"itemListElement\":[{\"@type\":\"ListItem\",\"position\":1,\"name\":\"Accueil\",\"item\":\"https:\/\/romantic-albattani.15-237-64-242.plesk.page\/\"},{\"@type\":\"ListItem\",\"position\":2,\"name\":\"Que faisons-nous\",\"item\":\"https:\/\/romantic-albattani.15-237-64-242.plesk.page\/index.php\/que-faisons-nous\/\"},{\"@type\":\"ListItem\",\"position\":3,\"name\":\"Activit\u00e9s transversales\",\"item\":\"https:\/\/romantic-albattani.15-237-64-242.plesk.page\/index.php\/que-faisons-nous\/activites-transversales\/\"},{\"@type\":\"ListItem\",\"position\":4,\"name\":\"Sant\u00e9 digitale\"}]},{\"@type\":\"WebSite\",\"@id\":\"https:\/\/romantic-albattani.15-237-64-242.plesk.page\/#website\",\"url\":\"https:\/\/romantic-albattani.15-237-64-242.plesk.page\/\",\"name\":\"ACMS\",\"description\":\"\",\"publisher\":{\"@id\":\"https:\/\/romantic-albattani.15-237-64-242.plesk.page\/#organization\"},\"potentialAction\":[{\"@type\":\"SearchAction\",\"target\":{\"@type\":\"EntryPoint\",\"urlTemplate\":\"https:\/\/romantic-albattani.15-237-64-242.plesk.page\/?s={search_term_string}\"},\"query-input\":{\"@type\":\"PropertyValueSpecification\",\"valueRequired\":true,\"valueName\":\"search_term_string\"}}],\"inLanguage\":\"fr-FR\"},{\"@type\":\"Organization\",\"@id\":\"https:\/\/romantic-albattani.15-237-64-242.plesk.page\/#organization\",\"name\":\"ACMS\",\"url\":\"https:\/\/romantic-albattani.15-237-64-242.plesk.page\/\",\"logo\":{\"@type\":\"ImageObject\",\"inLanguage\":\"fr-FR\",\"@id\":\"https:\/\/romantic-albattani.15-237-64-242.plesk.page\/#\/schema\/logo\/image\/\",\"url\":\"https:\/\/romantic-albattani.15-237-64-242.plesk.page\/wp-content\/uploads\/2025\/04\/Logo-big.png\",\"contentUrl\":\"https:\/\/romantic-albattani.15-237-64-242.plesk.page\/wp-content\/uploads\/2025\/04\/Logo-big.png\",\"width\":487,\"height\":315,\"caption\":\"ACMS\"},\"image\":{\"@id\":\"https:\/\/romantic-albattani.15-237-64-242.plesk.page\/#\/schema\/logo\/image\/\"},\"sameAs\":[\"https:\/\/web.facebook.com\/Associationcamerounaisepourlemarketingsocial\/?_rdc=1&_rdr#\"]}]}<\/script>\n<!-- \/ Yoast SEO plugin. -->","yoast_head_json":{"title":"Sant\u00e9 digitale - ACMS","robots":{"index":"index","follow":"follow","max-snippet":"max-snippet:-1","max-image-preview":"max-image-preview:large","max-video-preview":"max-video-preview:-1"},"canonical":"https:\/\/romantic-albattani.15-237-64-242.plesk.page\/index.php\/que-faisons-nous\/activites-transversales\/sante-digitale\/","og_locale":"fr_FR","og_type":"article","og_title":"Sant\u00e9 digitale - ACMS","og_description":"Sant\u00e9 digitale LA SANT\u00c9 NUM\u00c9RIQUE EST PLUS IMPORTANTE QUE JAMAIS Nous vivons dans un monde qui \u00e9volue rapidement ; les progr\u00e8s en mati\u00e8re d&rsquo;acc\u00e8s \u00e0 la technologie mobile, associ\u00e9s \u00e0 une connectivit\u00e9, offrent une occasion de rendre les soins de sant\u00e9 plus accessibles en changeant la mani\u00e8re dont nous nous engageons aupr\u00e8s des consommateurs. En [&hellip;]","og_url":"https:\/\/romantic-albattani.15-237-64-242.plesk.page\/index.php\/que-faisons-nous\/activites-transversales\/sante-digitale\/","og_site_name":"ACMS","article_publisher":"https:\/\/web.facebook.com\/Associationcamerounaisepourlemarketingsocial\/?_rdc=1&_rdr#","article_modified_time":"2025-04-28T04:09:32+00:00","og_image":[{"width":1312,"height":433,"url":"https:\/\/romantic-albattani.15-237-64-242.plesk.page\/wp-content\/uploads\/2025\/04\/Renforcement-du-Systeme-de-Sante.jpg","type":"image\/jpeg"}],"twitter_card":"summary_large_image","twitter_misc":{"Dur\u00e9e de lecture estim\u00e9e":"3 minutes"},"schema":{"@context":"https:\/\/schema.org","@graph":[{"@type":"WebPage","@id":"https:\/\/romantic-albattani.15-237-64-242.plesk.page\/index.php\/que-faisons-nous\/activites-transversales\/sante-digitale\/","url":"https:\/\/romantic-albattani.15-237-64-242.plesk.page\/index.php\/que-faisons-nous\/activites-transversales\/sante-digitale\/","name":"Sant\u00e9 digitale - ACMS","isPartOf":{"@id":"https:\/\/romantic-albattani.15-237-64-242.plesk.page\/#website"},"primaryImageOfPage":{"@id":"https:\/\/romantic-albattani.15-237-64-242.plesk.page\/index.php\/que-faisons-nous\/activites-transversales\/sante-digitale\/#primaryimage"},"image":{"@id":"https:\/\/romantic-albattani.15-237-64-242.plesk.page\/index.php\/que-faisons-nous\/activites-transversales\/sante-digitale\/#primaryimage"},"thumbnailUrl":"https:\/\/romantic-albattani.15-237-64-242.plesk.page\/wp-content\/uploads\/2025\/04\/Renforcement-du-Systeme-de-Sante-1024x338.jpg","datePublished":"2025-04-15T05:26:15+00:00","dateModified":"2025-04-28T04:09:32+00:00","breadcrumb":{"@id":"https:\/\/romantic-albattani.15-237-64-242.plesk.page\/index.php\/que-faisons-nous\/activites-transversales\/sante-digitale\/#breadcrumb"},"inLanguage":"fr-FR","potentialAction":[{"@type":"ReadAction","target":["https:\/\/romantic-albattani.15-237-64-242.plesk.page\/index.php\/que-faisons-nous\/activites-transversales\/sante-digitale\/"]}]},{"@type":"ImageObject","inLanguage":"fr-FR","@id":"https:\/\/romantic-albattani.15-237-64-242.plesk.page\/index.php\/que-faisons-nous\/activites-transversales\/sante-digitale\/#primaryimage","url":"https:\/\/romantic-albattani.15-237-64-242.plesk.page\/wp-content\/uploads\/2025\/04\/Renforcement-du-Systeme-de-Sante.jpg","contentUrl":"https:\/\/romantic-albattani.15-237-64-242.plesk.page\/wp-content\/uploads\/2025\/04\/Renforcement-du-Systeme-de-Sante.jpg","width":1312,"height":433},{"@type":"BreadcrumbList","@id":"https:\/\/romantic-albattani.15-237-64-242.plesk.page\/index.php\/que-faisons-nous\/activites-transversales\/sante-digitale\/#breadcrumb","itemListElement":[{"@type":"ListItem","position":1,"name":"Accueil","item":"https:\/\/romantic-albattani.15-237-64-242.plesk.page\/"},{"@type":"ListItem","position":2,"name":"Que faisons-nous","item":"https:\/\/romantic-albattani.15-237-64-242.plesk.page\/index.php\/que-faisons-nous\/"},{"@type":"ListItem","position":3,"name":"Activit\u00e9s transversales","item":"https:\/\/romantic-albattani.15-237-64-242.plesk.page\/index.php\/que-faisons-nous\/activites-transversales\/"},{"@type":"ListItem","position":4,"name":"Sant\u00e9 digitale"}]},{"@type":"WebSite","@id":"https:\/\/romantic-albattani.15-237-64-242.plesk.page\/#website","url":"https:\/\/romantic-albattani.15-237-64-242.plesk.page\/","name":"ACMS","description":"","publisher":{"@id":"https:\/\/romantic-albattani.15-237-64-242.plesk.page\/#organization"},"potentialAction":[{"@type":"SearchAction","target":{"@type":"EntryPoint","urlTemplate":"https:\/\/romantic-albattani.15-237-64-242.plesk.page\/?s={search_term_string}"},"query-input":{"@type":"PropertyValueSpecification","valueRequired":true,"valueName":"search_term_string"}}],"inLanguage":"fr-FR"},{"@type":"Organization","@id":"https:\/\/romantic-albattani.15-237-64-242.plesk.page\/#organization","name":"ACMS","url":"https:\/\/romantic-albattani.15-237-64-242.plesk.page\/","logo":{"@type":"ImageObject","inLanguage":"fr-FR","@id":"https:\/\/romantic-albattani.15-237-64-242.plesk.page\/#\/schema\/logo\/image\/","url":"https:\/\/romantic-albattani.15-237-64-242.plesk.page\/wp-content\/uploads\/2025\/04\/Logo-big.png","contentUrl":"https:\/\/romantic-albattani.15-237-64-242.plesk.page\/wp-content\/uploads\/2025\/04\/Logo-big.png","width":487,"height":315,"caption":"ACMS"},"image":{"@id":"https:\/\/romantic-albattani.15-237-64-242.plesk.page\/#\/schema\/logo\/image\/"},"sameAs":["https:\/\/web.facebook.com\/Associationcamerounaisepourlemarketingsocial\/?_rdc=1&_rdr#"]}]}},"_links":{"self":[{"href":"https:\/\/romantic-albattani.15-237-64-242.plesk.page\/index.php\/wp-json\/wp\/v2\/pages\/67","targetHints":{"allow":["GET"]}}],"collection":[{"href":"https:\/\/romantic-albattani.15-237-64-242.plesk.page\/index.php\/wp-json\/wp\/v2\/pages"}],"about":[{"href":"https:\/\/romantic-albattani.15-237-64-242.plesk.page\/index.php\/wp-json\/wp\/v2\/types\/page"}],"author":[{"embeddable":true,"href":"https:\/\/romantic-albattani.15-237-64-242.plesk.page\/index.php\/wp-json\/wp\/v2\/users\/1"}],"replies":[{"embeddable":true,"href":"https:\/\/romantic-albattani.15-237-64-242.plesk.page\/index.php\/wp-json\/wp\/v2\/comments?post=67"}],"version-history":[{"count":7,"href":"https:\/\/romantic-albattani.15-237-64-242.plesk.page\/index.php\/wp-json\/wp\/v2\/pages\/67\/revisions"}],"predecessor-version":[{"id":1348,"href":"https:\/\/romantic-albattani.15-237-64-242.plesk.page\/index.php\/wp-json\/wp\/v2\/pages\/67\/revisions\/1348"}],"up":[{"embeddable":true,"href":"https:\/\/romantic-albattani.15-237-64-242.plesk.page\/index.php\/wp-json\/wp\/v2\/pages\/62"}],"wp:attachment":[{"href":"https:\/\/romantic-albattani.15-237-64-242.plesk.page\/index.php\/wp-json\/wp\/v2\/media?parent=67"}],"curies":[{"name":"wp","href":"https:\/\/api.w.org\/{rel}","templated":true}]}}