{"id":32,"date":"2025-04-15T05:13:37","date_gmt":"2025-04-15T05:13:37","guid":{"rendered":"https:\/\/romantic-albattani.15-237-64-242.plesk.page\/?page_id=32"},"modified":"2025-04-28T07:21:36","modified_gmt":"2025-04-28T07:21:36","slug":"nous-connaitre","status":"publish","type":"page","link":"https:\/\/romantic-albattani.15-237-64-242.plesk.page\/index.php\/qui-sommes-nous\/nous-connaitre\/","title":{"rendered":"Nous connaitre"},"content":{"rendered":"\t\t<div data-elementor-type=\"wp-page\" data-elementor-id=\"32\" class=\"elementor elementor-32\" data-elementor-post-type=\"page\">\n\t\t\t\t<div class=\"elementor-element elementor-element-b34eb03 e-grid e-con-boxed e-con e-parent\" data-id=\"b34eb03\" data-element_type=\"container\">\n\t\t\t\t\t<div class=\"e-con-inner\">\n\t\t<div class=\"elementor-element elementor-element-700a2d5 e-con-full e-flex e-con e-child\" data-id=\"700a2d5\" data-element_type=\"container\">\n\t\t\t\t<div class=\"elementor-element elementor-element-0627c21 elementor-widget elementor-widget-heading\" data-id=\"0627c21\" data-element_type=\"widget\" data-widget_type=\"heading.default\">\n\t\t\t\t<div class=\"elementor-widget-container\">\n\t\t\t\t\t<h2 class=\"elementor-heading-title elementor-size-default\">ACMS en bref<\/h2>\t\t\t\t<\/div>\n\t\t\t\t<\/div>\n\t\t\t\t<div class=\"elementor-element elementor-element-887c166 elementor-widget elementor-widget-text-editor\" data-id=\"887c166\" data-element_type=\"widget\" data-widget_type=\"text-editor.default\">\n\t\t\t\t<div class=\"elementor-widget-container\">\n\t\t\t\t\t\t\t\t\t<p>L\u2019ACMS est une ONG camerounaise qui am\u00e9liore la sant\u00e9 des communaut\u00e9s gr\u00e2ce \u00e0 des solutions innovantes.<\/p>\t\t\t\t\t\t\t\t<\/div>\n\t\t\t\t<\/div>\n\t\t\t\t<\/div>\n\t\t<div class=\"elementor-element elementor-element-1336213 e-con-full e-flex e-con e-child\" data-id=\"1336213\" data-element_type=\"container\">\n\t\t\t\t<div class=\"elementor-element elementor-element-51a9bd9 elementor-widget elementor-widget-image\" data-id=\"51a9bd9\" data-element_type=\"widget\" data-widget_type=\"image.default\">\n\t\t\t\t<div class=\"elementor-widget-container\">\n\t\t\t\t\t\t\t\t\t\t\t\t\t\t\t<img fetchpriority=\"high\" decoding=\"async\" width=\"600\" height=\"500\" src=\"https:\/\/romantic-albattani.15-237-64-242.plesk.page\/wp-content\/uploads\/2025\/04\/acms_en_bref.jpg\" class=\"attachment-large size-large wp-image-583\" alt=\"ACMS en bref\" srcset=\"https:\/\/romantic-albattani.15-237-64-242.plesk.page\/wp-content\/uploads\/2025\/04\/acms_en_bref.jpg 600w, https:\/\/romantic-albattani.15-237-64-242.plesk.page\/wp-content\/uploads\/2025\/04\/acms_en_bref-300x250.jpg 300w\" sizes=\"(max-width: 600px) 100vw, 600px\" \/>\t\t\t\t\t\t\t\t\t\t\t\t\t\t\t<\/div>\n\t\t\t\t<\/div>\n\t\t\t\t<\/div>\n\t\t\t\t\t<\/div>\n\t\t\t\t<\/div>\n\t\t<div class=\"elementor-element elementor-element-cbc5cc6 e-grid e-con-boxed e-con e-parent\" data-id=\"cbc5cc6\" data-element_type=\"container\">\n\t\t\t\t\t<div class=\"e-con-inner\">\n\t\t<div class=\"elementor-element elementor-element-e579309 e-con-full e-flex e-con e-child\" data-id=\"e579309\" data-element_type=\"container\">\n\t\t\t\t<div class=\"elementor-element elementor-element-da40e54 elementor-widget elementor-widget-image\" data-id=\"da40e54\" data-element_type=\"widget\" data-widget_type=\"image.default\">\n\t\t\t\t<div class=\"elementor-widget-container\">\n\t\t\t\t\t\t\t\t\t\t\t\t\t\t\t<img decoding=\"async\" width=\"382\" height=\"405\" src=\"https:\/\/romantic-albattani.15-237-64-242.plesk.page\/wp-content\/uploads\/2025\/04\/vision-mission.jpg\" class=\"attachment-large size-large wp-image-1394\" alt=\"\" srcset=\"https:\/\/romantic-albattani.15-237-64-242.plesk.page\/wp-content\/uploads\/2025\/04\/vision-mission.jpg 382w, https:\/\/romantic-albattani.15-237-64-242.plesk.page\/wp-content\/uploads\/2025\/04\/vision-mission-283x300.jpg 283w\" sizes=\"(max-width: 382px) 100vw, 382px\" \/>\t\t\t\t\t\t\t\t\t\t\t\t\t\t\t<\/div>\n\t\t\t\t<\/div>\n\t\t\t\t<\/div>\n\t\t<div class=\"elementor-element elementor-element-98a07be e-con-full e-flex e-con e-child\" data-id=\"98a07be\" data-element_type=\"container\">\n\t\t\t\t<div class=\"elementor-element elementor-element-08d4968 elementor-widget elementor-widget-heading\" data-id=\"08d4968\" data-element_type=\"widget\" data-widget_type=\"heading.default\">\n\t\t\t\t<div class=\"elementor-widget-container\">\n\t\t\t\t\t<h2 class=\"elementor-heading-title elementor-size-default\">Vision et mission<\/h2>\t\t\t\t<\/div>\n\t\t\t\t<\/div>\n\t\t\t\t<div class=\"elementor-element elementor-element-e07f512 elementor-widget elementor-widget-text-editor\" data-id=\"e07f512\" data-element_type=\"widget\" data-widget_type=\"text-editor.default\">\n\t\t\t\t<div class=\"elementor-widget-container\">\n\t\t\t\t\t\t\t\t\t<p>L\u2019Association Camerounaise pour le Marketing Social (ACMS) est une ONG autonome, une force motrice et un acteur majeur qui r\u00e9pond efficacement aux d\u00e9fis de d\u00e9veloppement en synergie avec les autres acteurs. Elle agit imm\u00e9diatement partout o\u00f9 le besoin se fait sentir, \u00e0 travers des solutions novatrices, pour aider les communaut\u00e9s \u00e0 construire leur bien-\u00eatre.<\/p>\t\t\t\t\t\t\t\t<\/div>\n\t\t\t\t<\/div>\n\t\t\t\t<\/div>\n\t\t\t\t\t<\/div>\n\t\t\t\t<\/div>\n\t\t<div class=\"elementor-element elementor-element-2413e4f e-grid e-con-boxed e-con e-parent\" data-id=\"2413e4f\" data-element_type=\"container\">\n\t\t\t\t\t<div class=\"e-con-inner\">\n\t\t<div class=\"elementor-element elementor-element-ded4f53 e-con-full e-flex e-con e-child\" data-id=\"ded4f53\" data-element_type=\"container\">\n\t\t\t\t<div class=\"elementor-element elementor-element-2db889a elementor-widget elementor-widget-image\" data-id=\"2db889a\" data-element_type=\"widget\" data-widget_type=\"image.default\">\n\t\t\t\t<div class=\"elementor-widget-container\">\n\t\t\t\t\t\t\t\t\t\t\t\t\t\t\t<img decoding=\"async\" width=\"382\" height=\"405\" src=\"https:\/\/romantic-albattani.15-237-64-242.plesk.page\/wp-content\/uploads\/2025\/04\/histoire.jpg\" class=\"attachment-large size-large wp-image-1392\" alt=\"\" srcset=\"https:\/\/romantic-albattani.15-237-64-242.plesk.page\/wp-content\/uploads\/2025\/04\/histoire.jpg 382w, https:\/\/romantic-albattani.15-237-64-242.plesk.page\/wp-content\/uploads\/2025\/04\/histoire-283x300.jpg 283w\" sizes=\"(max-width: 382px) 100vw, 382px\" \/>\t\t\t\t\t\t\t\t\t\t\t\t\t\t\t<\/div>\n\t\t\t\t<\/div>\n\t\t\t\t<\/div>\n\t\t<div class=\"elementor-element elementor-element-fe7d901 e-con-full e-flex e-con e-child\" data-id=\"fe7d901\" data-element_type=\"container\">\n\t\t\t\t<div class=\"elementor-element elementor-element-de51e81 elementor-widget elementor-widget-heading\" data-id=\"de51e81\" data-element_type=\"widget\" data-widget_type=\"heading.default\">\n\t\t\t\t<div class=\"elementor-widget-container\">\n\t\t\t\t\t<h2 class=\"elementor-heading-title elementor-size-default\">Notre histoire<\/h2>\t\t\t\t<\/div>\n\t\t\t\t<\/div>\n\t\t\t\t<div class=\"elementor-element elementor-element-0793504 elementor-widget elementor-widget-text-editor\" data-id=\"0793504\" data-element_type=\"widget\" data-widget_type=\"text-editor.default\">\n\t\t\t\t<div class=\"elementor-widget-container\">\n\t\t\t\t\t\t\t\t\t<p><strong>1996<\/strong>\u00a0: Cr\u00e9ation de l\u2019Association Camerounaise pour le Marketing Social &#8211; ACMS<br \/>\u00a0<br \/><strong>2011<\/strong>\u00a0: \u00a0L\u2019ACMS acquiert le statut d\u2019ONG<br \/>\u00a0<br \/><strong>1er janvier 2024<\/strong>\u00a0:\u00a0D\u00e9consolidation financi\u00e8re et de gouvernance avec l\u2019ONG am\u00e9ricaine Population Services International (PSI)<br \/>\u00a0<br \/>L&rsquo;ACMS a son si\u00e8ge social \u00e0 Yaound\u00e9 et dispose de cinq bureaux r\u00e9gionaux,\u00a0dans les villes de Douala, Bertoua, Ngaound\u00e9r\u00e9, Garoua et Maroua.\u00a0<br \/>\u00a0<br \/>Les interventions de l\u2019ACMS couvrent l\u2019ensemble du territoire national<\/p>\t\t\t\t\t\t\t\t<\/div>\n\t\t\t\t<\/div>\n\t\t\t\t<\/div>\n\t\t\t\t\t<\/div>\n\t\t\t\t<\/div>\n\t\t<div class=\"elementor-element elementor-element-1646e88 e-grid e-con-boxed e-con e-parent\" data-id=\"1646e88\" data-element_type=\"container\">\n\t\t\t\t\t<div class=\"e-con-inner\">\n\t\t<div class=\"elementor-element elementor-element-36d88cb e-con-full e-flex e-con e-child\" data-id=\"36d88cb\" data-element_type=\"container\">\n\t\t\t\t<div class=\"elementor-element elementor-element-7e2e94b elementor-widget elementor-widget-image\" data-id=\"7e2e94b\" data-element_type=\"widget\" data-widget_type=\"image.default\">\n\t\t\t\t<div class=\"elementor-widget-container\">\n\t\t\t\t\t\t\t\t\t\t\t\t\t\t\t<img loading=\"lazy\" decoding=\"async\" width=\"382\" height=\"406\" src=\"https:\/\/romantic-albattani.15-237-64-242.plesk.page\/wp-content\/uploads\/2025\/04\/valeurs.jpg\" class=\"attachment-large size-large wp-image-1393\" alt=\"\" srcset=\"https:\/\/romantic-albattani.15-237-64-242.plesk.page\/wp-content\/uploads\/2025\/04\/valeurs.jpg 382w, https:\/\/romantic-albattani.15-237-64-242.plesk.page\/wp-content\/uploads\/2025\/04\/valeurs-282x300.jpg 282w\" sizes=\"(max-width: 382px) 100vw, 382px\" \/>\t\t\t\t\t\t\t\t\t\t\t\t\t\t\t<\/div>\n\t\t\t\t<\/div>\n\t\t\t\t<\/div>\n\t\t<div class=\"elementor-element elementor-element-6e6f8e4 e-con-full e-flex e-con e-child\" data-id=\"6e6f8e4\" data-element_type=\"container\">\n\t\t\t\t<div class=\"elementor-element elementor-element-8beb433 elementor-widget elementor-widget-heading\" data-id=\"8beb433\" data-element_type=\"widget\" data-widget_type=\"heading.default\">\n\t\t\t\t<div class=\"elementor-widget-container\">\n\t\t\t\t\t<h2 class=\"elementor-heading-title elementor-size-default\">Nos valeurs<\/h2>\t\t\t\t<\/div>\n\t\t\t\t<\/div>\n\t\t\t\t<div class=\"elementor-element elementor-element-ade3d29 elementor-widget elementor-widget-text-editor\" data-id=\"ade3d29\" data-element_type=\"widget\" data-widget_type=\"text-editor.default\">\n\t\t\t\t<div class=\"elementor-widget-container\">\n\t\t\t\t\t\t\t\t\t<p>\u2022\u00a0<strong>L\u2019int\u00e9grit\u00e9\u00a0<\/strong>: Nous sommes responsables et redevables envers nos b\u00e9n\u00e9ficiaires et nos partenaires. Nous devons agir en tout lieu et dans toutes les circonstances possibles dans la transparence et l\u2019honn\u00eatet\u00e9.<br \/>\u00a0<br \/>\u2022\u00a0<strong>Le respect\u00a0<\/strong>: Nous accordons du prix aux b\u00e9n\u00e9ficiaires de nos interventions et nous ne portons pas des jugements de valeur sur leurs modes de vie et de pens\u00e9e. Nous savons qu\u2019ensemble et unis, nous pouvons r\u00e9soudre les probl\u00e8mes les plus complexes.<br \/>\u00a0<br \/>\u00a0<br \/>\u2022\u00a0<strong>L\u2019\u00e9galit\u00e9\u00a0<\/strong>: Nous croyons \u00e0 l&rsquo;importance de respecter et d&rsquo;honorer chaque individu ; Nous accordons les m\u00eames valeurs et consid\u00e9rations aux partenaires et b\u00e9n\u00e9ficiaires y compris toute l\u2019\u00e9quipe de notre organisation tout en agissant en toute transparence sans aucun jugement fond\u00e9 sur le sexe, la race, l\u2019ethnie, la religion, et le handicap.<br \/>\u00a0<br \/>\u2022\u00a0<strong>L\u2019efficacit\u00e9<\/strong>\u00a0: Nous intervenons avec professionnalisme et un grand esprit de redevabilit\u00e9 constante envers nos cibles de sorte \u00e0 toujours atteindre les impacts recherch\u00e9s dans le cadre de nos interventions<\/p>\t\t\t\t\t\t\t\t<\/div>\n\t\t\t\t<\/div>\n\t\t\t\t<\/div>\n\t\t\t\t\t<\/div>\n\t\t\t\t<\/div>\n\t\t<div class=\"elementor-element elementor-element-46b1fb53 e-flex e-con-boxed e-con e-parent\" data-id=\"46b1fb53\" data-element_type=\"container\" data-settings=\"{&quot;background_background&quot;:&quot;classic&quot;}\">\n\t\t\t\t\t<div class=\"e-con-inner\">\n\t\t\t\t<div class=\"elementor-element elementor-element-62a32cc4 elementor-widget elementor-widget-heading\" data-id=\"62a32cc4\" data-element_type=\"widget\" data-widget_type=\"heading.default\">\n\t\t\t\t<div class=\"elementor-widget-container\">\n\t\t\t\t\t<h2 class=\"elementor-heading-title elementor-size-default\">Restez inform\u00e9 avec notre newsletter<\/h2>\t\t\t\t<\/div>\n\t\t\t\t<\/div>\n\t\t\t\t<div class=\"elementor-element elementor-element-74e5b38d elementor-widget elementor-widget-text-editor\" data-id=\"74e5b38d\" data-element_type=\"widget\" data-widget_type=\"text-editor.default\">\n\t\t\t\t<div class=\"elementor-widget-container\">\n\t\t\t\t\t\t\t\t\t<p>Inscrivez-vous pour recevoir les derni\u00e8res nouvelles et mises \u00e0 jour de l&rsquo;ACMS directement dans votre bo\u00eete mail<\/p>\t\t\t\t\t\t\t\t<\/div>\n\t\t\t\t<\/div>\n\t\t\t\t<div class=\"elementor-element elementor-element-770e336c elementor-widget elementor-widget-html\" data-id=\"770e336c\" data-element_type=\"widget\" data-widget_type=\"html.default\">\n\t\t\t\t<div class=\"elementor-widget-container\">\n\t\t\t\t\t<div class=\"tnp tnp-subscription \">\r\n<form method=\"post\" action=\"https:\/\/romantic-albattani.15-237-64-242.plesk.page\/wp-admin\/admin-ajax.php?action=tnp&na=s\">\r\n<input type=\"hidden\" name=\"nlang\" value=\"\">\r\n<div class=\"tnp-field tnp-field-email\"><label for=\"tnp-1\">E-mail<\/label>\r\n<input class=\"tnp-email\" type=\"email\" name=\"ne\" id=\"tnp-1\" value=\"\" placeholder=\"\" required><\/div>\r\n<div class=\"tnp-field tnp-privacy-field\"><label><input type=\"checkbox\" name=\"ny\" required class=\"tnp-privacy\"> I accept the privacy policy<\/label><\/div><div class=\"tnp-field tnp-field-button\" style=\"text-align: left\"><input class=\"tnp-submit\" type=\"submit\" value=\"S'abonner\" style=\"\">\r\n<\/div>\r\n<\/form>\r\n<\/div>\t\t\t\t<\/div>\n\t\t\t\t<\/div>\n\t\t\t\t\t<\/div>\n\t\t\t\t<\/div>\n\t\t\t\t<\/div>\n\t\t","protected":false},"excerpt":{"rendered":"<p>ACMS en bref L\u2019ACMS est une ONG camerounaise qui am\u00e9liore la sant\u00e9 des communaut\u00e9s gr\u00e2ce \u00e0 des solutions innovantes. Vision et mission L\u2019Association Camerounaise pour le Marketing Social (ACMS) est une ONG autonome, une force motrice et un acteur majeur qui r\u00e9pond efficacement aux d\u00e9fis de d\u00e9veloppement en synergie avec les autres acteurs. Elle agit [&hellip;]<\/p>\n","protected":false},"author":1,"featured_media":0,"parent":140,"menu_order":0,"comment_status":"closed","ping_status":"closed","template":"","meta":{"footnotes":""},"class_list":["post-32","page","type-page","status-publish","hentry"],"yoast_head":"<!-- This site is optimized with the Yoast SEO plugin v24.8.1 - https:\/\/yoast.com\/wordpress\/plugins\/seo\/ -->\n<title>Nous connaitre - ACMS<\/title>\n<meta name=\"robots\" content=\"index, follow, max-snippet:-1, max-image-preview:large, max-video-preview:-1\" \/>\n<link rel=\"canonical\" href=\"https:\/\/romantic-albattani.15-237-64-242.plesk.page\/index.php\/qui-sommes-nous\/nous-connaitre\/\" \/>\n<meta property=\"og:locale\" content=\"fr_FR\" \/>\n<meta property=\"og:type\" content=\"article\" \/>\n<meta property=\"og:title\" content=\"Nous connaitre - ACMS\" \/>\n<meta property=\"og:description\" content=\"ACMS en bref L\u2019ACMS est une ONG camerounaise qui am\u00e9liore la sant\u00e9 des communaut\u00e9s gr\u00e2ce \u00e0 des solutions innovantes. Vision et mission L\u2019Association Camerounaise pour le Marketing Social (ACMS) est une ONG autonome, une force motrice et un acteur majeur qui r\u00e9pond efficacement aux d\u00e9fis de d\u00e9veloppement en synergie avec les autres acteurs. Elle agit [&hellip;]\" \/>\n<meta property=\"og:url\" content=\"https:\/\/romantic-albattani.15-237-64-242.plesk.page\/index.php\/qui-sommes-nous\/nous-connaitre\/\" \/>\n<meta property=\"og:site_name\" content=\"ACMS\" \/>\n<meta property=\"article:publisher\" content=\"https:\/\/web.facebook.com\/Associationcamerounaisepourlemarketingsocial\/?_rdc=1&amp;_rdr#\" \/>\n<meta property=\"article:modified_time\" content=\"2025-04-28T07:21:36+00:00\" \/>\n<meta property=\"og:image\" content=\"https:\/\/romantic-albattani.15-237-64-242.plesk.page\/wp-content\/uploads\/2025\/04\/acms_en_bref.jpg\" \/>\n\t<meta property=\"og:image:width\" content=\"600\" \/>\n\t<meta property=\"og:image:height\" content=\"500\" \/>\n\t<meta property=\"og:image:type\" content=\"image\/jpeg\" \/>\n<meta name=\"twitter:card\" content=\"summary_large_image\" \/>\n<meta name=\"twitter:label1\" content=\"Dur\u00e9e de lecture estim\u00e9e\" \/>\n\t<meta name=\"twitter:data1\" content=\"3 minutes\" \/>\n<script type=\"application\/ld+json\" class=\"yoast-schema-graph\">{\"@context\":\"https:\/\/schema.org\",\"@graph\":[{\"@type\":\"WebPage\",\"@id\":\"https:\/\/romantic-albattani.15-237-64-242.plesk.page\/index.php\/qui-sommes-nous\/nous-connaitre\/\",\"url\":\"https:\/\/romantic-albattani.15-237-64-242.plesk.page\/index.php\/qui-sommes-nous\/nous-connaitre\/\",\"name\":\"Nous connaitre - ACMS\",\"isPartOf\":{\"@id\":\"https:\/\/romantic-albattani.15-237-64-242.plesk.page\/#website\"},\"primaryImageOfPage\":{\"@id\":\"https:\/\/romantic-albattani.15-237-64-242.plesk.page\/index.php\/qui-sommes-nous\/nous-connaitre\/#primaryimage\"},\"image\":{\"@id\":\"https:\/\/romantic-albattani.15-237-64-242.plesk.page\/index.php\/qui-sommes-nous\/nous-connaitre\/#primaryimage\"},\"thumbnailUrl\":\"https:\/\/romantic-albattani.15-237-64-242.plesk.page\/wp-content\/uploads\/2025\/04\/acms_en_bref.jpg\",\"datePublished\":\"2025-04-15T05:13:37+00:00\",\"dateModified\":\"2025-04-28T07:21:36+00:00\",\"breadcrumb\":{\"@id\":\"https:\/\/romantic-albattani.15-237-64-242.plesk.page\/index.php\/qui-sommes-nous\/nous-connaitre\/#breadcrumb\"},\"inLanguage\":\"fr-FR\",\"potentialAction\":[{\"@type\":\"ReadAction\",\"target\":[\"https:\/\/romantic-albattani.15-237-64-242.plesk.page\/index.php\/qui-sommes-nous\/nous-connaitre\/\"]}]},{\"@type\":\"ImageObject\",\"inLanguage\":\"fr-FR\",\"@id\":\"https:\/\/romantic-albattani.15-237-64-242.plesk.page\/index.php\/qui-sommes-nous\/nous-connaitre\/#primaryimage\",\"url\":\"https:\/\/romantic-albattani.15-237-64-242.plesk.page\/wp-content\/uploads\/2025\/04\/acms_en_bref.jpg\",\"contentUrl\":\"https:\/\/romantic-albattani.15-237-64-242.plesk.page\/wp-content\/uploads\/2025\/04\/acms_en_bref.jpg\",\"width\":600,\"height\":500,\"caption\":\"ACMS en bref\"},{\"@type\":\"BreadcrumbList\",\"@id\":\"https:\/\/romantic-albattani.15-237-64-242.plesk.page\/index.php\/qui-sommes-nous\/nous-connaitre\/#breadcrumb\",\"itemListElement\":[{\"@type\":\"ListItem\",\"position\":1,\"name\":\"Accueil\",\"item\":\"https:\/\/romantic-albattani.15-237-64-242.plesk.page\/\"},{\"@type\":\"ListItem\",\"position\":2,\"name\":\"Qui sommes-nous\",\"item\":\"https:\/\/romantic-albattani.15-237-64-242.plesk.page\/index.php\/qui-sommes-nous\/\"},{\"@type\":\"ListItem\",\"position\":3,\"name\":\"Nous connaitre\"}]},{\"@type\":\"WebSite\",\"@id\":\"https:\/\/romantic-albattani.15-237-64-242.plesk.page\/#website\",\"url\":\"https:\/\/romantic-albattani.15-237-64-242.plesk.page\/\",\"name\":\"ACMS\",\"description\":\"\",\"publisher\":{\"@id\":\"https:\/\/romantic-albattani.15-237-64-242.plesk.page\/#organization\"},\"potentialAction\":[{\"@type\":\"SearchAction\",\"target\":{\"@type\":\"EntryPoint\",\"urlTemplate\":\"https:\/\/romantic-albattani.15-237-64-242.plesk.page\/?s={search_term_string}\"},\"query-input\":{\"@type\":\"PropertyValueSpecification\",\"valueRequired\":true,\"valueName\":\"search_term_string\"}}],\"inLanguage\":\"fr-FR\"},{\"@type\":\"Organization\",\"@id\":\"https:\/\/romantic-albattani.15-237-64-242.plesk.page\/#organization\",\"name\":\"ACMS\",\"url\":\"https:\/\/romantic-albattani.15-237-64-242.plesk.page\/\",\"logo\":{\"@type\":\"ImageObject\",\"inLanguage\":\"fr-FR\",\"@id\":\"https:\/\/romantic-albattani.15-237-64-242.plesk.page\/#\/schema\/logo\/image\/\",\"url\":\"https:\/\/romantic-albattani.15-237-64-242.plesk.page\/wp-content\/uploads\/2025\/04\/Logo-big.png\",\"contentUrl\":\"https:\/\/romantic-albattani.15-237-64-242.plesk.page\/wp-content\/uploads\/2025\/04\/Logo-big.png\",\"width\":487,\"height\":315,\"caption\":\"ACMS\"},\"image\":{\"@id\":\"https:\/\/romantic-albattani.15-237-64-242.plesk.page\/#\/schema\/logo\/image\/\"},\"sameAs\":[\"https:\/\/web.facebook.com\/Associationcamerounaisepourlemarketingsocial\/?_rdc=1&_rdr#\"]}]}<\/script>\n<!-- \/ Yoast SEO plugin. -->","yoast_head_json":{"title":"Nous connaitre - ACMS","robots":{"index":"index","follow":"follow","max-snippet":"max-snippet:-1","max-image-preview":"max-image-preview:large","max-video-preview":"max-video-preview:-1"},"canonical":"https:\/\/romantic-albattani.15-237-64-242.plesk.page\/index.php\/qui-sommes-nous\/nous-connaitre\/","og_locale":"fr_FR","og_type":"article","og_title":"Nous connaitre - ACMS","og_description":"ACMS en bref L\u2019ACMS est une ONG camerounaise qui am\u00e9liore la sant\u00e9 des communaut\u00e9s gr\u00e2ce \u00e0 des solutions innovantes. Vision et mission L\u2019Association Camerounaise pour le Marketing Social (ACMS) est une ONG autonome, une force motrice et un acteur majeur qui r\u00e9pond efficacement aux d\u00e9fis de d\u00e9veloppement en synergie avec les autres acteurs. Elle agit [&hellip;]","og_url":"https:\/\/romantic-albattani.15-237-64-242.plesk.page\/index.php\/qui-sommes-nous\/nous-connaitre\/","og_site_name":"ACMS","article_publisher":"https:\/\/web.facebook.com\/Associationcamerounaisepourlemarketingsocial\/?_rdc=1&_rdr#","article_modified_time":"2025-04-28T07:21:36+00:00","og_image":[{"width":600,"height":500,"url":"https:\/\/romantic-albattani.15-237-64-242.plesk.page\/wp-content\/uploads\/2025\/04\/acms_en_bref.jpg","type":"image\/jpeg"}],"twitter_card":"summary_large_image","twitter_misc":{"Dur\u00e9e de lecture estim\u00e9e":"3 minutes"},"schema":{"@context":"https:\/\/schema.org","@graph":[{"@type":"WebPage","@id":"https:\/\/romantic-albattani.15-237-64-242.plesk.page\/index.php\/qui-sommes-nous\/nous-connaitre\/","url":"https:\/\/romantic-albattani.15-237-64-242.plesk.page\/index.php\/qui-sommes-nous\/nous-connaitre\/","name":"Nous connaitre - ACMS","isPartOf":{"@id":"https:\/\/romantic-albattani.15-237-64-242.plesk.page\/#website"},"primaryImageOfPage":{"@id":"https:\/\/romantic-albattani.15-237-64-242.plesk.page\/index.php\/qui-sommes-nous\/nous-connaitre\/#primaryimage"},"image":{"@id":"https:\/\/romantic-albattani.15-237-64-242.plesk.page\/index.php\/qui-sommes-nous\/nous-connaitre\/#primaryimage"},"thumbnailUrl":"https:\/\/romantic-albattani.15-237-64-242.plesk.page\/wp-content\/uploads\/2025\/04\/acms_en_bref.jpg","datePublished":"2025-04-15T05:13:37+00:00","dateModified":"2025-04-28T07:21:36+00:00","breadcrumb":{"@id":"https:\/\/romantic-albattani.15-237-64-242.plesk.page\/index.php\/qui-sommes-nous\/nous-connaitre\/#breadcrumb"},"inLanguage":"fr-FR","potentialAction":[{"@type":"ReadAction","target":["https:\/\/romantic-albattani.15-237-64-242.plesk.page\/index.php\/qui-sommes-nous\/nous-connaitre\/"]}]},{"@type":"ImageObject","inLanguage":"fr-FR","@id":"https:\/\/romantic-albattani.15-237-64-242.plesk.page\/index.php\/qui-sommes-nous\/nous-connaitre\/#primaryimage","url":"https:\/\/romantic-albattani.15-237-64-242.plesk.page\/wp-content\/uploads\/2025\/04\/acms_en_bref.jpg","contentUrl":"https:\/\/romantic-albattani.15-237-64-242.plesk.page\/wp-content\/uploads\/2025\/04\/acms_en_bref.jpg","width":600,"height":500,"caption":"ACMS en bref"},{"@type":"BreadcrumbList","@id":"https:\/\/romantic-albattani.15-237-64-242.plesk.page\/index.php\/qui-sommes-nous\/nous-connaitre\/#breadcrumb","itemListElement":[{"@type":"ListItem","position":1,"name":"Accueil","item":"https:\/\/romantic-albattani.15-237-64-242.plesk.page\/"},{"@type":"ListItem","position":2,"name":"Qui sommes-nous","item":"https:\/\/romantic-albattani.15-237-64-242.plesk.page\/index.php\/qui-sommes-nous\/"},{"@type":"ListItem","position":3,"name":"Nous connaitre"}]},{"@type":"WebSite","@id":"https:\/\/romantic-albattani.15-237-64-242.plesk.page\/#website","url":"https:\/\/romantic-albattani.15-237-64-242.plesk.page\/","name":"ACMS","description":"","publisher":{"@id":"https:\/\/romantic-albattani.15-237-64-242.plesk.page\/#organization"},"potentialAction":[{"@type":"SearchAction","target":{"@type":"EntryPoint","urlTemplate":"https:\/\/romantic-albattani.15-237-64-242.plesk.page\/?s={search_term_string}"},"query-input":{"@type":"PropertyValueSpecification","valueRequired":true,"valueName":"search_term_string"}}],"inLanguage":"fr-FR"},{"@type":"Organization","@id":"https:\/\/romantic-albattani.15-237-64-242.plesk.page\/#organization","name":"ACMS","url":"https:\/\/romantic-albattani.15-237-64-242.plesk.page\/","logo":{"@type":"ImageObject","inLanguage":"fr-FR","@id":"https:\/\/romantic-albattani.15-237-64-242.plesk.page\/#\/schema\/logo\/image\/","url":"https:\/\/romantic-albattani.15-237-64-242.plesk.page\/wp-content\/uploads\/2025\/04\/Logo-big.png","contentUrl":"https:\/\/romantic-albattani.15-237-64-242.plesk.page\/wp-content\/uploads\/2025\/04\/Logo-big.png","width":487,"height":315,"caption":"ACMS"},"image":{"@id":"https:\/\/romantic-albattani.15-237-64-242.plesk.page\/#\/schema\/logo\/image\/"},"sameAs":["https:\/\/web.facebook.com\/Associationcamerounaisepourlemarketingsocial\/?_rdc=1&_rdr#"]}]}},"_links":{"self":[{"href":"https:\/\/romantic-albattani.15-237-64-242.plesk.page\/index.php\/wp-json\/wp\/v2\/pages\/32","targetHints":{"allow":["GET"]}}],"collection":[{"href":"https:\/\/romantic-albattani.15-237-64-242.plesk.page\/index.php\/wp-json\/wp\/v2\/pages"}],"about":[{"href":"https:\/\/romantic-albattani.15-237-64-242.plesk.page\/index.php\/wp-json\/wp\/v2\/types\/page"}],"author":[{"embeddable":true,"href":"https:\/\/romantic-albattani.15-237-64-242.plesk.page\/index.php\/wp-json\/wp\/v2\/users\/1"}],"replies":[{"embeddable":true,"href":"https:\/\/romantic-albattani.15-237-64-242.plesk.page\/index.php\/wp-json\/wp\/v2\/comments?post=32"}],"version-history":[{"count":58,"href":"https:\/\/romantic-albattani.15-237-64-242.plesk.page\/index.php\/wp-json\/wp\/v2\/pages\/32\/revisions"}],"predecessor-version":[{"id":1397,"href":"https:\/\/romantic-albattani.15-237-64-242.plesk.page\/index.php\/wp-json\/wp\/v2\/pages\/32\/revisions\/1397"}],"up":[{"embeddable":true,"href":"https:\/\/romantic-albattani.15-237-64-242.plesk.page\/index.php\/wp-json\/wp\/v2\/pages\/140"}],"wp:attachment":[{"href":"https:\/\/romantic-albattani.15-237-64-242.plesk.page\/index.php\/wp-json\/wp\/v2\/media?parent=32"}],"curies":[{"name":"wp","href":"https:\/\/api.w.org\/{rel}","templated":true}]}}