{"id":19,"date":"2025-04-12T17:25:38","date_gmt":"2025-04-12T17:25:38","guid":{"rendered":"https:\/\/romantic-albattani.15-237-64-242.plesk.page\/?page_id=19"},"modified":"2025-04-29T03:49:38","modified_gmt":"2025-04-29T03:49:38","slug":"portail-2","status":"publish","type":"page","link":"https:\/\/romantic-albattani.15-237-64-242.plesk.page\/","title":{"rendered":"Portail"},"content":{"rendered":"\t\t<div data-elementor-type=\"wp-page\" data-elementor-id=\"19\" class=\"elementor elementor-19\" data-elementor-post-type=\"page\">\n\t\t\t\t<div class=\"elementor-element elementor-element-9f7e5f8 e-grid e-con-boxed e-con e-parent\" data-id=\"9f7e5f8\" data-element_type=\"container\">\n\t\t\t\t\t<div class=\"e-con-inner\">\n\t\t<div class=\"elementor-element elementor-element-cb7df01 e-con-full e-flex e-con e-child\" data-id=\"cb7df01\" data-element_type=\"container\">\n\t\t\t\t<div class=\"elementor-element elementor-element-759d6c4 elementor-widget elementor-widget-theme-site-logo elementor-widget-image\" data-id=\"759d6c4\" data-element_type=\"widget\" data-widget_type=\"theme-site-logo.default\">\n\t\t\t\t<div class=\"elementor-widget-container\">\n\t\t\t\t\t\t\t\t\t\t\t<img fetchpriority=\"high\" decoding=\"async\" width=\"487\" height=\"315\" src=\"https:\/\/romantic-albattani.15-237-64-242.plesk.page\/wp-content\/uploads\/2025\/04\/cropped-Logo-big.png\" class=\"attachment-full size-full wp-image-146\" alt=\"Logo ACMS\" srcset=\"https:\/\/romantic-albattani.15-237-64-242.plesk.page\/wp-content\/uploads\/2025\/04\/cropped-Logo-big.png 487w, https:\/\/romantic-albattani.15-237-64-242.plesk.page\/wp-content\/uploads\/2025\/04\/cropped-Logo-big-300x194.png 300w, https:\/\/romantic-albattani.15-237-64-242.plesk.page\/wp-content\/uploads\/2025\/04\/elementor\/thumbs\/cropped-Logo-big-r4dsi76pz1gqw920lwdvbj509b5msf116p7m371ads.png 210w\" sizes=\"(max-width: 487px) 100vw, 487px\" \/>\t\t\t\t\t\t\t\t\t\t\t\t<\/div>\n\t\t\t\t<\/div>\n\t\t\t\t<\/div>\n\t\t<div class=\"elementor-element elementor-element-42f295f e-con-full e-flex e-con e-child\" data-id=\"42f295f\" data-element_type=\"container\" data-settings=\"{&quot;background_background&quot;:&quot;classic&quot;}\">\n\t\t\t\t<div class=\"elementor-element elementor-element-3938c1b elementor-widget elementor-widget-heading\" data-id=\"3938c1b\" data-element_type=\"widget\" data-widget_type=\"heading.default\">\n\t\t\t\t<div class=\"elementor-widget-container\">\n\t\t\t\t\t<h2 class=\"elementor-heading-title elementor-size-default\">Votre bien-\u00eatre, notre priorit\u00e9<\/h2>\t\t\t\t<\/div>\n\t\t\t\t<\/div>\n\t\t\t\t<div class=\"elementor-element elementor-element-1a0426e elementor-widget-divider--view-line_icon elementor-view-default elementor-widget-divider--element-align-center elementor-widget elementor-widget-divider\" data-id=\"1a0426e\" data-element_type=\"widget\" data-widget_type=\"divider.default\">\n\t\t\t\t<div class=\"elementor-widget-container\">\n\t\t\t\t\t\t\t<div class=\"elementor-divider\">\n\t\t\t<span class=\"elementor-divider-separator\">\n\t\t\t\t\t\t\t<div class=\"elementor-icon elementor-divider__element\">\n\t\t\t\t\t<svg aria-hidden=\"true\" class=\"e-font-icon-svg e-far-dot-circle\" viewBox=\"0 0 512 512\" xmlns=\"http:\/\/www.w3.org\/2000\/svg\"><path d=\"M256 56c110.532 0 200 89.451 200 200 0 110.532-89.451 200-200 200-110.532 0-200-89.451-200-200 0-110.532 89.451-200 200-200m0-48C119.033 8 8 119.033 8 256s111.033 248 248 248 248-111.033 248-248S392.967 8 256 8zm0 168c-44.183 0-80 35.817-80 80s35.817 80 80 80 80-35.817 80-80-35.817-80-80-80z\"><\/path><\/svg><\/div>\n\t\t\t\t\t\t<\/span>\n\t\t<\/div>\n\t\t\t\t\t\t<\/div>\n\t\t\t\t<\/div>\n\t\t\t\t<div class=\"elementor-element elementor-element-d4c35d8 elementor-widget elementor-widget-heading\" data-id=\"d4c35d8\" data-element_type=\"widget\" data-widget_type=\"heading.default\">\n\t\t\t\t<div class=\"elementor-widget-container\">\n\t\t\t\t\t<h2 class=\"elementor-heading-title elementor-size-default\">Your well-being, our priority<\/h2>\t\t\t\t<\/div>\n\t\t\t\t<\/div>\n\t\t<div class=\"elementor-element elementor-element-5b031ef e-con-full e-flex e-con e-child\" data-id=\"5b031ef\" data-element_type=\"container\">\n\t\t\t\t<div class=\"elementor-element elementor-element-b2bb707 elementor-widget elementor-widget-button\" data-id=\"b2bb707\" data-element_type=\"widget\" data-widget_type=\"button.default\">\n\t\t\t\t<div class=\"elementor-widget-container\">\n\t\t\t\t\t\t\t\t\t<div class=\"elementor-button-wrapper\">\n\t\t\t\t\t<a class=\"elementor-button elementor-button-link elementor-size-sm elementor-animation-grow\" href=\"\/index.php\/qui-sommes-nous\/\">\n\t\t\t\t\t\t<span class=\"elementor-button-content-wrapper\">\n\t\t\t\t\t\t<span class=\"elementor-button-icon\">\n\t\t\t\t<svg aria-hidden=\"true\" class=\"e-font-icon-svg e-fas-chevron-right\" viewBox=\"0 0 320 512\" xmlns=\"http:\/\/www.w3.org\/2000\/svg\"><path d=\"M285.476 272.971L91.132 467.314c-9.373 9.373-24.569 9.373-33.941 0l-22.667-22.667c-9.357-9.357-9.375-24.522-.04-33.901L188.505 256 34.484 101.255c-9.335-9.379-9.317-24.544.04-33.901l22.667-22.667c9.373-9.373 24.569-9.373 33.941 0L285.475 239.03c9.373 9.372 9.373 24.568.001 33.941z\"><\/path><\/svg>\t\t\t<\/span>\n\t\t\t\t\t\t\t\t\t<span class=\"elementor-button-text\">continuer en fran\u00e7ais<\/span>\n\t\t\t\t\t<\/span>\n\t\t\t\t\t<\/a>\n\t\t\t\t<\/div>\n\t\t\t\t\t\t\t\t<\/div>\n\t\t\t\t<\/div>\n\t\t\t\t<div class=\"elementor-element elementor-element-2ef999e elementor-widget elementor-widget-button\" data-id=\"2ef999e\" data-element_type=\"widget\" data-widget_type=\"button.default\">\n\t\t\t\t<div class=\"elementor-widget-container\">\n\t\t\t\t\t\t\t\t\t<div class=\"elementor-button-wrapper\">\n\t\t\t\t\t<a class=\"elementor-button elementor-button-link elementor-size-sm elementor-animation-grow\" href=\"\/index.php\/en\/who-are-we\/\">\n\t\t\t\t\t\t<span class=\"elementor-button-content-wrapper\">\n\t\t\t\t\t\t<span class=\"elementor-button-icon\">\n\t\t\t\t<svg aria-hidden=\"true\" class=\"e-font-icon-svg e-fas-chevron-right\" viewBox=\"0 0 320 512\" xmlns=\"http:\/\/www.w3.org\/2000\/svg\"><path d=\"M285.476 272.971L91.132 467.314c-9.373 9.373-24.569 9.373-33.941 0l-22.667-22.667c-9.357-9.357-9.375-24.522-.04-33.901L188.505 256 34.484 101.255c-9.335-9.379-9.317-24.544.04-33.901l22.667-22.667c9.373-9.373 24.569-9.373 33.941 0L285.475 239.03c9.373 9.372 9.373 24.568.001 33.941z\"><\/path><\/svg>\t\t\t<\/span>\n\t\t\t\t\t\t\t\t\t<span class=\"elementor-button-text\">Continue in English<\/span>\n\t\t\t\t\t<\/span>\n\t\t\t\t\t<\/a>\n\t\t\t\t<\/div>\n\t\t\t\t\t\t\t\t<\/div>\n\t\t\t\t<\/div>\n\t\t\t\t<\/div>\n\t\t\t\t<\/div>\n\t\t\t\t\t<\/div>\n\t\t\t\t<\/div>\n\t\t\t\t<\/div>\n\t\t","protected":false},"excerpt":{"rendered":"<p>Votre bien-\u00eatre, notre priorit\u00e9 Your well-being, our priority continuer en fran\u00e7ais Continue in English<\/p>\n","protected":false},"author":1,"featured_media":0,"parent":0,"menu_order":0,"comment_status":"closed","ping_status":"closed","template":"elementor_canvas","meta":{"footnotes":""},"class_list":["post-19","page","type-page","status-publish","hentry"],"yoast_head":"<!-- This site is optimized with the Yoast SEO plugin v24.8.1 - https:\/\/yoast.com\/wordpress\/plugins\/seo\/ -->\n<title>Portail - ACMS<\/title>\n<meta name=\"robots\" content=\"index, follow, max-snippet:-1, max-image-preview:large, max-video-preview:-1\" \/>\n<link rel=\"canonical\" href=\"https:\/\/romantic-albattani.15-237-64-242.plesk.page\/\" \/>\n<meta property=\"og:locale\" content=\"fr_FR\" \/>\n<meta property=\"og:type\" content=\"article\" \/>\n<meta property=\"og:title\" content=\"Portail - ACMS\" \/>\n<meta property=\"og:description\" content=\"Votre bien-\u00eatre, notre priorit\u00e9 Your well-being, our priority continuer en fran\u00e7ais Continue in English\" \/>\n<meta property=\"og:url\" content=\"https:\/\/romantic-albattani.15-237-64-242.plesk.page\/\" \/>\n<meta property=\"og:site_name\" content=\"ACMS\" \/>\n<meta property=\"article:publisher\" content=\"https:\/\/web.facebook.com\/Associationcamerounaisepourlemarketingsocial\/?_rdc=1&amp;_rdr#\" \/>\n<meta property=\"article:modified_time\" content=\"2025-04-29T03:49:38+00:00\" \/>\n<meta name=\"twitter:card\" content=\"summary_large_image\" \/>\n<meta name=\"twitter:label1\" content=\"Dur\u00e9e de lecture estim\u00e9e\" \/>\n\t<meta name=\"twitter:data1\" content=\"1 minute\" \/>\n<script type=\"application\/ld+json\" class=\"yoast-schema-graph\">{\"@context\":\"https:\/\/schema.org\",\"@graph\":[{\"@type\":\"WebPage\",\"@id\":\"https:\/\/romantic-albattani.15-237-64-242.plesk.page\/\",\"url\":\"https:\/\/romantic-albattani.15-237-64-242.plesk.page\/\",\"name\":\"Portail - ACMS\",\"isPartOf\":{\"@id\":\"https:\/\/romantic-albattani.15-237-64-242.plesk.page\/#website\"},\"datePublished\":\"2025-04-12T17:25:38+00:00\",\"dateModified\":\"2025-04-29T03:49:38+00:00\",\"breadcrumb\":{\"@id\":\"https:\/\/romantic-albattani.15-237-64-242.plesk.page\/#breadcrumb\"},\"inLanguage\":\"fr-FR\",\"potentialAction\":[{\"@type\":\"ReadAction\",\"target\":[\"https:\/\/romantic-albattani.15-237-64-242.plesk.page\/\"]}]},{\"@type\":\"BreadcrumbList\",\"@id\":\"https:\/\/romantic-albattani.15-237-64-242.plesk.page\/#breadcrumb\",\"itemListElement\":[{\"@type\":\"ListItem\",\"position\":1,\"name\":\"Accueil\",\"item\":\"https:\/\/romantic-albattani.15-237-64-242.plesk.page\/\"},{\"@type\":\"ListItem\",\"position\":2,\"name\":\"Portail\"}]},{\"@type\":\"WebSite\",\"@id\":\"https:\/\/romantic-albattani.15-237-64-242.plesk.page\/#website\",\"url\":\"https:\/\/romantic-albattani.15-237-64-242.plesk.page\/\",\"name\":\"ACMS\",\"description\":\"\",\"publisher\":{\"@id\":\"https:\/\/romantic-albattani.15-237-64-242.plesk.page\/#organization\"},\"potentialAction\":[{\"@type\":\"SearchAction\",\"target\":{\"@type\":\"EntryPoint\",\"urlTemplate\":\"https:\/\/romantic-albattani.15-237-64-242.plesk.page\/?s={search_term_string}\"},\"query-input\":{\"@type\":\"PropertyValueSpecification\",\"valueRequired\":true,\"valueName\":\"search_term_string\"}}],\"inLanguage\":\"fr-FR\"},{\"@type\":\"Organization\",\"@id\":\"https:\/\/romantic-albattani.15-237-64-242.plesk.page\/#organization\",\"name\":\"ACMS\",\"url\":\"https:\/\/romantic-albattani.15-237-64-242.plesk.page\/\",\"logo\":{\"@type\":\"ImageObject\",\"inLanguage\":\"fr-FR\",\"@id\":\"https:\/\/romantic-albattani.15-237-64-242.plesk.page\/#\/schema\/logo\/image\/\",\"url\":\"https:\/\/romantic-albattani.15-237-64-242.plesk.page\/wp-content\/uploads\/2025\/04\/Logo-big.png\",\"contentUrl\":\"https:\/\/romantic-albattani.15-237-64-242.plesk.page\/wp-content\/uploads\/2025\/04\/Logo-big.png\",\"width\":487,\"height\":315,\"caption\":\"ACMS\"},\"image\":{\"@id\":\"https:\/\/romantic-albattani.15-237-64-242.plesk.page\/#\/schema\/logo\/image\/\"},\"sameAs\":[\"https:\/\/web.facebook.com\/Associationcamerounaisepourlemarketingsocial\/?_rdc=1&_rdr#\"]}]}<\/script>\n<!-- \/ Yoast SEO plugin. -->","yoast_head_json":{"title":"Portail - ACMS","robots":{"index":"index","follow":"follow","max-snippet":"max-snippet:-1","max-image-preview":"max-image-preview:large","max-video-preview":"max-video-preview:-1"},"canonical":"https:\/\/romantic-albattani.15-237-64-242.plesk.page\/","og_locale":"fr_FR","og_type":"article","og_title":"Portail - ACMS","og_description":"Votre bien-\u00eatre, notre priorit\u00e9 Your well-being, our priority continuer en fran\u00e7ais Continue in English","og_url":"https:\/\/romantic-albattani.15-237-64-242.plesk.page\/","og_site_name":"ACMS","article_publisher":"https:\/\/web.facebook.com\/Associationcamerounaisepourlemarketingsocial\/?_rdc=1&_rdr#","article_modified_time":"2025-04-29T03:49:38+00:00","twitter_card":"summary_large_image","twitter_misc":{"Dur\u00e9e de lecture estim\u00e9e":"1 minute"},"schema":{"@context":"https:\/\/schema.org","@graph":[{"@type":"WebPage","@id":"https:\/\/romantic-albattani.15-237-64-242.plesk.page\/","url":"https:\/\/romantic-albattani.15-237-64-242.plesk.page\/","name":"Portail - ACMS","isPartOf":{"@id":"https:\/\/romantic-albattani.15-237-64-242.plesk.page\/#website"},"datePublished":"2025-04-12T17:25:38+00:00","dateModified":"2025-04-29T03:49:38+00:00","breadcrumb":{"@id":"https:\/\/romantic-albattani.15-237-64-242.plesk.page\/#breadcrumb"},"inLanguage":"fr-FR","potentialAction":[{"@type":"ReadAction","target":["https:\/\/romantic-albattani.15-237-64-242.plesk.page\/"]}]},{"@type":"BreadcrumbList","@id":"https:\/\/romantic-albattani.15-237-64-242.plesk.page\/#breadcrumb","itemListElement":[{"@type":"ListItem","position":1,"name":"Accueil","item":"https:\/\/romantic-albattani.15-237-64-242.plesk.page\/"},{"@type":"ListItem","position":2,"name":"Portail"}]},{"@type":"WebSite","@id":"https:\/\/romantic-albattani.15-237-64-242.plesk.page\/#website","url":"https:\/\/romantic-albattani.15-237-64-242.plesk.page\/","name":"ACMS","description":"","publisher":{"@id":"https:\/\/romantic-albattani.15-237-64-242.plesk.page\/#organization"},"potentialAction":[{"@type":"SearchAction","target":{"@type":"EntryPoint","urlTemplate":"https:\/\/romantic-albattani.15-237-64-242.plesk.page\/?s={search_term_string}"},"query-input":{"@type":"PropertyValueSpecification","valueRequired":true,"valueName":"search_term_string"}}],"inLanguage":"fr-FR"},{"@type":"Organization","@id":"https:\/\/romantic-albattani.15-237-64-242.plesk.page\/#organization","name":"ACMS","url":"https:\/\/romantic-albattani.15-237-64-242.plesk.page\/","logo":{"@type":"ImageObject","inLanguage":"fr-FR","@id":"https:\/\/romantic-albattani.15-237-64-242.plesk.page\/#\/schema\/logo\/image\/","url":"https:\/\/romantic-albattani.15-237-64-242.plesk.page\/wp-content\/uploads\/2025\/04\/Logo-big.png","contentUrl":"https:\/\/romantic-albattani.15-237-64-242.plesk.page\/wp-content\/uploads\/2025\/04\/Logo-big.png","width":487,"height":315,"caption":"ACMS"},"image":{"@id":"https:\/\/romantic-albattani.15-237-64-242.plesk.page\/#\/schema\/logo\/image\/"},"sameAs":["https:\/\/web.facebook.com\/Associationcamerounaisepourlemarketingsocial\/?_rdc=1&_rdr#"]}]}},"_links":{"self":[{"href":"https:\/\/romantic-albattani.15-237-64-242.plesk.page\/index.php\/wp-json\/wp\/v2\/pages\/19","targetHints":{"allow":["GET"]}}],"collection":[{"href":"https:\/\/romantic-albattani.15-237-64-242.plesk.page\/index.php\/wp-json\/wp\/v2\/pages"}],"about":[{"href":"https:\/\/romantic-albattani.15-237-64-242.plesk.page\/index.php\/wp-json\/wp\/v2\/types\/page"}],"author":[{"embeddable":true,"href":"https:\/\/romantic-albattani.15-237-64-242.plesk.page\/index.php\/wp-json\/wp\/v2\/users\/1"}],"replies":[{"embeddable":true,"href":"https:\/\/romantic-albattani.15-237-64-242.plesk.page\/index.php\/wp-json\/wp\/v2\/comments?post=19"}],"version-history":[{"count":46,"href":"https:\/\/romantic-albattani.15-237-64-242.plesk.page\/index.php\/wp-json\/wp\/v2\/pages\/19\/revisions"}],"predecessor-version":[{"id":1596,"href":"https:\/\/romantic-albattani.15-237-64-242.plesk.page\/index.php\/wp-json\/wp\/v2\/pages\/19\/revisions\/1596"}],"wp:attachment":[{"href":"https:\/\/romantic-albattani.15-237-64-242.plesk.page\/index.php\/wp-json\/wp\/v2\/media?parent=19"}],"curies":[{"name":"wp","href":"https:\/\/api.w.org\/{rel}","templated":true}]}}