{"id":1176,"date":"2025-04-27T04:29:18","date_gmt":"2025-04-27T04:29:18","guid":{"rendered":"https:\/\/romantic-albattani.15-237-64-242.plesk.page\/?page_id=1176"},"modified":"2025-04-28T07:50:39","modified_gmt":"2025-04-28T07:50:39","slug":"actualites","status":"publish","type":"page","link":"https:\/\/romantic-albattani.15-237-64-242.plesk.page\/index.php\/actualites\/","title":{"rendered":"Actualit\u00e9s"},"content":{"rendered":"\t\t<div data-elementor-type=\"wp-page\" data-elementor-id=\"1176\" class=\"elementor elementor-1176\" data-elementor-post-type=\"page\">\n\t\t\t\t<div class=\"elementor-element elementor-element-04241d9 e-flex e-con-boxed e-con e-parent\" data-id=\"04241d9\" data-element_type=\"container\">\n\t\t\t\t\t<div class=\"e-con-inner\">\n\t\t\t\t<div class=\"elementor-element elementor-element-268455d elementor-widget elementor-widget-heading\" data-id=\"268455d\" data-element_type=\"widget\" data-widget_type=\"heading.default\">\n\t\t\t\t<div class=\"elementor-widget-container\">\n\t\t\t\t\t<h2 class=\"elementor-heading-title elementor-size-default\">Actualit\u00e9s & Mises \u00e0 jour<\/h2>\t\t\t\t<\/div>\n\t\t\t\t<\/div>\n\t\t\t\t<div class=\"elementor-element elementor-element-7fbdb0c elementor-widget elementor-widget-text-editor\" data-id=\"7fbdb0c\" data-element_type=\"widget\" data-widget_type=\"text-editor.default\">\n\t\t\t\t<div class=\"elementor-widget-container\">\n\t\t\t\t\t\t\t\t\t<p>Suivez les derni\u00e8res informations, projets, \u00e9v\u00e9nements et annonces de l\u2019ACMS \u00e0 travers le pays<\/p>\t\t\t\t\t\t\t\t<\/div>\n\t\t\t\t<\/div>\n\t\t\t\t<div class=\"elementor-element elementor-element-9ef070b elementor-grid-2 elementor-posts--thumbnail-left elementor-grid-tablet-2 elementor-grid-mobile-1 elementor-widget elementor-widget-posts\" data-id=\"9ef070b\" data-element_type=\"widget\" data-settings=\"{&quot;classic_columns&quot;:&quot;2&quot;,&quot;classic_columns_tablet&quot;:&quot;2&quot;,&quot;classic_columns_mobile&quot;:&quot;1&quot;,&quot;classic_row_gap&quot;:{&quot;unit&quot;:&quot;px&quot;,&quot;size&quot;:35,&quot;sizes&quot;:[]},&quot;classic_row_gap_tablet&quot;:{&quot;unit&quot;:&quot;px&quot;,&quot;size&quot;:&quot;&quot;,&quot;sizes&quot;:[]},&quot;classic_row_gap_mobile&quot;:{&quot;unit&quot;:&quot;px&quot;,&quot;size&quot;:&quot;&quot;,&quot;sizes&quot;:[]}}\" data-widget_type=\"posts.classic\">\n\t\t\t\t<div class=\"elementor-widget-container\">\n\t\t\t\t\t\t\t<div class=\"elementor-posts-container elementor-posts elementor-posts--skin-classic elementor-grid\">\n\t\t\t\t<article class=\"elementor-post elementor-grid-item post-229 post type-post status-publish format-standard has-post-thumbnail hentry category-actualites\">\n\t\t\t\t<a class=\"elementor-post__thumbnail__link\" href=\"https:\/\/romantic-albattani.15-237-64-242.plesk.page\/index.php\/2025\/04\/15\/nouveau-site-internet-acms\/\" tabindex=\"-1\" >\n\t\t\t<div class=\"elementor-post__thumbnail\"><img fetchpriority=\"high\" decoding=\"async\" width=\"480\" height=\"300\" src=\"https:\/\/romantic-albattani.15-237-64-242.plesk.page\/wp-content\/uploads\/2025\/04\/article-3.jpg\" class=\"attachment-full size-full wp-image-220\" alt=\"\" srcset=\"https:\/\/romantic-albattani.15-237-64-242.plesk.page\/wp-content\/uploads\/2025\/04\/article-3.jpg 480w, https:\/\/romantic-albattani.15-237-64-242.plesk.page\/wp-content\/uploads\/2025\/04\/article-3-300x188.jpg 300w\" sizes=\"(max-width: 480px) 100vw, 480px\" \/><\/div>\n\t\t<\/a>\n\t\t\t\t<div class=\"elementor-post__text\">\n\t\t\t\t<h3 class=\"elementor-post__title\">\n\t\t\t<a href=\"https:\/\/romantic-albattani.15-237-64-242.plesk.page\/index.php\/2025\/04\/15\/nouveau-site-internet-acms\/\" >\n\t\t\t\tNouveau site internet ACMS\t\t\t<\/a>\n\t\t<\/h3>\n\t\t\t\t<div class=\"elementor-post__meta-data\">\n\t\t\t\t\t<span class=\"elementor-post-date\">\n\t\t\tavril 15, 2025\t\t<\/span>\n\t\t\t\t<span class=\"elementor-post-avatar\">\n\t\t\tAucun commentaire\t\t<\/span>\n\t\t\t\t<\/div>\n\t\t\t\t<div class=\"elementor-post__excerpt\">\n\t\t\t<p>Takimata aliquyam et takimata possim lorem adipiscing sanctus labore. Eos sea erat est labore stet et amet. Magna quod nostrud<\/p>\n\t\t<\/div>\n\t\t\n\t\t<a class=\"elementor-post__read-more\" href=\"https:\/\/romantic-albattani.15-237-64-242.plesk.page\/index.php\/2025\/04\/15\/nouveau-site-internet-acms\/\" aria-label=\"Read more about Nouveau site internet ACMS\" tabindex=\"-1\" >\n\t\t\tRead More \u00bb\t\t<\/a>\n\n\t\t\t\t<\/div>\n\t\t\t\t<\/article>\n\t\t\t\t<article class=\"elementor-post elementor-grid-item post-227 post type-post status-publish format-standard has-post-thumbnail hentry category-actualites\">\n\t\t\t\t<a class=\"elementor-post__thumbnail__link\" href=\"https:\/\/romantic-albattani.15-237-64-242.plesk.page\/index.php\/2025\/04\/15\/lancement-dun-nouveau-projet-de-sante-communautaire\/\" tabindex=\"-1\" >\n\t\t\t<div class=\"elementor-post__thumbnail\"><img decoding=\"async\" width=\"480\" height=\"300\" src=\"https:\/\/romantic-albattani.15-237-64-242.plesk.page\/wp-content\/uploads\/2025\/04\/article-2.jpg\" class=\"attachment-full size-full wp-image-219\" alt=\"\" srcset=\"https:\/\/romantic-albattani.15-237-64-242.plesk.page\/wp-content\/uploads\/2025\/04\/article-2.jpg 480w, https:\/\/romantic-albattani.15-237-64-242.plesk.page\/wp-content\/uploads\/2025\/04\/article-2-300x188.jpg 300w\" sizes=\"(max-width: 480px) 100vw, 480px\" \/><\/div>\n\t\t<\/a>\n\t\t\t\t<div class=\"elementor-post__text\">\n\t\t\t\t<h3 class=\"elementor-post__title\">\n\t\t\t<a href=\"https:\/\/romantic-albattani.15-237-64-242.plesk.page\/index.php\/2025\/04\/15\/lancement-dun-nouveau-projet-de-sante-communautaire\/\" >\n\t\t\t\tLancement d&rsquo;un nouveau projet de sante communautaire\t\t\t<\/a>\n\t\t<\/h3>\n\t\t\t\t<div class=\"elementor-post__meta-data\">\n\t\t\t\t\t<span class=\"elementor-post-date\">\n\t\t\tavril 15, 2025\t\t<\/span>\n\t\t\t\t<span class=\"elementor-post-avatar\">\n\t\t\tAucun commentaire\t\t<\/span>\n\t\t\t\t<\/div>\n\t\t\t\t<div class=\"elementor-post__excerpt\">\n\t\t\t<p>Eos vero dolore sanctus erat aliquyam magna. Iusto dolore sed consequat no stet voluptua voluptua veniam eirmod est. Duo erat<\/p>\n\t\t<\/div>\n\t\t\n\t\t<a class=\"elementor-post__read-more\" href=\"https:\/\/romantic-albattani.15-237-64-242.plesk.page\/index.php\/2025\/04\/15\/lancement-dun-nouveau-projet-de-sante-communautaire\/\" aria-label=\"Read more about Lancement d&rsquo;un nouveau projet de sante communautaire\" tabindex=\"-1\" >\n\t\t\tRead More \u00bb\t\t<\/a>\n\n\t\t\t\t<\/div>\n\t\t\t\t<\/article>\n\t\t\t\t<article class=\"elementor-post elementor-grid-item post-217 post type-post status-publish format-standard has-post-thumbnail hentry category-actualites\">\n\t\t\t\t<a class=\"elementor-post__thumbnail__link\" href=\"https:\/\/romantic-albattani.15-237-64-242.plesk.page\/index.php\/2025\/04\/15\/lancement-dun-nouveau-projet-de-sante-reproductive\/\" tabindex=\"-1\" >\n\t\t\t<div class=\"elementor-post__thumbnail\"><img fetchpriority=\"high\" decoding=\"async\" width=\"480\" height=\"300\" src=\"https:\/\/romantic-albattani.15-237-64-242.plesk.page\/wp-content\/uploads\/2025\/04\/article-3.jpg\" class=\"attachment-full size-full wp-image-220\" alt=\"\" srcset=\"https:\/\/romantic-albattani.15-237-64-242.plesk.page\/wp-content\/uploads\/2025\/04\/article-3.jpg 480w, https:\/\/romantic-albattani.15-237-64-242.plesk.page\/wp-content\/uploads\/2025\/04\/article-3-300x188.jpg 300w\" sizes=\"(max-width: 480px) 100vw, 480px\" \/><\/div>\n\t\t<\/a>\n\t\t\t\t<div class=\"elementor-post__text\">\n\t\t\t\t<h3 class=\"elementor-post__title\">\n\t\t\t<a href=\"https:\/\/romantic-albattani.15-237-64-242.plesk.page\/index.php\/2025\/04\/15\/lancement-dun-nouveau-projet-de-sante-reproductive\/\" >\n\t\t\t\tLancement d&rsquo;un nouveau projet de sant\u00e9 reproductive\t\t\t<\/a>\n\t\t<\/h3>\n\t\t\t\t<div class=\"elementor-post__meta-data\">\n\t\t\t\t\t<span class=\"elementor-post-date\">\n\t\t\tavril 15, 2025\t\t<\/span>\n\t\t\t\t<span class=\"elementor-post-avatar\">\n\t\t\tAucun commentaire\t\t<\/span>\n\t\t\t\t<\/div>\n\t\t\t\t<div class=\"elementor-post__excerpt\">\n\t\t\t<p>Consectetuer nam lorem sadipscing et elitr tempor tempor sadipscing vulputate clita erat hendrerit eos dolores erat odio dolores. Exerci diam<\/p>\n\t\t<\/div>\n\t\t\n\t\t<a class=\"elementor-post__read-more\" href=\"https:\/\/romantic-albattani.15-237-64-242.plesk.page\/index.php\/2025\/04\/15\/lancement-dun-nouveau-projet-de-sante-reproductive\/\" aria-label=\"Read more about Lancement d&rsquo;un nouveau projet de sant\u00e9 reproductive\" tabindex=\"-1\" >\n\t\t\tRead More \u00bb\t\t<\/a>\n\n\t\t\t\t<\/div>\n\t\t\t\t<\/article>\n\t\t\t\t<\/div>\n\t\t\n\t\t\t\t\t\t<\/div>\n\t\t\t\t<\/div>\n\t\t\t\t\t<\/div>\n\t\t\t\t<\/div>\n\t\t<div class=\"elementor-element elementor-element-1ffa1b2a e-flex e-con-boxed e-con e-parent\" data-id=\"1ffa1b2a\" data-element_type=\"container\" data-settings=\"{&quot;background_background&quot;:&quot;classic&quot;}\">\n\t\t\t\t\t<div class=\"e-con-inner\">\n\t\t\t\t<div class=\"elementor-element elementor-element-755665c7 elementor-widget elementor-widget-heading\" data-id=\"755665c7\" data-element_type=\"widget\" data-widget_type=\"heading.default\">\n\t\t\t\t<div class=\"elementor-widget-container\">\n\t\t\t\t\t<h2 class=\"elementor-heading-title elementor-size-default\">Restez inform\u00e9 avec notre newsletter<\/h2>\t\t\t\t<\/div>\n\t\t\t\t<\/div>\n\t\t\t\t<div class=\"elementor-element elementor-element-4a2382d9 elementor-widget elementor-widget-text-editor\" data-id=\"4a2382d9\" data-element_type=\"widget\" data-widget_type=\"text-editor.default\">\n\t\t\t\t<div class=\"elementor-widget-container\">\n\t\t\t\t\t\t\t\t\t<p>Inscrivez-vous pour recevoir les derni\u00e8res nouvelles et mises \u00e0 jour de l&rsquo;ACMS directement dans votre bo\u00eete mail<\/p>\t\t\t\t\t\t\t\t<\/div>\n\t\t\t\t<\/div>\n\t\t\t\t<div class=\"elementor-element elementor-element-21fb9f82 elementor-widget elementor-widget-html\" data-id=\"21fb9f82\" data-element_type=\"widget\" data-widget_type=\"html.default\">\n\t\t\t\t<div class=\"elementor-widget-container\">\n\t\t\t\t\t<div class=\"tnp tnp-subscription \">\r\n<form method=\"post\" action=\"https:\/\/romantic-albattani.15-237-64-242.plesk.page\/wp-admin\/admin-ajax.php?action=tnp&na=s\">\r\n<input type=\"hidden\" name=\"nlang\" value=\"\">\r\n<div class=\"tnp-field tnp-field-email\"><label for=\"tnp-1\">E-mail<\/label>\r\n<input class=\"tnp-email\" type=\"email\" name=\"ne\" id=\"tnp-1\" value=\"\" placeholder=\"\" required><\/div>\r\n<div class=\"tnp-field tnp-privacy-field\"><label><input type=\"checkbox\" name=\"ny\" required class=\"tnp-privacy\"> I accept the privacy policy<\/label><\/div><div class=\"tnp-field tnp-field-button\" style=\"text-align: left\"><input class=\"tnp-submit\" type=\"submit\" value=\"S'abonner\" style=\"\">\r\n<\/div>\r\n<\/form>\r\n<\/div>\t\t\t\t<\/div>\n\t\t\t\t<\/div>\n\t\t\t\t\t<\/div>\n\t\t\t\t<\/div>\n\t\t\t\t<\/div>\n\t\t","protected":false},"excerpt":{"rendered":"<p>Actualit\u00e9s &#038; Mises \u00e0 jour Suivez les derni\u00e8res informations, projets, \u00e9v\u00e9nements et annonces de l\u2019ACMS \u00e0 travers le pays Restez inform\u00e9 avec notre newsletter Inscrivez-vous pour recevoir les derni\u00e8res nouvelles et mises \u00e0 jour de l&rsquo;ACMS directement dans votre bo\u00eete mail E-mail I accept the privacy policy<\/p>\n","protected":false},"author":1,"featured_media":0,"parent":0,"menu_order":0,"comment_status":"closed","ping_status":"closed","template":"","meta":{"footnotes":""},"class_list":["post-1176","page","type-page","status-publish","hentry"],"yoast_head":"<!-- This site is optimized with the Yoast SEO plugin v24.8.1 - https:\/\/yoast.com\/wordpress\/plugins\/seo\/ -->\n<title>Actualit\u00e9s - ACMS<\/title>\n<meta name=\"robots\" content=\"index, follow, max-snippet:-1, max-image-preview:large, max-video-preview:-1\" \/>\n<link rel=\"canonical\" href=\"https:\/\/romantic-albattani.15-237-64-242.plesk.page\/index.php\/actualites\/\" \/>\n<meta property=\"og:locale\" content=\"fr_FR\" \/>\n<meta property=\"og:type\" content=\"article\" \/>\n<meta property=\"og:title\" content=\"Actualit\u00e9s - ACMS\" \/>\n<meta property=\"og:description\" content=\"Actualit\u00e9s &#038; Mises \u00e0 jour Suivez les derni\u00e8res informations, projets, \u00e9v\u00e9nements et annonces de l\u2019ACMS \u00e0 travers le pays Restez inform\u00e9 avec notre newsletter Inscrivez-vous pour recevoir les derni\u00e8res nouvelles et mises \u00e0 jour de l&rsquo;ACMS directement dans votre bo\u00eete mail E-mail I accept the privacy policy\" \/>\n<meta property=\"og:url\" content=\"https:\/\/romantic-albattani.15-237-64-242.plesk.page\/index.php\/actualites\/\" \/>\n<meta property=\"og:site_name\" content=\"ACMS\" \/>\n<meta property=\"article:publisher\" content=\"https:\/\/web.facebook.com\/Associationcamerounaisepourlemarketingsocial\/?_rdc=1&amp;_rdr#\" \/>\n<meta property=\"article:modified_time\" content=\"2025-04-28T07:50:39+00:00\" \/>\n<meta name=\"twitter:card\" content=\"summary_large_image\" \/>\n<meta name=\"twitter:label1\" content=\"Dur\u00e9e de lecture estim\u00e9e\" \/>\n\t<meta name=\"twitter:data1\" content=\"3 minutes\" \/>\n<script type=\"application\/ld+json\" class=\"yoast-schema-graph\">{\"@context\":\"https:\/\/schema.org\",\"@graph\":[{\"@type\":\"WebPage\",\"@id\":\"https:\/\/romantic-albattani.15-237-64-242.plesk.page\/index.php\/actualites\/\",\"url\":\"https:\/\/romantic-albattani.15-237-64-242.plesk.page\/index.php\/actualites\/\",\"name\":\"Actualit\u00e9s - ACMS\",\"isPartOf\":{\"@id\":\"https:\/\/romantic-albattani.15-237-64-242.plesk.page\/#website\"},\"datePublished\":\"2025-04-27T04:29:18+00:00\",\"dateModified\":\"2025-04-28T07:50:39+00:00\",\"breadcrumb\":{\"@id\":\"https:\/\/romantic-albattani.15-237-64-242.plesk.page\/index.php\/actualites\/#breadcrumb\"},\"inLanguage\":\"fr-FR\",\"potentialAction\":[{\"@type\":\"ReadAction\",\"target\":[\"https:\/\/romantic-albattani.15-237-64-242.plesk.page\/index.php\/actualites\/\"]}]},{\"@type\":\"BreadcrumbList\",\"@id\":\"https:\/\/romantic-albattani.15-237-64-242.plesk.page\/index.php\/actualites\/#breadcrumb\",\"itemListElement\":[{\"@type\":\"ListItem\",\"position\":1,\"name\":\"Accueil\",\"item\":\"https:\/\/romantic-albattani.15-237-64-242.plesk.page\/\"},{\"@type\":\"ListItem\",\"position\":2,\"name\":\"Actualit\u00e9s\"}]},{\"@type\":\"WebSite\",\"@id\":\"https:\/\/romantic-albattani.15-237-64-242.plesk.page\/#website\",\"url\":\"https:\/\/romantic-albattani.15-237-64-242.plesk.page\/\",\"name\":\"ACMS\",\"description\":\"\",\"publisher\":{\"@id\":\"https:\/\/romantic-albattani.15-237-64-242.plesk.page\/#organization\"},\"potentialAction\":[{\"@type\":\"SearchAction\",\"target\":{\"@type\":\"EntryPoint\",\"urlTemplate\":\"https:\/\/romantic-albattani.15-237-64-242.plesk.page\/?s={search_term_string}\"},\"query-input\":{\"@type\":\"PropertyValueSpecification\",\"valueRequired\":true,\"valueName\":\"search_term_string\"}}],\"inLanguage\":\"fr-FR\"},{\"@type\":\"Organization\",\"@id\":\"https:\/\/romantic-albattani.15-237-64-242.plesk.page\/#organization\",\"name\":\"ACMS\",\"url\":\"https:\/\/romantic-albattani.15-237-64-242.plesk.page\/\",\"logo\":{\"@type\":\"ImageObject\",\"inLanguage\":\"fr-FR\",\"@id\":\"https:\/\/romantic-albattani.15-237-64-242.plesk.page\/#\/schema\/logo\/image\/\",\"url\":\"https:\/\/romantic-albattani.15-237-64-242.plesk.page\/wp-content\/uploads\/2025\/04\/Logo-big.png\",\"contentUrl\":\"https:\/\/romantic-albattani.15-237-64-242.plesk.page\/wp-content\/uploads\/2025\/04\/Logo-big.png\",\"width\":487,\"height\":315,\"caption\":\"ACMS\"},\"image\":{\"@id\":\"https:\/\/romantic-albattani.15-237-64-242.plesk.page\/#\/schema\/logo\/image\/\"},\"sameAs\":[\"https:\/\/web.facebook.com\/Associationcamerounaisepourlemarketingsocial\/?_rdc=1&_rdr#\"]}]}<\/script>\n<!-- \/ Yoast SEO plugin. -->","yoast_head_json":{"title":"Actualit\u00e9s - ACMS","robots":{"index":"index","follow":"follow","max-snippet":"max-snippet:-1","max-image-preview":"max-image-preview:large","max-video-preview":"max-video-preview:-1"},"canonical":"https:\/\/romantic-albattani.15-237-64-242.plesk.page\/index.php\/actualites\/","og_locale":"fr_FR","og_type":"article","og_title":"Actualit\u00e9s - ACMS","og_description":"Actualit\u00e9s &#038; Mises \u00e0 jour Suivez les derni\u00e8res informations, projets, \u00e9v\u00e9nements et annonces de l\u2019ACMS \u00e0 travers le pays Restez inform\u00e9 avec notre newsletter Inscrivez-vous pour recevoir les derni\u00e8res nouvelles et mises \u00e0 jour de l&rsquo;ACMS directement dans votre bo\u00eete mail E-mail I accept the privacy policy","og_url":"https:\/\/romantic-albattani.15-237-64-242.plesk.page\/index.php\/actualites\/","og_site_name":"ACMS","article_publisher":"https:\/\/web.facebook.com\/Associationcamerounaisepourlemarketingsocial\/?_rdc=1&_rdr#","article_modified_time":"2025-04-28T07:50:39+00:00","twitter_card":"summary_large_image","twitter_misc":{"Dur\u00e9e de lecture estim\u00e9e":"3 minutes"},"schema":{"@context":"https:\/\/schema.org","@graph":[{"@type":"WebPage","@id":"https:\/\/romantic-albattani.15-237-64-242.plesk.page\/index.php\/actualites\/","url":"https:\/\/romantic-albattani.15-237-64-242.plesk.page\/index.php\/actualites\/","name":"Actualit\u00e9s - ACMS","isPartOf":{"@id":"https:\/\/romantic-albattani.15-237-64-242.plesk.page\/#website"},"datePublished":"2025-04-27T04:29:18+00:00","dateModified":"2025-04-28T07:50:39+00:00","breadcrumb":{"@id":"https:\/\/romantic-albattani.15-237-64-242.plesk.page\/index.php\/actualites\/#breadcrumb"},"inLanguage":"fr-FR","potentialAction":[{"@type":"ReadAction","target":["https:\/\/romantic-albattani.15-237-64-242.plesk.page\/index.php\/actualites\/"]}]},{"@type":"BreadcrumbList","@id":"https:\/\/romantic-albattani.15-237-64-242.plesk.page\/index.php\/actualites\/#breadcrumb","itemListElement":[{"@type":"ListItem","position":1,"name":"Accueil","item":"https:\/\/romantic-albattani.15-237-64-242.plesk.page\/"},{"@type":"ListItem","position":2,"name":"Actualit\u00e9s"}]},{"@type":"WebSite","@id":"https:\/\/romantic-albattani.15-237-64-242.plesk.page\/#website","url":"https:\/\/romantic-albattani.15-237-64-242.plesk.page\/","name":"ACMS","description":"","publisher":{"@id":"https:\/\/romantic-albattani.15-237-64-242.plesk.page\/#organization"},"potentialAction":[{"@type":"SearchAction","target":{"@type":"EntryPoint","urlTemplate":"https:\/\/romantic-albattani.15-237-64-242.plesk.page\/?s={search_term_string}"},"query-input":{"@type":"PropertyValueSpecification","valueRequired":true,"valueName":"search_term_string"}}],"inLanguage":"fr-FR"},{"@type":"Organization","@id":"https:\/\/romantic-albattani.15-237-64-242.plesk.page\/#organization","name":"ACMS","url":"https:\/\/romantic-albattani.15-237-64-242.plesk.page\/","logo":{"@type":"ImageObject","inLanguage":"fr-FR","@id":"https:\/\/romantic-albattani.15-237-64-242.plesk.page\/#\/schema\/logo\/image\/","url":"https:\/\/romantic-albattani.15-237-64-242.plesk.page\/wp-content\/uploads\/2025\/04\/Logo-big.png","contentUrl":"https:\/\/romantic-albattani.15-237-64-242.plesk.page\/wp-content\/uploads\/2025\/04\/Logo-big.png","width":487,"height":315,"caption":"ACMS"},"image":{"@id":"https:\/\/romantic-albattani.15-237-64-242.plesk.page\/#\/schema\/logo\/image\/"},"sameAs":["https:\/\/web.facebook.com\/Associationcamerounaisepourlemarketingsocial\/?_rdc=1&_rdr#"]}]}},"_links":{"self":[{"href":"https:\/\/romantic-albattani.15-237-64-242.plesk.page\/index.php\/wp-json\/wp\/v2\/pages\/1176","targetHints":{"allow":["GET"]}}],"collection":[{"href":"https:\/\/romantic-albattani.15-237-64-242.plesk.page\/index.php\/wp-json\/wp\/v2\/pages"}],"about":[{"href":"https:\/\/romantic-albattani.15-237-64-242.plesk.page\/index.php\/wp-json\/wp\/v2\/types\/page"}],"author":[{"embeddable":true,"href":"https:\/\/romantic-albattani.15-237-64-242.plesk.page\/index.php\/wp-json\/wp\/v2\/users\/1"}],"replies":[{"embeddable":true,"href":"https:\/\/romantic-albattani.15-237-64-242.plesk.page\/index.php\/wp-json\/wp\/v2\/comments?post=1176"}],"version-history":[{"count":31,"href":"https:\/\/romantic-albattani.15-237-64-242.plesk.page\/index.php\/wp-json\/wp\/v2\/pages\/1176\/revisions"}],"predecessor-version":[{"id":1428,"href":"https:\/\/romantic-albattani.15-237-64-242.plesk.page\/index.php\/wp-json\/wp\/v2\/pages\/1176\/revisions\/1428"}],"wp:attachment":[{"href":"https:\/\/romantic-albattani.15-237-64-242.plesk.page\/index.php\/wp-json\/wp\/v2\/media?parent=1176"}],"curies":[{"name":"wp","href":"https:\/\/api.w.org\/{rel}","templated":true}]}}