{"id":103,"date":"2025-04-15T05:40:00","date_gmt":"2025-04-15T05:40:00","guid":{"rendered":"https:\/\/romantic-albattani.15-237-64-242.plesk.page\/?page_id=103"},"modified":"2025-04-21T04:17:09","modified_gmt":"2025-04-21T04:17:09","slug":"faq","status":"publish","type":"page","link":"https:\/\/romantic-albattani.15-237-64-242.plesk.page\/index.php\/soyez-implique\/faq\/","title":{"rendered":"FAQ"},"content":{"rendered":"\t\t<div data-elementor-type=\"wp-page\" data-elementor-id=\"103\" class=\"elementor elementor-103\" data-elementor-post-type=\"page\">\n\t\t\t\t<div class=\"elementor-element elementor-element-c9d4485 e-flex e-con-boxed e-con e-parent\" data-id=\"c9d4485\" data-element_type=\"container\">\n\t\t\t\t\t<div class=\"e-con-inner\">\n\t\t\t\t<div class=\"elementor-element elementor-element-a35abdf elementor-widget elementor-widget-heading\" data-id=\"a35abdf\" data-element_type=\"widget\" data-widget_type=\"heading.default\">\n\t\t\t\t<div class=\"elementor-widget-container\">\n\t\t\t\t\t<h2 class=\"elementor-heading-title elementor-size-default\">Foire aux questions<\/h2>\t\t\t\t<\/div>\n\t\t\t\t<\/div>\n\t\t\t\t<div class=\"elementor-element elementor-element-6f64920 elementor-widget elementor-widget-text-editor\" data-id=\"6f64920\" data-element_type=\"widget\" data-widget_type=\"text-editor.default\">\n\t\t\t\t<div class=\"elementor-widget-container\">\n\t\t\t\t\t\t\t\t\t<p>Retrouvez les r\u00e9ponses \u00e0 vos questions sur l\u2019ACMS et nos actions.<\/p>\t\t\t\t\t\t\t\t<\/div>\n\t\t\t\t<\/div>\n\t\t\t\t<div class=\"elementor-element elementor-element-0eb9fc3 elementor-widget elementor-widget-n-accordion\" data-id=\"0eb9fc3\" data-element_type=\"widget\" data-settings=\"{&quot;default_state&quot;:&quot;expanded&quot;,&quot;max_items_expended&quot;:&quot;one&quot;,&quot;n_accordion_animation_duration&quot;:{&quot;unit&quot;:&quot;ms&quot;,&quot;size&quot;:400,&quot;sizes&quot;:[]}}\" data-widget_type=\"nested-accordion.default\">\n\t\t\t\t<div class=\"elementor-widget-container\">\n\t\t\t\t\t\t\t<div class=\"e-n-accordion\" aria-label=\"Accordion. Open links with Enter or Space, close with Escape, and navigate with Arrow Keys\">\n\t\t\t\t\t\t<details id=\"e-n-accordion-item-1540\" class=\"e-n-accordion-item\" open>\n\t\t\t\t<summary class=\"e-n-accordion-item-title\" data-accordion-index=\"1\" tabindex=\"0\" aria-expanded=\"true\" aria-controls=\"e-n-accordion-item-1540\" >\n\t\t\t\t\t<span class='e-n-accordion-item-title-header'><div class=\"e-n-accordion-item-title-text\"> Qu\u2019est-ce que l\u2019ACMS ? <\/div><\/span>\n\t\t\t\t\t\t\t<span class='e-n-accordion-item-title-icon'>\n\t\t\t<span class='e-opened' ><svg aria-hidden=\"true\" class=\"e-font-icon-svg e-fas-minus\" viewBox=\"0 0 448 512\" xmlns=\"http:\/\/www.w3.org\/2000\/svg\"><path d=\"M416 208H32c-17.67 0-32 14.33-32 32v32c0 17.67 14.33 32 32 32h384c17.67 0 32-14.33 32-32v-32c0-17.67-14.33-32-32-32z\"><\/path><\/svg><\/span>\n\t\t\t<span class='e-closed'><svg aria-hidden=\"true\" class=\"e-font-icon-svg e-fas-plus\" viewBox=\"0 0 448 512\" xmlns=\"http:\/\/www.w3.org\/2000\/svg\"><path d=\"M416 208H272V64c0-17.67-14.33-32-32-32h-32c-17.67 0-32 14.33-32 32v144H32c-17.67 0-32 14.33-32 32v32c0 17.67 14.33 32 32 32h144v144c0 17.67 14.33 32 32 32h32c17.67 0 32-14.33 32-32V304h144c17.67 0 32-14.33 32-32v-32c0-17.67-14.33-32-32-32z\"><\/path><\/svg><\/span>\n\t\t<\/span>\n\n\t\t\t\t\t\t<\/summary>\n\t\t\t\t<div role=\"region\" aria-labelledby=\"e-n-accordion-item-1540\" class=\"elementor-element elementor-element-c332cce e-con-full e-flex e-con e-child\" data-id=\"c332cce\" data-element_type=\"container\">\n\t\t<div role=\"region\" aria-labelledby=\"e-n-accordion-item-1540\" class=\"elementor-element elementor-element-7f0d300 e-flex e-con-boxed e-con e-child\" data-id=\"7f0d300\" data-element_type=\"container\">\n\t\t\t\t\t<div class=\"e-con-inner\">\n\t\t\t\t<div class=\"elementor-element elementor-element-f99ba21 elementor-widget elementor-widget-text-editor\" data-id=\"f99ba21\" data-element_type=\"widget\" data-widget_type=\"text-editor.default\">\n\t\t\t\t<div class=\"elementor-widget-container\">\n\t\t\t\t\t\t\t\t\t<p>L\u2019Association Camerounaise pour le Marketing Social (ACMS) est une ONG qui promeut le bien-\u00eatre communautaire \u00e0 travers des solutions innovantes en sant\u00e9 (VIH, paludisme, sant\u00e9 reproductive) et en d\u00e9veloppement social.<\/p>\t\t\t\t\t\t\t\t<\/div>\n\t\t\t\t<\/div>\n\t\t\t\t\t<\/div>\n\t\t\t\t<\/div>\n\t\t\t\t<\/div>\n\t\t\t\t\t<\/details>\n\t\t\t\t\t\t<details id=\"e-n-accordion-item-1541\" class=\"e-n-accordion-item\" >\n\t\t\t\t<summary class=\"e-n-accordion-item-title\" data-accordion-index=\"2\" tabindex=\"-1\" aria-expanded=\"false\" aria-controls=\"e-n-accordion-item-1541\" >\n\t\t\t\t\t<span class='e-n-accordion-item-title-header'><div class=\"e-n-accordion-item-title-text\"> O\u00f9 se trouvent vos bureaux ? <\/div><\/span>\n\t\t\t\t\t\t\t<span class='e-n-accordion-item-title-icon'>\n\t\t\t<span class='e-opened' ><svg aria-hidden=\"true\" class=\"e-font-icon-svg e-fas-minus\" viewBox=\"0 0 448 512\" xmlns=\"http:\/\/www.w3.org\/2000\/svg\"><path d=\"M416 208H32c-17.67 0-32 14.33-32 32v32c0 17.67 14.33 32 32 32h384c17.67 0 32-14.33 32-32v-32c0-17.67-14.33-32-32-32z\"><\/path><\/svg><\/span>\n\t\t\t<span class='e-closed'><svg aria-hidden=\"true\" class=\"e-font-icon-svg e-fas-plus\" viewBox=\"0 0 448 512\" xmlns=\"http:\/\/www.w3.org\/2000\/svg\"><path d=\"M416 208H272V64c0-17.67-14.33-32-32-32h-32c-17.67 0-32 14.33-32 32v144H32c-17.67 0-32 14.33-32 32v32c0 17.67 14.33 32 32 32h144v144c0 17.67 14.33 32 32 32h32c17.67 0 32-14.33 32-32V304h144c17.67 0 32-14.33 32-32v-32c0-17.67-14.33-32-32-32z\"><\/path><\/svg><\/span>\n\t\t<\/span>\n\n\t\t\t\t\t\t<\/summary>\n\t\t\t\t<div role=\"region\" aria-labelledby=\"e-n-accordion-item-1541\" class=\"elementor-element elementor-element-d833262 e-con-full e-flex e-con e-child\" data-id=\"d833262\" data-element_type=\"container\">\n\t\t<div role=\"region\" aria-labelledby=\"e-n-accordion-item-1541\" class=\"elementor-element elementor-element-ce50e49 e-flex e-con-boxed e-con e-child\" data-id=\"ce50e49\" data-element_type=\"container\">\n\t\t\t\t\t<div class=\"e-con-inner\">\n\t\t\t\t<div class=\"elementor-element elementor-element-2200542 elementor-widget elementor-widget-text-editor\" data-id=\"2200542\" data-element_type=\"widget\" data-widget_type=\"text-editor.default\">\n\t\t\t\t<div class=\"elementor-widget-container\">\n\t\t\t\t\t\t\t\t\t<p>Notre si\u00e8ge est situ\u00e9 \u00e0 Yaound\u00e9. Nous disposons \u00e9galement de bureaux \u00e0 Douala, Garoua, Maroua, Bertoua et Ngaound\u00e9r\u00e9. Consultez la page Nos bureaux pour plus de d\u00e9tails.<\/p>\t\t\t\t\t\t\t\t<\/div>\n\t\t\t\t<\/div>\n\t\t\t\t\t<\/div>\n\t\t\t\t<\/div>\n\t\t\t\t<\/div>\n\t\t\t\t\t<\/details>\n\t\t\t\t\t\t<details id=\"e-n-accordion-item-1542\" class=\"e-n-accordion-item\" >\n\t\t\t\t<summary class=\"e-n-accordion-item-title\" data-accordion-index=\"3\" tabindex=\"-1\" aria-expanded=\"false\" aria-controls=\"e-n-accordion-item-1542\" >\n\t\t\t\t\t<span class='e-n-accordion-item-title-header'><div class=\"e-n-accordion-item-title-text\"> Quels sont les domaines d\u2019intervention de l\u2019ACMS ? <\/div><\/span>\n\t\t\t\t\t\t\t<span class='e-n-accordion-item-title-icon'>\n\t\t\t<span class='e-opened' ><svg aria-hidden=\"true\" class=\"e-font-icon-svg e-fas-minus\" viewBox=\"0 0 448 512\" xmlns=\"http:\/\/www.w3.org\/2000\/svg\"><path d=\"M416 208H32c-17.67 0-32 14.33-32 32v32c0 17.67 14.33 32 32 32h384c17.67 0 32-14.33 32-32v-32c0-17.67-14.33-32-32-32z\"><\/path><\/svg><\/span>\n\t\t\t<span class='e-closed'><svg aria-hidden=\"true\" class=\"e-font-icon-svg e-fas-plus\" viewBox=\"0 0 448 512\" xmlns=\"http:\/\/www.w3.org\/2000\/svg\"><path d=\"M416 208H272V64c0-17.67-14.33-32-32-32h-32c-17.67 0-32 14.33-32 32v144H32c-17.67 0-32 14.33-32 32v32c0 17.67 14.33 32 32 32h144v144c0 17.67 14.33 32 32 32h32c17.67 0 32-14.33 32-32V304h144c17.67 0 32-14.33 32-32v-32c0-17.67-14.33-32-32-32z\"><\/path><\/svg><\/span>\n\t\t<\/span>\n\n\t\t\t\t\t\t<\/summary>\n\t\t\t\t<div role=\"region\" aria-labelledby=\"e-n-accordion-item-1542\" class=\"elementor-element elementor-element-ae78c96 e-con-full e-flex e-con e-child\" data-id=\"ae78c96\" data-element_type=\"container\">\n\t\t<div role=\"region\" aria-labelledby=\"e-n-accordion-item-1542\" class=\"elementor-element elementor-element-feb0d62 e-flex e-con-boxed e-con e-child\" data-id=\"feb0d62\" data-element_type=\"container\">\n\t\t\t\t\t<div class=\"e-con-inner\">\n\t\t\t\t<div class=\"elementor-element elementor-element-5bb1750 elementor-widget elementor-widget-text-editor\" data-id=\"5bb1750\" data-element_type=\"widget\" data-widget_type=\"text-editor.default\">\n\t\t\t\t<div class=\"elementor-widget-container\">\n\t\t\t\t\t\t\t\t\t<p>Nous travaillons principalement dans les domaines suivants :<\/p><ul><li>Sant\u00e9 de la femme<\/li><li>VIH \/ Tuberculose<\/li><li>Paludisme<\/li><li>Eau, hygi\u00e8ne et assainissement<\/li><li>Sant\u00e9 communautaire et digitale<\/li><\/ul>\t\t\t\t\t\t\t\t<\/div>\n\t\t\t\t<\/div>\n\t\t\t\t\t<\/div>\n\t\t\t\t<\/div>\n\t\t\t\t<\/div>\n\t\t\t\t\t<\/details>\n\t\t\t\t\t\t<details id=\"e-n-accordion-item-1543\" class=\"e-n-accordion-item\" >\n\t\t\t\t<summary class=\"e-n-accordion-item-title\" data-accordion-index=\"4\" tabindex=\"-1\" aria-expanded=\"false\" aria-controls=\"e-n-accordion-item-1543\" >\n\t\t\t\t\t<span class='e-n-accordion-item-title-header'><div class=\"e-n-accordion-item-title-text\"> Puis-je postuler \u00e0 un emploi \u00e0 l\u2019ACMS ? <\/div><\/span>\n\t\t\t\t\t\t\t<span class='e-n-accordion-item-title-icon'>\n\t\t\t<span class='e-opened' ><svg aria-hidden=\"true\" class=\"e-font-icon-svg e-fas-minus\" viewBox=\"0 0 448 512\" xmlns=\"http:\/\/www.w3.org\/2000\/svg\"><path d=\"M416 208H32c-17.67 0-32 14.33-32 32v32c0 17.67 14.33 32 32 32h384c17.67 0 32-14.33 32-32v-32c0-17.67-14.33-32-32-32z\"><\/path><\/svg><\/span>\n\t\t\t<span class='e-closed'><svg aria-hidden=\"true\" class=\"e-font-icon-svg e-fas-plus\" viewBox=\"0 0 448 512\" xmlns=\"http:\/\/www.w3.org\/2000\/svg\"><path d=\"M416 208H272V64c0-17.67-14.33-32-32-32h-32c-17.67 0-32 14.33-32 32v144H32c-17.67 0-32 14.33-32 32v32c0 17.67 14.33 32 32 32h144v144c0 17.67 14.33 32 32 32h32c17.67 0 32-14.33 32-32V304h144c17.67 0 32-14.33 32-32v-32c0-17.67-14.33-32-32-32z\"><\/path><\/svg><\/span>\n\t\t<\/span>\n\n\t\t\t\t\t\t<\/summary>\n\t\t\t\t<div role=\"region\" aria-labelledby=\"e-n-accordion-item-1543\" class=\"elementor-element elementor-element-e2531d8 e-flex e-con-boxed e-con e-child\" data-id=\"e2531d8\" data-element_type=\"container\">\n\t\t\t\t\t<div class=\"e-con-inner\">\n\t\t<div role=\"region\" aria-labelledby=\"e-n-accordion-item-1543\" class=\"elementor-element elementor-element-7da339b e-con-full e-flex e-con e-child\" data-id=\"7da339b\" data-element_type=\"container\">\n\t\t\t\t<div class=\"elementor-element elementor-element-fc3f43b elementor-widget elementor-widget-text-editor\" data-id=\"fc3f43b\" data-element_type=\"widget\" data-widget_type=\"text-editor.default\">\n\t\t\t\t<div class=\"elementor-widget-container\">\n\t\t\t\t\t\t\t\t\t<p>Oui. Consultez la page Nos offres d&#8217;emploi pour d\u00e9couvrir les opportunit\u00e9s actuelles et les modalit\u00e9s de candidature.<\/p>\t\t\t\t\t\t\t\t<\/div>\n\t\t\t\t<\/div>\n\t\t\t\t<\/div>\n\t\t\t\t\t<\/div>\n\t\t\t\t<\/div>\n\t\t\t\t\t<\/details>\n\t\t\t\t\t\t<details id=\"e-n-accordion-item-1544\" class=\"e-n-accordion-item\" >\n\t\t\t\t<summary class=\"e-n-accordion-item-title\" data-accordion-index=\"5\" tabindex=\"-1\" aria-expanded=\"false\" aria-controls=\"e-n-accordion-item-1544\" >\n\t\t\t\t\t<span class='e-n-accordion-item-title-header'><div class=\"e-n-accordion-item-title-text\"> Comment devenir partenaire ou bailleur de l\u2019ACMS ? <\/div><\/span>\n\t\t\t\t\t\t\t<span class='e-n-accordion-item-title-icon'>\n\t\t\t<span class='e-opened' ><svg aria-hidden=\"true\" class=\"e-font-icon-svg e-fas-minus\" viewBox=\"0 0 448 512\" xmlns=\"http:\/\/www.w3.org\/2000\/svg\"><path d=\"M416 208H32c-17.67 0-32 14.33-32 32v32c0 17.67 14.33 32 32 32h384c17.67 0 32-14.33 32-32v-32c0-17.67-14.33-32-32-32z\"><\/path><\/svg><\/span>\n\t\t\t<span class='e-closed'><svg aria-hidden=\"true\" class=\"e-font-icon-svg e-fas-plus\" viewBox=\"0 0 448 512\" xmlns=\"http:\/\/www.w3.org\/2000\/svg\"><path d=\"M416 208H272V64c0-17.67-14.33-32-32-32h-32c-17.67 0-32 14.33-32 32v144H32c-17.67 0-32 14.33-32 32v32c0 17.67 14.33 32 32 32h144v144c0 17.67 14.33 32 32 32h32c17.67 0 32-14.33 32-32V304h144c17.67 0 32-14.33 32-32v-32c0-17.67-14.33-32-32-32z\"><\/path><\/svg><\/span>\n\t\t<\/span>\n\n\t\t\t\t\t\t<\/summary>\n\t\t\t\t<div role=\"region\" aria-labelledby=\"e-n-accordion-item-1544\" class=\"elementor-element elementor-element-8f07df3 e-flex e-con-boxed e-con e-child\" data-id=\"8f07df3\" data-element_type=\"container\">\n\t\t\t\t\t<div class=\"e-con-inner\">\n\t\t<div role=\"region\" aria-labelledby=\"e-n-accordion-item-1544\" class=\"elementor-element elementor-element-499bbb9 e-con-full e-flex e-con e-child\" data-id=\"499bbb9\" data-element_type=\"container\">\n\t\t\t\t<div class=\"elementor-element elementor-element-4e6d31f elementor-widget elementor-widget-text-editor\" data-id=\"4e6d31f\" data-element_type=\"widget\" data-widget_type=\"text-editor.default\">\n\t\t\t\t<div class=\"elementor-widget-container\">\n\t\t\t\t\t\t\t\t\t<p>Envoyez une demande \u00e0\u00a0partenariats@acms-cmr.org\u00a0avec votre proposition. Nous \u00e9valuons les collaborations align\u00e9es sur notre mission.<\/p>\t\t\t\t\t\t\t\t<\/div>\n\t\t\t\t<\/div>\n\t\t\t\t<\/div>\n\t\t\t\t\t<\/div>\n\t\t\t\t<\/div>\n\t\t\t\t\t<\/details>\n\t\t\t\t\t<\/div>\n\t\t\t\t\t\t<\/div>\n\t\t\t\t<\/div>\n\t\t\t\t\t<\/div>\n\t\t\t\t<\/div>\n\t\t<div class=\"elementor-element elementor-element-82330c1 e-flex e-con-boxed e-con e-parent\" data-id=\"82330c1\" data-element_type=\"container\">\n\t\t\t\t\t<div class=\"e-con-inner\">\n\t\t\t\t<div class=\"elementor-element elementor-element-835ca2e elementor-widget elementor-widget-heading\" data-id=\"835ca2e\" data-element_type=\"widget\" data-widget_type=\"heading.default\">\n\t\t\t\t<div class=\"elementor-widget-container\">\n\t\t\t\t\t<h2 class=\"elementor-heading-title elementor-size-default\">Vous avez encore des questions ?<\/h2>\t\t\t\t<\/div>\n\t\t\t\t<\/div>\n\t\t\t\t<div class=\"elementor-element elementor-element-2a91b25 elementor-widget elementor-widget-text-editor\" data-id=\"2a91b25\" data-element_type=\"widget\" data-widget_type=\"text-editor.default\">\n\t\t\t\t<div class=\"elementor-widget-container\">\n\t\t\t\t\t\t\t\t\t<p>Contactez-nous et nous vous r\u00e9pondrons dans les plus brefs d\u00e9lais.<\/p>\t\t\t\t\t\t\t\t<\/div>\n\t\t\t\t<\/div>\n\t\t\t\t<div class=\"elementor-element elementor-element-e65c349 elementor-align-center elementor-widget elementor-widget-button\" data-id=\"e65c349\" data-element_type=\"widget\" data-widget_type=\"button.default\">\n\t\t\t\t<div class=\"elementor-widget-container\">\n\t\t\t\t\t\t\t\t\t<div class=\"elementor-button-wrapper\">\n\t\t\t\t\t<a class=\"elementor-button elementor-button-link elementor-size-sm\" href=\"https:\/\/romantic-albattani.15-237-64-242.plesk.page\/index.php\/soyez-implique\/nous-contacter\/\">\n\t\t\t\t\t\t<span class=\"elementor-button-content-wrapper\">\n\t\t\t\t\t\t\t\t\t<span class=\"elementor-button-text\">Contactez-nous<\/span>\n\t\t\t\t\t<\/span>\n\t\t\t\t\t<\/a>\n\t\t\t\t<\/div>\n\t\t\t\t\t\t\t\t<\/div>\n\t\t\t\t<\/div>\n\t\t\t\t\t<\/div>\n\t\t\t\t<\/div>\n\t\t\t\t<\/div>\n\t\t","protected":false},"excerpt":{"rendered":"<p>Foire aux questions Retrouvez les r\u00e9ponses \u00e0 vos questions sur l\u2019ACMS et nos actions. Qu\u2019est-ce que l\u2019ACMS ? L\u2019Association Camerounaise pour le Marketing Social (ACMS) est une ONG qui promeut le bien-\u00eatre communautaire \u00e0 travers des solutions innovantes en sant\u00e9 (VIH, paludisme, sant\u00e9 reproductive) et en d\u00e9veloppement social. O\u00f9 se trouvent vos bureaux ? Notre [&hellip;]<\/p>\n","protected":false},"author":1,"featured_media":0,"parent":88,"menu_order":0,"comment_status":"closed","ping_status":"closed","template":"","meta":{"footnotes":""},"class_list":["post-103","page","type-page","status-publish","hentry"],"yoast_head":"<!-- This site is optimized with the Yoast SEO plugin v24.8.1 - https:\/\/yoast.com\/wordpress\/plugins\/seo\/ -->\n<title>FAQ - ACMS<\/title>\n<meta name=\"robots\" content=\"index, follow, max-snippet:-1, max-image-preview:large, max-video-preview:-1\" \/>\n<link rel=\"canonical\" href=\"https:\/\/romantic-albattani.15-237-64-242.plesk.page\/index.php\/soyez-implique\/faq\/\" \/>\n<meta property=\"og:locale\" content=\"fr_FR\" \/>\n<meta property=\"og:type\" content=\"article\" \/>\n<meta property=\"og:title\" content=\"FAQ - ACMS\" \/>\n<meta property=\"og:description\" content=\"Foire aux questions Retrouvez les r\u00e9ponses \u00e0 vos questions sur l\u2019ACMS et nos actions. Qu\u2019est-ce que l\u2019ACMS ? L\u2019Association Camerounaise pour le Marketing Social (ACMS) est une ONG qui promeut le bien-\u00eatre communautaire \u00e0 travers des solutions innovantes en sant\u00e9 (VIH, paludisme, sant\u00e9 reproductive) et en d\u00e9veloppement social. O\u00f9 se trouvent vos bureaux ? Notre [&hellip;]\" \/>\n<meta property=\"og:url\" content=\"https:\/\/romantic-albattani.15-237-64-242.plesk.page\/index.php\/soyez-implique\/faq\/\" \/>\n<meta property=\"og:site_name\" content=\"ACMS\" \/>\n<meta property=\"article:publisher\" content=\"https:\/\/web.facebook.com\/Associationcamerounaisepourlemarketingsocial\/?_rdc=1&amp;_rdr#\" \/>\n<meta property=\"article:modified_time\" content=\"2025-04-21T04:17:09+00:00\" \/>\n<meta name=\"twitter:card\" content=\"summary_large_image\" \/>\n<meta name=\"twitter:label1\" content=\"Dur\u00e9e de lecture estim\u00e9e\" \/>\n\t<meta name=\"twitter:data1\" content=\"2 minutes\" \/>\n<script type=\"application\/ld+json\" class=\"yoast-schema-graph\">{\"@context\":\"https:\/\/schema.org\",\"@graph\":[{\"@type\":\"WebPage\",\"@id\":\"https:\/\/romantic-albattani.15-237-64-242.plesk.page\/index.php\/soyez-implique\/faq\/\",\"url\":\"https:\/\/romantic-albattani.15-237-64-242.plesk.page\/index.php\/soyez-implique\/faq\/\",\"name\":\"FAQ - ACMS\",\"isPartOf\":{\"@id\":\"https:\/\/romantic-albattani.15-237-64-242.plesk.page\/#website\"},\"datePublished\":\"2025-04-15T05:40:00+00:00\",\"dateModified\":\"2025-04-21T04:17:09+00:00\",\"breadcrumb\":{\"@id\":\"https:\/\/romantic-albattani.15-237-64-242.plesk.page\/index.php\/soyez-implique\/faq\/#breadcrumb\"},\"inLanguage\":\"fr-FR\",\"potentialAction\":[{\"@type\":\"ReadAction\",\"target\":[\"https:\/\/romantic-albattani.15-237-64-242.plesk.page\/index.php\/soyez-implique\/faq\/\"]}]},{\"@type\":\"BreadcrumbList\",\"@id\":\"https:\/\/romantic-albattani.15-237-64-242.plesk.page\/index.php\/soyez-implique\/faq\/#breadcrumb\",\"itemListElement\":[{\"@type\":\"ListItem\",\"position\":1,\"name\":\"Accueil\",\"item\":\"https:\/\/romantic-albattani.15-237-64-242.plesk.page\/\"},{\"@type\":\"ListItem\",\"position\":2,\"name\":\"Soyez impliqu\u00e9\",\"item\":\"https:\/\/romantic-albattani.15-237-64-242.plesk.page\/index.php\/soyez-implique\/\"},{\"@type\":\"ListItem\",\"position\":3,\"name\":\"FAQ\"}]},{\"@type\":\"WebSite\",\"@id\":\"https:\/\/romantic-albattani.15-237-64-242.plesk.page\/#website\",\"url\":\"https:\/\/romantic-albattani.15-237-64-242.plesk.page\/\",\"name\":\"ACMS\",\"description\":\"\",\"publisher\":{\"@id\":\"https:\/\/romantic-albattani.15-237-64-242.plesk.page\/#organization\"},\"potentialAction\":[{\"@type\":\"SearchAction\",\"target\":{\"@type\":\"EntryPoint\",\"urlTemplate\":\"https:\/\/romantic-albattani.15-237-64-242.plesk.page\/?s={search_term_string}\"},\"query-input\":{\"@type\":\"PropertyValueSpecification\",\"valueRequired\":true,\"valueName\":\"search_term_string\"}}],\"inLanguage\":\"fr-FR\"},{\"@type\":\"Organization\",\"@id\":\"https:\/\/romantic-albattani.15-237-64-242.plesk.page\/#organization\",\"name\":\"ACMS\",\"url\":\"https:\/\/romantic-albattani.15-237-64-242.plesk.page\/\",\"logo\":{\"@type\":\"ImageObject\",\"inLanguage\":\"fr-FR\",\"@id\":\"https:\/\/romantic-albattani.15-237-64-242.plesk.page\/#\/schema\/logo\/image\/\",\"url\":\"https:\/\/romantic-albattani.15-237-64-242.plesk.page\/wp-content\/uploads\/2025\/04\/Logo-big.png\",\"contentUrl\":\"https:\/\/romantic-albattani.15-237-64-242.plesk.page\/wp-content\/uploads\/2025\/04\/Logo-big.png\",\"width\":487,\"height\":315,\"caption\":\"ACMS\"},\"image\":{\"@id\":\"https:\/\/romantic-albattani.15-237-64-242.plesk.page\/#\/schema\/logo\/image\/\"},\"sameAs\":[\"https:\/\/web.facebook.com\/Associationcamerounaisepourlemarketingsocial\/?_rdc=1&_rdr#\"]}]}<\/script>\n<!-- \/ Yoast SEO plugin. -->","yoast_head_json":{"title":"FAQ - ACMS","robots":{"index":"index","follow":"follow","max-snippet":"max-snippet:-1","max-image-preview":"max-image-preview:large","max-video-preview":"max-video-preview:-1"},"canonical":"https:\/\/romantic-albattani.15-237-64-242.plesk.page\/index.php\/soyez-implique\/faq\/","og_locale":"fr_FR","og_type":"article","og_title":"FAQ - ACMS","og_description":"Foire aux questions Retrouvez les r\u00e9ponses \u00e0 vos questions sur l\u2019ACMS et nos actions. Qu\u2019est-ce que l\u2019ACMS ? L\u2019Association Camerounaise pour le Marketing Social (ACMS) est une ONG qui promeut le bien-\u00eatre communautaire \u00e0 travers des solutions innovantes en sant\u00e9 (VIH, paludisme, sant\u00e9 reproductive) et en d\u00e9veloppement social. O\u00f9 se trouvent vos bureaux ? Notre [&hellip;]","og_url":"https:\/\/romantic-albattani.15-237-64-242.plesk.page\/index.php\/soyez-implique\/faq\/","og_site_name":"ACMS","article_publisher":"https:\/\/web.facebook.com\/Associationcamerounaisepourlemarketingsocial\/?_rdc=1&_rdr#","article_modified_time":"2025-04-21T04:17:09+00:00","twitter_card":"summary_large_image","twitter_misc":{"Dur\u00e9e de lecture estim\u00e9e":"2 minutes"},"schema":{"@context":"https:\/\/schema.org","@graph":[{"@type":"WebPage","@id":"https:\/\/romantic-albattani.15-237-64-242.plesk.page\/index.php\/soyez-implique\/faq\/","url":"https:\/\/romantic-albattani.15-237-64-242.plesk.page\/index.php\/soyez-implique\/faq\/","name":"FAQ - ACMS","isPartOf":{"@id":"https:\/\/romantic-albattani.15-237-64-242.plesk.page\/#website"},"datePublished":"2025-04-15T05:40:00+00:00","dateModified":"2025-04-21T04:17:09+00:00","breadcrumb":{"@id":"https:\/\/romantic-albattani.15-237-64-242.plesk.page\/index.php\/soyez-implique\/faq\/#breadcrumb"},"inLanguage":"fr-FR","potentialAction":[{"@type":"ReadAction","target":["https:\/\/romantic-albattani.15-237-64-242.plesk.page\/index.php\/soyez-implique\/faq\/"]}]},{"@type":"BreadcrumbList","@id":"https:\/\/romantic-albattani.15-237-64-242.plesk.page\/index.php\/soyez-implique\/faq\/#breadcrumb","itemListElement":[{"@type":"ListItem","position":1,"name":"Accueil","item":"https:\/\/romantic-albattani.15-237-64-242.plesk.page\/"},{"@type":"ListItem","position":2,"name":"Soyez impliqu\u00e9","item":"https:\/\/romantic-albattani.15-237-64-242.plesk.page\/index.php\/soyez-implique\/"},{"@type":"ListItem","position":3,"name":"FAQ"}]},{"@type":"WebSite","@id":"https:\/\/romantic-albattani.15-237-64-242.plesk.page\/#website","url":"https:\/\/romantic-albattani.15-237-64-242.plesk.page\/","name":"ACMS","description":"","publisher":{"@id":"https:\/\/romantic-albattani.15-237-64-242.plesk.page\/#organization"},"potentialAction":[{"@type":"SearchAction","target":{"@type":"EntryPoint","urlTemplate":"https:\/\/romantic-albattani.15-237-64-242.plesk.page\/?s={search_term_string}"},"query-input":{"@type":"PropertyValueSpecification","valueRequired":true,"valueName":"search_term_string"}}],"inLanguage":"fr-FR"},{"@type":"Organization","@id":"https:\/\/romantic-albattani.15-237-64-242.plesk.page\/#organization","name":"ACMS","url":"https:\/\/romantic-albattani.15-237-64-242.plesk.page\/","logo":{"@type":"ImageObject","inLanguage":"fr-FR","@id":"https:\/\/romantic-albattani.15-237-64-242.plesk.page\/#\/schema\/logo\/image\/","url":"https:\/\/romantic-albattani.15-237-64-242.plesk.page\/wp-content\/uploads\/2025\/04\/Logo-big.png","contentUrl":"https:\/\/romantic-albattani.15-237-64-242.plesk.page\/wp-content\/uploads\/2025\/04\/Logo-big.png","width":487,"height":315,"caption":"ACMS"},"image":{"@id":"https:\/\/romantic-albattani.15-237-64-242.plesk.page\/#\/schema\/logo\/image\/"},"sameAs":["https:\/\/web.facebook.com\/Associationcamerounaisepourlemarketingsocial\/?_rdc=1&_rdr#"]}]}},"_links":{"self":[{"href":"https:\/\/romantic-albattani.15-237-64-242.plesk.page\/index.php\/wp-json\/wp\/v2\/pages\/103","targetHints":{"allow":["GET"]}}],"collection":[{"href":"https:\/\/romantic-albattani.15-237-64-242.plesk.page\/index.php\/wp-json\/wp\/v2\/pages"}],"about":[{"href":"https:\/\/romantic-albattani.15-237-64-242.plesk.page\/index.php\/wp-json\/wp\/v2\/types\/page"}],"author":[{"embeddable":true,"href":"https:\/\/romantic-albattani.15-237-64-242.plesk.page\/index.php\/wp-json\/wp\/v2\/users\/1"}],"replies":[{"embeddable":true,"href":"https:\/\/romantic-albattani.15-237-64-242.plesk.page\/index.php\/wp-json\/wp\/v2\/comments?post=103"}],"version-history":[{"count":16,"href":"https:\/\/romantic-albattani.15-237-64-242.plesk.page\/index.php\/wp-json\/wp\/v2\/pages\/103\/revisions"}],"predecessor-version":[{"id":901,"href":"https:\/\/romantic-albattani.15-237-64-242.plesk.page\/index.php\/wp-json\/wp\/v2\/pages\/103\/revisions\/901"}],"up":[{"embeddable":true,"href":"https:\/\/romantic-albattani.15-237-64-242.plesk.page\/index.php\/wp-json\/wp\/v2\/pages\/88"}],"wp:attachment":[{"href":"https:\/\/romantic-albattani.15-237-64-242.plesk.page\/index.php\/wp-json\/wp\/v2\/media?parent=103"}],"curies":[{"name":"wp","href":"https:\/\/api.w.org\/{rel}","templated":true}]}}